{"id":2662,"date":"2024-11-11T10:24:59","date_gmt":"2024-11-11T10:24:59","guid":{"rendered":"https:\/\/sinkwithfaucet.com\/?post_type=product&#038;p=2662"},"modified":"2024-11-11T10:24:59","modified_gmt":"2024-11-11T10:24:59","slug":"single-hole-kitchen-sink-faucet-1203","status":"publish","type":"product","link":"https:\/\/sinkwithfaucet.com\/es\/single-hole-kitchen-sink-faucet-1203\/","title":{"rendered":"Grifo para fregadero de cocina de un orificio 1203"},"content":{"rendered":"<p data-sourcepos=\"1:1-1:198\">Un grifo de fregadero de un solo orificio es una opci\u00f3n popular para las cocinas modernas debido a su dise\u00f1o elegante y minimalista. Est\u00e1 dise\u00f1ado para encajar en un \u00fanico orificio de la encimera, por lo que su instalaci\u00f3n es muy sencilla.<\/p>\n<h2 data-sourcepos=\"3:1-3:48\">Caracter\u00edsticas principales de los grifos de fregadero de cocina de un orificio:<\/h2>\n<ul data-sourcepos=\"5:1-10:0\">\n<li data-sourcepos=\"5:1-5:81\"><strong>Dise\u00f1o elegante:<\/strong> El dise\u00f1o de un solo orificio crea un aspecto limpio y contempor\u00e1neo.<\/li>\n<li data-sourcepos=\"6:1-6:66\"><strong>F\u00e1cil instalaci\u00f3n:<\/strong> F\u00e1cil de instalar, especialmente para los aficionados al bricolaje.<\/li>\n<li data-sourcepos=\"7:1-7:119\"><strong>Variedad de estilos:<\/strong> Disponible en varios estilos, de moderno a tradicional, para adaptarse a diferentes est\u00e9ticas de cocina.<\/li>\n<li data-sourcepos=\"8:1-8:111\"><strong>Durabilidad:<\/strong> Fabricado con materiales de alta calidad, como lat\u00f3n y acero inoxidable, para un rendimiento duradero.<\/li>\n<li data-sourcepos=\"9:1-10:0\"><strong>F\u00e1cil mantenimiento:<\/strong> F\u00e1cil de limpiar y mantener.<\/li>\n<\/ul>\n<h2 data-sourcepos=\"11:1-11:41\">Tipos de grifos de fregadero de cocina de un orificio:<\/h2>\n<ul data-sourcepos=\"13:1-16:0\">\n<li data-sourcepos=\"13:1-13:108\"><strong>Grifer\u00eda monomando:<\/strong> Ofrecen un control sencillo tanto de la temperatura del agua como del caudal con una sola palanca.<\/li>\n<li data-sourcepos=\"14:1-14:106\"><strong>Grifer\u00eda extra\u00edble:<\/strong> Incorpora un ca\u00f1o flexible que puede bajarse para mayor alcance y versatilidad.<\/li>\n<li data-sourcepos=\"15:1-16:0\"><strong>Grifer\u00eda sin contacto:<\/strong> Proporcionan un funcionamiento manos libres para mejorar la higiene.<\/li>\n<\/ul>\n<h2 data-sourcepos=\"17:1-17:59\">Factores a tener en cuenta al elegir un grifo monomando:<\/h2>\n<ul data-sourcepos=\"19:1-23:0\">\n<li data-sourcepos=\"19:1-19:114\"><strong>Altura del ca\u00f1o:<\/strong> Aseg\u00farese de que la altura del ca\u00f1o es adecuada para la profundidad del fregadero y el tama\u00f1o de las ollas y sartenes que utiliza.<\/li>\n<li data-sourcepos=\"20:1-20:116\"><strong>Acabado:<\/strong> Elija un acabado que complemente el estilo de su cocina, como cromo, n\u00edquel cepillado o negro mate.<\/li>\n<li data-sourcepos=\"21:1-21:78\"><strong>Presi\u00f3n del agua:<\/strong> Aseg\u00farese de que el grifo puede soportar la presi\u00f3n del agua de su casa.<\/li>\n<li data-sourcepos=\"22:1-23:0\"><strong>Instalaci\u00f3n:<\/strong> Tenga en cuenta el m\u00e9todo de instalaci\u00f3n y las conexiones de fontaner\u00eda necesarias.<\/li>\n<\/ul>\n<p data-sourcepos=\"24:1-24:147\">Si considera detenidamente estos factores, podr\u00e1 elegir un grifo de cocina de un solo orificio que mejore tanto la funcionalidad como el estilo de su cocina.<\/p>","protected":false},"excerpt":{"rendered":"<table style=\"height: 407px;\" width=\"704\">\n<tbody>\n<tr>\n<td width=\"808\">1 Dimensiones totales del grifo<\/td>\n<td width=\"1177\">380*225mm<\/td>\n<\/tr>\n<tr>\n<td width=\"808\">2 Peso neto del grifo<\/td>\n<td width=\"1177\">2kgs<\/td>\n<\/tr>\n<tr>\n<td width=\"808\">3 Grifo Con Caja Peso Bruto<\/td>\n<td width=\"1177\">2.5kgs<\/td>\n<\/tr>\n<tr>\n<td width=\"808\">4 Dimensi\u00f3n de la caja<\/td>\n<td width=\"1177\">54*32*26mm<\/td>\n<\/tr>\n<tr>\n<td width=\"808\">5 Embalaje<\/td>\n<td width=\"1177\">4PCS\/CTN;10PCS\/CTN;12PCS\/CTN<\/td>\n<\/tr>\n<tr>\n<td width=\"808\">6 Longitud de la manguera de entrada<\/td>\n<td width=\"1177\">60 mm<\/td>\n<\/tr>\n<tr>\n<td width=\"808\">7 Tama\u00f1o de la tuerca de la l\u00ednea de flotaci\u00f3n<\/td>\n<td width=\"1177\">3\/8\u2033o 1\/2\u2033o 9\/16\u2033.<\/td>\n<\/tr>\n<tr>\n<td width=\"808\">8 Tama\u00f1o del orificio de montaje<\/td>\n<td width=\"1177\">35 mm<\/td>\n<\/tr>\n<tr>\n<td width=\"808\">9 Materiales de grifer\u00eda<\/td>\n<td width=\"1177\">Acero inoxidable sin plomo Premium 304 America Standard<br \/>\nacero<\/td>\n<\/tr>\n<\/tbody>\n<\/table>","protected":false},"featured_media":2663,"template":"","meta":[],"product_brand":[],"product_cat":[57],"product_tag":[],"class_list":{"0":"post-2662","1":"product","2":"type-product","3":"status-publish","4":"has-post-thumbnail","6":"product_cat-stainless-steel-faucet","8":"first","9":"instock","10":"shipping-taxable","11":"product-type-simple"},"_links":{"self":[{"href":"https:\/\/sinkwithfaucet.com\/es\/wp-json\/wp\/v2\/product\/2662","targetHints":{"allow":["GET"]}}],"collection":[{"href":"https:\/\/sinkwithfaucet.com\/es\/wp-json\/wp\/v2\/product"}],"about":[{"href":"https:\/\/sinkwithfaucet.com\/es\/wp-json\/wp\/v2\/types\/product"}],"wp:featuredmedia":[{"embeddable":true,"href":"https:\/\/sinkwithfaucet.com\/es\/wp-json\/wp\/v2\/media\/2663"}],"wp:attachment":[{"href":"https:\/\/sinkwithfaucet.com\/es\/wp-json\/wp\/v2\/media?parent=2662"}],"wp:term":[{"taxonomy":"product_brand","embeddable":true,"href":"https:\/\/sinkwithfaucet.com\/es\/wp-json\/wp\/v2\/product_brand?post=2662"},{"taxonomy":"product_cat","embeddable":true,"href":"https:\/\/sinkwithfaucet.com\/es\/wp-json\/wp\/v2\/product_cat?post=2662"},{"taxonomy":"product_tag","embeddable":true,"href":"https:\/\/sinkwithfaucet.com\/es\/wp-json\/wp\/v2\/product_tag?post=2662"}],"curies":[{"name":"wp","href":"https:\/\/api.w.org\/{rel}","templated":true}]}}