{"id":2660,"date":"2024-11-11T10:19:02","date_gmt":"2024-11-11T10:19:02","guid":{"rendered":"https:\/\/sinkwithfaucet.com\/?post_type=product&#038;p=2660"},"modified":"2024-12-27T03:10:06","modified_gmt":"2024-12-27T03:10:06","slug":"single-handle-pull-out-sprayer-kitchen-faucet","status":"publish","type":"product","link":"https:\/\/sinkwithfaucet.com\/es\/single-handle-pull-out-sprayer-kitchen-faucet\/","title":{"rendered":"Grifo monomando extra\u00edble para cocina 1107"},"content":{"rendered":"<h2 class=\"a-size-base-plus a-text-bold\"><strong>Acerca de la Llave monomando con rociador extra\u00edble para cocina<\/strong><\/h2>\n<ul class=\"a-unordered-list a-vertical a-spacing-mini\">\n<li class=\"a-spacing-mini\"><span class=\"a-list-item\"><strong>DURADERO Y RESISTENTE: <\/strong>Este grifo de cocina extra\u00edble est\u00e1 fabricado en acero inoxidable de alta calidad, con una estructura s\u00f3lida, y la superficie adopta la tecnolog\u00eda de pintura al horno de alta temperatura, que es resistente al desgaste y duradera, no es f\u00e1cil de oxidar y deste\u00f1ir, y se puede utilizar durante mucho tiempo.<\/span><\/li>\n<li class=\"a-spacing-mini\"><span class=\"a-list-item\"><strong>MODO DE DOBLE CA\u00d1O: <\/strong>El grifo del fregadero de la cocina tambi\u00e9n est\u00e1 equipado con una funci\u00f3n de ca\u00f1o doble, que se puede cambiar f\u00e1cilmente entre las opciones de columna de agua normal y ducha potente para satisfacer sus diferentes necesidades.<\/span><\/li>\n<li class=\"a-spacing-mini\"><span class=\"a-list-item\"><strong>AJUSTE DE LA TEMPERATURA: <\/strong>En <a href=\"https:\/\/kitchensink.us\/stainless-steel-kitchen-faucet\/\" target=\"_blank\" rel=\"noopener\">grifo del fregadero<\/a> tambi\u00e9n est\u00e1 equipado con una funci\u00f3n de ajuste de la temperatura, puede ajustar la temperatura deseada a voluntad, ahorr\u00e1ndole la molestia de mezclar manualmente agua caliente y fr\u00eda.<\/span><\/li>\n<li class=\"a-spacing-mini\"><span class=\"a-list-item\"><strong>ROTACI\u00d3N DE 360 GRADOS: <\/strong>La funci\u00f3n de rotaci\u00f3n de 360 grados permite un rango completo de movimiento y flexibilidad, permitiendo que el flujo de agua llegue a todos los rincones del fregadero con flexibilidad, proporcionando un amplio espacio para limpiar ollas y cuencos.<\/span><\/li>\n<li class=\"a-spacing-mini\"><span class=\"a-list-item\"><strong>BOQUILLA DE ALTA CALIDAD: <\/strong>El espumador de piel suave no s\u00f3lo puede hacer que el agua fluya rica en espuma, suave y sin salpicaduras, c\u00f3moda al tacto, sino que tambi\u00e9n filtra las impurezas y le ayuda a ahorrar agua en su vida diaria.<\/span><\/li>\n<\/ul>\n<p>&nbsp;<\/p>\n<h2><strong>Tipos de grifos extra\u00edbles para cocina<\/strong><\/h2>\n<ul>\n<li><strong>Monomando:<\/strong><\/li>\n<\/ul>\n<p>El tipo m\u00e1s com\u00fan. Dispone de una sola palanca que controla tanto la temperatura como el caudal del agua.  Ofrece un funcionamiento f\u00e1cil e intuitivo.<\/p>\n<ul>\n<li><strong>Estilo profesional:<\/strong><\/li>\n<\/ul>\n<p>Suelen tener un ca\u00f1o de arco alto para facilitar el paso por debajo del grifo.  Suelen tener un chorro potente y una construcci\u00f3n duradera, por lo que son muy populares entre chefs y cocineros caseros.<\/p>\n<ul>\n<li><strong>Ponderado:<\/strong><\/li>\n<\/ul>\n<p>Incorpore un contrapeso en la base del cabezal rociador para ayudar a que se retraiga suavemente y evitar que cuelgue, lo que garantiza una experiencia m\u00e1s elegante y f\u00e1cil de usar.<\/p>\n<ul>\n<li><strong>Cargado por resorte:<\/strong><\/li>\n<\/ul>\n<p>Utiliza un mecanismo de resorte para retraer el cabezal pulverizador r\u00e1pidamente y sin esfuerzo.  Esto puede ahorrar tiempo y esfuerzo durante el uso.<\/p>\n<p>&nbsp;<\/p>\n<h2 data-sourcepos=\"16:1-16:57\"><strong>Factores a tener en cuenta al elegir un grifo monomando extra\u00edble para cocina<\/strong><\/h2>\n<ul data-sourcepos=\"18:1-22:0\">\n<li data-sourcepos=\"18:1-18:114\"><strong>Altura del ca\u00f1o:<\/strong>\u00a0Aseg\u00farese de que la altura del ca\u00f1o es adecuada para la profundidad del fregadero y el tama\u00f1o de las ollas y sartenes que utiliza.<\/li>\n<li data-sourcepos=\"19:1-19:116\"><strong>Acabado:<\/strong>\u00a0Elija un acabado que complemente el estilo de su cocina, como cromo, n\u00edquel cepillado o negro mate.<\/li>\n<li data-sourcepos=\"20:1-20:91\"><strong>Instalaci\u00f3n:<\/strong>\u00a0Tenga en cuenta el m\u00e9todo de instalaci\u00f3n y las conexiones de fontaner\u00eda necesarias.<\/li>\n<li data-sourcepos=\"21:1-22:0\"><strong>Presi\u00f3n del agua:<\/strong>\u00a0Aseg\u00farese de que el grifo puede soportar la presi\u00f3n del agua de su casa.<\/li>\n<\/ul>\n<p>&nbsp;<\/p>\n<h2><strong>Caracter\u00edsticas y ventajas de la llave extra\u00edble para cocina<\/strong><\/h2>\n<ul>\n<li>Instalaci\u00f3n con un solo orificio - grosor m\u00e1ximo de la cubierta de 1,75<\/li>\n<li>Compatible con la ADA - El mando monomando simplifica el control<\/li>\n<li>Dise\u00f1o de asa vertical al cuerpo principal, gira 90\u00b0 hacia delante permitiendo su uso en espacios reducidos con salpicaderos<\/li>\n<li>Cabezal rociador de doble funci\u00f3n: el flujo de agua de 1,8 GPM alterna entre un potente rociado y un flujo aireado: Perfecto para un fregado potente, un aclarado suave y el llenado de ollas<\/li>\n<li>Construcci\u00f3n de lat\u00f3n duradero sin plomo conforme a CALGreen California<\/li>\n<li>El ca\u00f1o giratorio de 360\u00b0 mantiene un funcionamiento suave de la funci\u00f3n de extracci\u00f3n<\/li>\n<li>El dise\u00f1o de ca\u00f1o de arco alto proporciona un amplio espacio para llenar ollas y limpiar utensilios de cocina m\u00e1s grandes<\/li>\n<li>Cartucho cer\u00e1mico: precisi\u00f3n \"sin goteo\" de m\u00e1xima calidad<\/li>\n<li>Aireador de alta eficacia, proporciona un chorro suave sin salpicaduras<\/li>\n<li>El rociador extra\u00edble con manguera trenzada de nailon de 60\" le permite aclarar el fregadero en todos los rincones<\/li>\n<li>Las boquillas de goma del cabezal de pulverizaci\u00f3n son f\u00e1ciles de limpiar de dep\u00f3sitos minerales para un rendimiento duradero<\/li>\n<li>Acabado multicapa resistente a la corrosi\u00f3n que no se empa\u00f1a ni decolora con el tiempo<\/li>\n<li>Incluye torniller\u00eda de montaje preinstalada y conductos de agua caliente\/fr\u00eda antiexplosi\u00f3n<\/li>\n<\/ul>\n<p>&nbsp;<\/p>\n<p>Con su dise\u00f1o cl\u00e1sico y sus l\u00edneas sencillas, este elegante grifo quedar\u00e1 genial en cualquier cocina. El grifo extra\u00edble viene en dos opciones de acabado duradero para complementar la paleta de colores de su cocina. Su rociador de doble acci\u00f3n con manguera retr\u00e1ctil facilitar\u00e1 el lavado y aclarado. Este grifo est\u00e1 fabricado con materiales de la m\u00e1s alta calidad y le proporcionar\u00e1 muchos a\u00f1os de uso sin preocupaciones.<\/p>\n<p>&nbsp;<\/p>\n<p>&nbsp;<\/p>\n<p>&nbsp;<\/p>\n<p>&nbsp;<\/p>\n<p>&nbsp;<\/p>\n<p>&nbsp;<\/p>","protected":false},"excerpt":{"rendered":"<table style=\"height: 407px;\" width=\"704\">\n<tbody>\n<tr>\n<td width=\"808\">1 Dimensiones totales del grifo<\/td>\n<td width=\"1177\">380*225mm<\/td>\n<\/tr>\n<tr>\n<td width=\"808\">2 Peso neto del grifo<\/td>\n<td width=\"1177\">2.5kgs<\/td>\n<\/tr>\n<tr>\n<td width=\"808\">3 Grifo Con Caja Peso Bruto<\/td>\n<td width=\"1177\">2.8kgs<\/td>\n<\/tr>\n<tr>\n<td width=\"808\">4 Dimensi\u00f3n de la caja<\/td>\n<td width=\"1177\">54*32*26mm<\/td>\n<\/tr>\n<tr>\n<td width=\"808\">5 Embalaje<\/td>\n<td width=\"1177\">4PCS\/CTN;10PCS\/CTN;12PCS\/CTN<\/td>\n<\/tr>\n<tr>\n<td width=\"808\">6 Longitud de la manguera de entrada<\/td>\n<td width=\"1177\">60 mm<\/td>\n<\/tr>\n<tr>\n<td width=\"808\">7 Tama\u00f1o de la tuerca de la l\u00ednea de flotaci\u00f3n<\/td>\n<td width=\"1177\">3\/8\u2033o 1\/2\u2033o 9\/16\u2033.<\/td>\n<\/tr>\n<tr>\n<td width=\"808\">8 Tama\u00f1o del orificio de montaje<\/td>\n<td width=\"1177\">35 mm<\/td>\n<\/tr>\n<tr>\n<td width=\"808\">9 Materiales de grifer\u00eda<\/td>\n<td width=\"1177\">Acero inoxidable sin plomo Premium 304 America Standard<br \/>\nacero<\/td>\n<\/tr>\n<\/tbody>\n<\/table>","protected":false},"featured_media":2661,"template":"","meta":[],"product_brand":[],"product_cat":[57],"product_tag":[],"class_list":{"0":"post-2660","1":"product","2":"type-product","3":"status-publish","4":"has-post-thumbnail","6":"product_cat-stainless-steel-faucet","8":"first","9":"instock","10":"shipping-taxable","11":"product-type-simple"},"_links":{"self":[{"href":"https:\/\/sinkwithfaucet.com\/es\/wp-json\/wp\/v2\/product\/2660","targetHints":{"allow":["GET"]}}],"collection":[{"href":"https:\/\/sinkwithfaucet.com\/es\/wp-json\/wp\/v2\/product"}],"about":[{"href":"https:\/\/sinkwithfaucet.com\/es\/wp-json\/wp\/v2\/types\/product"}],"wp:featuredmedia":[{"embeddable":true,"href":"https:\/\/sinkwithfaucet.com\/es\/wp-json\/wp\/v2\/media\/2661"}],"wp:attachment":[{"href":"https:\/\/sinkwithfaucet.com\/es\/wp-json\/wp\/v2\/media?parent=2660"}],"wp:term":[{"taxonomy":"product_brand","embeddable":true,"href":"https:\/\/sinkwithfaucet.com\/es\/wp-json\/wp\/v2\/product_brand?post=2660"},{"taxonomy":"product_cat","embeddable":true,"href":"https:\/\/sinkwithfaucet.com\/es\/wp-json\/wp\/v2\/product_cat?post=2660"},{"taxonomy":"product_tag","embeddable":true,"href":"https:\/\/sinkwithfaucet.com\/es\/wp-json\/wp\/v2\/product_tag?post=2660"}],"curies":[{"name":"wp","href":"https:\/\/api.w.org\/{rel}","templated":true}]}}