{"id":2656,"date":"2024-11-11T10:04:28","date_gmt":"2024-11-11T10:04:28","guid":{"rendered":"https:\/\/sinkwithfaucet.com\/?post_type=product&#038;p=2656"},"modified":"2024-11-11T10:10:09","modified_gmt":"2024-11-11T10:10:09","slug":"single-lever-kitchen-faucet-1005","status":"publish","type":"product","link":"https:\/\/sinkwithfaucet.com\/es\/single-lever-kitchen-faucet-1005\/","title":{"rendered":"Grifo monomando de cocina 1005"},"content":{"rendered":"<h2 data-sourcepos=\"1:1-1:49\">Llaves monomando de cocina: Un cl\u00e1sico moderno<\/h2>\n<p data-sourcepos=\"3:1-3:124\">Las grifer\u00edas monomando de cocina se han convertido en una opci\u00f3n muy popular por su elegante dise\u00f1o, facilidad de uso y eficaz control del agua.<\/p>\n<p data-sourcepos=\"5:1-5:18\"><strong>C\u00f3mo funcionan:<\/strong><\/p>\n<p data-sourcepos=\"7:1-7:213\">Un grifo monomando utiliza una sola maneta para controlar tanto la temperatura como el caudal del agua. Moviendo la maneta hacia arriba y hacia abajo se ajusta la temperatura del agua, mientras que movi\u00e9ndola de lado a lado se controla el caudal.<\/p>\n<p data-sourcepos=\"9:1-9:49\"><strong>Principales ventajas de las grifer\u00edas monomando de cocina:<\/strong><\/p>\n<ul data-sourcepos=\"11:1-16:0\">\n<li data-sourcepos=\"11:1-11:88\"><strong>Facilidad de uso:<\/strong> Una sola palanca facilita el ajuste de la temperatura y el caudal del agua.<\/li>\n<li data-sourcepos=\"12:1-12:80\"><strong>Dise\u00f1o elegante:<\/strong> El dise\u00f1o minimalista complementa la est\u00e9tica de las cocinas modernas.<\/li>\n<li data-sourcepos=\"13:1-13:136\"><strong>Eficiencia del agua:<\/strong> Muchas grifer\u00edas monomando cuentan con la certificaci\u00f3n WaterSense, lo que significa que consumen menos agua sin sacrificar el rendimiento.<\/li>\n<li data-sourcepos=\"14:1-14:117\"><strong>Durabilidad:<\/strong> Fabricado con materiales de alta calidad, como lat\u00f3n y acero inoxidable, que garantizan un rendimiento duradero.<\/li>\n<li data-sourcepos=\"15:1-16:0\"><strong>Variedad de estilos:<\/strong> Disponible en varios acabados, desde cromo hasta negro mate, para adaptarse a las distintas preferencias.<\/li>\n<\/ul>\n<p data-sourcepos=\"17:1-17:60\"><strong>Factores a tener en cuenta al elegir un grifo monomando:<\/strong><\/p>\n<ul data-sourcepos=\"19:1-24:0\">\n<li data-sourcepos=\"19:1-19:102\"><strong>Altura del ca\u00f1o:<\/strong> Ten en cuenta la altura del fregadero y el espacio necesario para ollas y sartenes grandes.<\/li>\n<li data-sourcepos=\"20:1-20:88\"><strong>Cabezal pulverizador:<\/strong> Un rociador desplegable o extra\u00edble ofrece flexibilidad y comodidad.<\/li>\n<li data-sourcepos=\"21:1-21:83\"><strong>Acabado:<\/strong> Elija un acabado que sea duradero y complemente el estilo de su cocina.<\/li>\n<li data-sourcepos=\"22:1-22:78\"><strong>Presi\u00f3n del agua:<\/strong> Aseg\u00farese de que el grifo puede soportar la presi\u00f3n del agua de su casa.<\/li>\n<li data-sourcepos=\"23:1-24:0\"><strong>Instalaci\u00f3n:<\/strong> Tenga en cuenta el tipo de instalaci\u00f3n, si se trata de un grifo de montaje en cubierta o en pared.<\/li>\n<\/ul>\n<p data-sourcepos=\"25:1-25:148\">Si considera detenidamente estos factores, podr\u00e1 elegir un grifo monomando de cocina que mejore tanto la funcionalidad como el estilo de su cocina.<\/p>","protected":false},"excerpt":{"rendered":"<table style=\"height: 407px;\" width=\"704\">\n<tbody>\n<tr>\n<td width=\"808\">1 Dimensiones totales del grifo<\/td>\n<td width=\"1177\">380*225mm<\/td>\n<\/tr>\n<tr>\n<td width=\"808\">2 Peso neto del grifo<\/td>\n<td width=\"1177\">2.5kgs<\/td>\n<\/tr>\n<tr>\n<td width=\"808\">3 Grifo Con Caja Peso Bruto<\/td>\n<td width=\"1177\">2.8kgs<\/td>\n<\/tr>\n<tr>\n<td width=\"808\">4 Dimensi\u00f3n de la caja<\/td>\n<td width=\"1177\">54*32*26mm<\/td>\n<\/tr>\n<tr>\n<td width=\"808\">5 Embalaje<\/td>\n<td width=\"1177\">4PCS\/CTN;10PCS\/CTN;12PCS\/CTN<\/td>\n<\/tr>\n<tr>\n<td width=\"808\">6 Longitud de la manguera de entrada<\/td>\n<td width=\"1177\">60 mm<\/td>\n<\/tr>\n<tr>\n<td width=\"808\">7 Tama\u00f1o de la tuerca de la l\u00ednea de flotaci\u00f3n<\/td>\n<td width=\"1177\">3\/8\u2033o 1\/2\u2033o 9\/16\u2033.<\/td>\n<\/tr>\n<tr>\n<td width=\"808\">8 Tama\u00f1o del orificio de montaje<\/td>\n<td width=\"1177\">35 mm<\/td>\n<\/tr>\n<tr>\n<td width=\"808\">9 Materiales de grifer\u00eda<\/td>\n<td width=\"1177\">Acero inoxidable sin plomo Premium 304 America Standard<br \/>\nacero<\/td>\n<\/tr>\n<\/tbody>\n<\/table>","protected":false},"featured_media":2657,"template":"","meta":[],"product_brand":[],"product_cat":[57],"product_tag":[],"class_list":{"0":"post-2656","1":"product","2":"type-product","3":"status-publish","4":"has-post-thumbnail","6":"product_cat-stainless-steel-faucet","8":"first","9":"instock","10":"shipping-taxable","11":"product-type-simple"},"_links":{"self":[{"href":"https:\/\/sinkwithfaucet.com\/es\/wp-json\/wp\/v2\/product\/2656","targetHints":{"allow":["GET"]}}],"collection":[{"href":"https:\/\/sinkwithfaucet.com\/es\/wp-json\/wp\/v2\/product"}],"about":[{"href":"https:\/\/sinkwithfaucet.com\/es\/wp-json\/wp\/v2\/types\/product"}],"wp:featuredmedia":[{"embeddable":true,"href":"https:\/\/sinkwithfaucet.com\/es\/wp-json\/wp\/v2\/media\/2657"}],"wp:attachment":[{"href":"https:\/\/sinkwithfaucet.com\/es\/wp-json\/wp\/v2\/media?parent=2656"}],"wp:term":[{"taxonomy":"product_brand","embeddable":true,"href":"https:\/\/sinkwithfaucet.com\/es\/wp-json\/wp\/v2\/product_brand?post=2656"},{"taxonomy":"product_cat","embeddable":true,"href":"https:\/\/sinkwithfaucet.com\/es\/wp-json\/wp\/v2\/product_cat?post=2656"},{"taxonomy":"product_tag","embeddable":true,"href":"https:\/\/sinkwithfaucet.com\/es\/wp-json\/wp\/v2\/product_tag?post=2656"}],"curies":[{"name":"wp","href":"https:\/\/api.w.org\/{rel}","templated":true}]}}