{"id":2653,"date":"2024-11-11T09:53:20","date_gmt":"2024-11-11T09:53:20","guid":{"rendered":"https:\/\/sinkwithfaucet.com\/?post_type=product&#038;p=2653"},"modified":"2024-11-11T10:14:00","modified_gmt":"2024-11-11T10:14:00","slug":"spring-pull-down-kitchen-faucet-1003","status":"publish","type":"product","link":"https:\/\/sinkwithfaucet.com\/es\/spring-pull-down-kitchen-faucet-1003\/","title":{"rendered":"Spring Grifo de cocina extra\u00edble 1003"},"content":{"rendered":"<h2 data-sourcepos=\"1:1-1:57\">Grifos de cocina extra\u00edbles Spring: Una comodidad moderna<\/h2>\n<p data-sourcepos=\"3:1-3:174\">La grifer\u00eda de cocina extra\u00edble con muelle es una opci\u00f3n muy popular en las cocinas modernas. Combina estilo, funcionalidad y facilidad de uso. A continuaci\u00f3n se describen sus caracter\u00edsticas y ventajas:<\/p>\n<h3 data-sourcepos=\"5:1-5:21\">\u00bfC\u00f3mo funciona?<\/h3>\n<p data-sourcepos=\"6:1-6:227\">Las grifer\u00edas extra\u00edbles con muelle tienen un ca\u00f1o flexible que se puede bajar y extender para llegar a distintas partes del fregadero. Al soltarlo, el ca\u00f1o se retrae suavemente gracias a un mecanismo de resorte integrado.<\/p>\n<h3 data-sourcepos=\"8:1-8:44\">Principales ventajas de los grifos extra\u00edbles de muelle<\/h3>\n<ul data-sourcepos=\"9:1-13:0\">\n<li data-sourcepos=\"9:1-9:128\"><strong>Flexibilidad:<\/strong> El dise\u00f1o abatible permite llenar f\u00e1cilmente ollas y sartenes grandes o limpiar zonas de dif\u00edcil acceso del fregadero.<\/li>\n<li data-sourcepos=\"10:1-10:136\"><strong>Versatilidad:<\/strong> Muchos modelos ofrecen varios ajustes de pulverizaci\u00f3n, como chorro aireado y pulverizaci\u00f3n potente, para adaptarse a diferentes tareas.<\/li>\n<li data-sourcepos=\"11:1-11:91\"><strong>Facilidad de uso:<\/strong> El mecanismo de resorte garantiza un funcionamiento suave y una retracci\u00f3n sin esfuerzo.<\/li>\n<li data-sourcepos=\"12:1-13:0\"><strong>Dise\u00f1o elegante:<\/strong> Disponible en varios acabados y estilos para complementar la decoraci\u00f3n de cualquier cocina.<\/li>\n<\/ul>\n<p data-sourcepos=\"21:1-21:143\">Si considera detenidamente estos factores, podr\u00e1 elegir un grifo de cocina extra\u00edble con muelle que mejore la funcionalidad y el estilo de su cocina.<\/p>","protected":false},"excerpt":{"rendered":"<table style=\"height: 407px;\" width=\"704\">\n<tbody>\n<tr>\n<td width=\"808\">1 Dimensiones totales del grifo<\/td>\n<td width=\"1177\">405*225mm<\/td>\n<\/tr>\n<tr>\n<td width=\"808\">2 Peso neto del grifo<\/td>\n<td width=\"1177\">2.5kgs<\/td>\n<\/tr>\n<tr>\n<td width=\"808\">3 Grifo Con Caja Peso Bruto<\/td>\n<td width=\"1177\">2.8kgs<\/td>\n<\/tr>\n<tr>\n<td width=\"808\">4 Dimensi\u00f3n de la caja<\/td>\n<td width=\"1177\">54*32*26mm<\/td>\n<\/tr>\n<tr>\n<td width=\"808\">5 Embalaje<\/td>\n<td width=\"1177\">4PCS\/CTN;10PCS\/CTN;12PCS\/CTN<\/td>\n<\/tr>\n<tr>\n<td width=\"808\">6 Longitud de la manguera de entrada<\/td>\n<td width=\"1177\">60 mm<\/td>\n<\/tr>\n<tr>\n<td width=\"808\">7 Tama\u00f1o de la tuerca de la l\u00ednea de flotaci\u00f3n<\/td>\n<td width=\"1177\">3\/8\u2033o 1\/2\u2033o 9\/16\u2033.<\/td>\n<\/tr>\n<tr>\n<td width=\"808\">8 Tama\u00f1o del orificio de montaje<\/td>\n<td width=\"1177\">35 mm<\/td>\n<\/tr>\n<tr>\n<td width=\"808\">9 Materiales de grifer\u00eda<\/td>\n<td width=\"1177\">Acero inoxidable sin plomo Premium 304 America Standard<br \/>\nacero<\/td>\n<\/tr>\n<\/tbody>\n<\/table>","protected":false},"featured_media":2654,"template":"","meta":[],"product_brand":[],"product_cat":[57],"product_tag":[],"class_list":{"0":"post-2653","1":"product","2":"type-product","3":"status-publish","4":"has-post-thumbnail","6":"product_cat-stainless-steel-faucet","8":"first","9":"instock","10":"shipping-taxable","11":"product-type-simple"},"_links":{"self":[{"href":"https:\/\/sinkwithfaucet.com\/es\/wp-json\/wp\/v2\/product\/2653","targetHints":{"allow":["GET"]}}],"collection":[{"href":"https:\/\/sinkwithfaucet.com\/es\/wp-json\/wp\/v2\/product"}],"about":[{"href":"https:\/\/sinkwithfaucet.com\/es\/wp-json\/wp\/v2\/types\/product"}],"wp:featuredmedia":[{"embeddable":true,"href":"https:\/\/sinkwithfaucet.com\/es\/wp-json\/wp\/v2\/media\/2654"}],"wp:attachment":[{"href":"https:\/\/sinkwithfaucet.com\/es\/wp-json\/wp\/v2\/media?parent=2653"}],"wp:term":[{"taxonomy":"product_brand","embeddable":true,"href":"https:\/\/sinkwithfaucet.com\/es\/wp-json\/wp\/v2\/product_brand?post=2653"},{"taxonomy":"product_cat","embeddable":true,"href":"https:\/\/sinkwithfaucet.com\/es\/wp-json\/wp\/v2\/product_cat?post=2653"},{"taxonomy":"product_tag","embeddable":true,"href":"https:\/\/sinkwithfaucet.com\/es\/wp-json\/wp\/v2\/product_tag?post=2653"}],"curies":[{"name":"wp","href":"https:\/\/api.w.org\/{rel}","templated":true}]}}