{"id":2574,"date":"2024-11-09T06:26:09","date_gmt":"2024-11-09T06:26:09","guid":{"rendered":"https:\/\/sinkwithfaucet.com\/?post_type=product&#038;p=2574"},"modified":"2024-11-09T06:26:09","modified_gmt":"2024-11-09T06:26:09","slug":"overmount-sink-7646d","status":"publish","type":"product","link":"https:\/\/sinkwithfaucet.com\/es\/overmount-sink-7646d\/","title":{"rendered":"Fregadero 7646D"},"content":{"rendered":"<h2 data-sourcepos=\"1:1-1:50\">Fregaderos sobre encimera: Una elecci\u00f3n cl\u00e1sica y pr\u00e1ctica<\/h2>\n<p data-sourcepos=\"3:1-3:203\"><strong>Fregaderos sobreencimera<\/strong>tambi\u00e9n conocidos como fregaderos de montaje superior, son una opci\u00f3n popular y tradicional para las cocinas. Se instalan encima de la encimera, creando un aspecto sencillo y f\u00e1cil de instalar.<\/p>\n<p data-sourcepos=\"5:1-5:36\"><strong>Caracter\u00edsticas principales:<\/strong><\/p>\n<ul data-sourcepos=\"7:1-11:0\">\n<li data-sourcepos=\"7:1-7:70\"><strong>F\u00e1cil instalaci\u00f3n:<\/strong> F\u00e1cil de instalar en cualquier material de encimera.<\/li>\n<li data-sourcepos=\"8:1-8:112\"><strong>Amplia gama de estilos:<\/strong> Disponibles en varias formas, tama\u00f1os y materiales para adaptarse a los distintos dise\u00f1os de cocina.<\/li>\n<li data-sourcepos=\"9:1-9:100\"><strong>Duradero e higi\u00e9nico:<\/strong> Fabricados con materiales duraderos como acero inoxidable, cer\u00e1mica o composite.<\/li>\n<li data-sourcepos=\"10:1-11:0\"><strong>Rentable:<\/strong> Suelen ser m\u00e1s asequibles que los fregaderos bajo encimera.<\/li>\n<\/ul>\n<p data-sourcepos=\"12:1-12:29\"><strong>Tipos:<\/strong><\/p>\n<ul data-sourcepos=\"14:1-18:0\">\n<li data-sourcepos=\"14:1-14:57\"><strong>Cuenco individual:<\/strong> Una sola pila grande para uso general.<\/li>\n<li data-sourcepos=\"15:1-15:56\"><strong>Taz\u00f3n doble:<\/strong> Dos lavabos separados para realizar m\u00faltiples tareas.<\/li>\n<li data-sourcepos=\"16:1-16:92\"><strong>Triple Bowl:<\/strong> Tres lavabos para una mayor funcionalidad, que a menudo se encuentran en las cocinas comerciales.<\/li>\n<li data-sourcepos=\"17:1-18:0\"><strong>Fregadero de granja:<\/strong> Fregaderos grandes y profundos con frente de delantal, que proporcionan un dise\u00f1o r\u00fastico y funcional.<\/li>\n<\/ul>\n<p data-sourcepos=\"19:1-19:51\"><strong>Consideraciones a la hora de elegir un fregadero sobre encimera:<\/strong><\/p>\n<ul data-sourcepos=\"21:1-25:0\">\n<li data-sourcepos=\"21:1-21:64\"><strong>Tama\u00f1o:<\/strong> Aseg\u00farese de que el fregadero se adapta a su encimera y a sus necesidades.<\/li>\n<li data-sourcepos=\"22:1-22:60\"><strong>Material:<\/strong> Elija un material duradero y f\u00e1cil de limpiar.<\/li>\n<li data-sourcepos=\"23:1-23:75\"><strong>Estilo:<\/strong> Seleccione un estilo que complemente el dise\u00f1o general de su cocina.<\/li>\n<li data-sourcepos=\"24:1-25:0\"><strong>Instalaci\u00f3n:<\/strong> Aseg\u00farese de que la instalaci\u00f3n es correcta para evitar fugas y da\u00f1os.<\/li>\n<\/ul>\n<p data-sourcepos=\"26:1-26:133\">Si tiene en cuenta estos factores, podr\u00e1 elegir el fregadero sobre encimera perfecto para mejorar la funcionalidad y el estilo de su cocina.<\/p>","protected":false},"excerpt":{"rendered":"<p>Tama\u00f1o total : 750*450*150 mm<\/p>\n<p>Tama\u00f1o del recorte : 730*430 mm<\/p>\n<p>Material : Acero inoxidable<\/p>","protected":false},"featured_media":2576,"template":"","meta":[],"product_brand":[],"product_cat":[56],"product_tag":[],"class_list":{"0":"post-2574","1":"product","2":"type-product","3":"status-publish","4":"has-post-thumbnail","6":"product_cat-pressing-kitchen-sink","8":"first","9":"instock","10":"shipping-taxable","11":"product-type-simple"},"_links":{"self":[{"href":"https:\/\/sinkwithfaucet.com\/es\/wp-json\/wp\/v2\/product\/2574","targetHints":{"allow":["GET"]}}],"collection":[{"href":"https:\/\/sinkwithfaucet.com\/es\/wp-json\/wp\/v2\/product"}],"about":[{"href":"https:\/\/sinkwithfaucet.com\/es\/wp-json\/wp\/v2\/types\/product"}],"wp:featuredmedia":[{"embeddable":true,"href":"https:\/\/sinkwithfaucet.com\/es\/wp-json\/wp\/v2\/media\/2576"}],"wp:attachment":[{"href":"https:\/\/sinkwithfaucet.com\/es\/wp-json\/wp\/v2\/media?parent=2574"}],"wp:term":[{"taxonomy":"product_brand","embeddable":true,"href":"https:\/\/sinkwithfaucet.com\/es\/wp-json\/wp\/v2\/product_brand?post=2574"},{"taxonomy":"product_cat","embeddable":true,"href":"https:\/\/sinkwithfaucet.com\/es\/wp-json\/wp\/v2\/product_cat?post=2574"},{"taxonomy":"product_tag","embeddable":true,"href":"https:\/\/sinkwithfaucet.com\/es\/wp-json\/wp\/v2\/product_tag?post=2574"}],"curies":[{"name":"wp","href":"https:\/\/api.w.org\/{rel}","templated":true}]}}