{"id":2570,"date":"2024-11-09T06:21:01","date_gmt":"2024-11-09T06:21:01","guid":{"rendered":"https:\/\/sinkwithfaucet.com\/?post_type=product&#038;p=2570"},"modified":"2024-11-09T06:21:01","modified_gmt":"2024-11-09T06:21:01","slug":"large-kitchen-sink-7548d","status":"publish","type":"product","link":"https:\/\/sinkwithfaucet.com\/es\/large-kitchen-sink-7548d\/","title":{"rendered":"fregadero de cocina grande 7548D"},"content":{"rendered":"<h2 data-sourcepos=\"1:1-1:56\">Fregaderos de cocina grandes: Una elecci\u00f3n espaciosa y funcional<\/h2>\n<p data-sourcepos=\"3:1-3:253\">Los fregaderos de cocina grandes, que suelen medir 36 pulgadas o m\u00e1s, ofrecen un amplio espacio para diversas tareas, como lavar los platos, preparar la comida y poner en remojo objetos grandes. Son una opci\u00f3n popular para los propietarios que necesitan un espacio de trabajo amplio y funcional.<\/p>\n<p data-sourcepos=\"5:1-5:36\"><strong>Ventajas de los fregaderos de cocina grandes:<\/strong><\/p>\n<ul data-sourcepos=\"7:1-10:0\">\n<li data-sourcepos=\"7:1-7:111\"><strong>Mayor funcionalidad:<\/strong> Los grandes fregaderos ofrecen un amplio espacio para realizar m\u00faltiples tareas y acomodar objetos de mayor tama\u00f1o.<\/li>\n<li data-sourcepos=\"8:1-8:133\"><strong>Versatilidad:<\/strong> Pueden utilizarse para una gran variedad de tareas, desde lavar platos hasta preparar alimentos y limpiar frutas y verduras.<\/li>\n<li data-sourcepos=\"9:1-10:0\"><strong>Est\u00e9tica moderna:<\/strong> Los fregaderos grandes pueden dar un aspecto elegante y moderno a su cocina.<\/li>\n<\/ul>\n<p data-sourcepos=\"11:1-11:33\"><strong>Tipos de fregaderos de cocina grandes:<\/strong><\/p>\n<ul data-sourcepos=\"13:1-17:0\">\n<li data-sourcepos=\"13:1-13:110\"><strong>Fregaderos bajo encimera:<\/strong> Estos fregaderos se instalan debajo de la encimera para conseguir un aspecto moderno y sin juntas.<\/li>\n<li data-sourcepos=\"14:1-14:104\"><strong>Fregaderos de montaje superior:<\/strong> Estos fregaderos se instalan encima de la encimera, proporcionando un aspecto tradicional.<\/li>\n<li data-sourcepos=\"15:1-15:109\"><strong>Fregaderos de granja:<\/strong> Fregaderos grandes y profundos con frentes de delantal que ofrecen una est\u00e9tica r\u00fastica y de granja.<\/li>\n<li data-sourcepos=\"16:1-17:0\"><strong>Fregaderos comerciales:<\/strong> Fregaderos industriales dise\u00f1ados para un uso intensivo, a menudo con m\u00faltiples cubetas y cubetas profundas.<\/li>\n<\/ul>\n<p data-sourcepos=\"18:1-18:54\"><strong>Consideraciones a la hora de elegir un fregadero de cocina grande:<\/strong><\/p>\n<ul data-sourcepos=\"20:1-24:0\">\n<li data-sourcepos=\"20:1-20:107\"><strong>Tama\u00f1o:<\/strong> Aseg\u00farese de que el fregadero tiene el tama\u00f1o adecuado para el espacio de su cocina y complementa el resto de sus electrodom\u00e9sticos.<\/li>\n<li data-sourcepos=\"21:1-21:88\"><strong>Material:<\/strong> Elija un material duradero, como acero inoxidable, material compuesto o hierro fundido.<\/li>\n<li data-sourcepos=\"22:1-22:112\"><strong>Orificios para grifos:<\/strong> Tenga en cuenta el n\u00famero y la ubicaci\u00f3n de los orificios de los grifos para adaptarlos a la configuraci\u00f3n que desee.<\/li>\n<li data-sourcepos=\"23:1-24:0\"><strong>Instalaci\u00f3n:<\/strong> Los fregaderos grandes pueden requerir una instalaci\u00f3n profesional debido a su tama\u00f1o y peso.<\/li>\n<\/ul>\n<p data-sourcepos=\"25:1-25:202\"><strong>Los fregaderos de cocina grandes son una opci\u00f3n popular para los propietarios que desean un espacio de trabajo espacioso y funcional.<\/strong> Ofrecen versatilidad y pueden mejorar la eficacia general y la est\u00e9tica de su cocina.<\/p>","protected":false},"excerpt":{"rendered":"<p>Tama\u00f1o total : 680*450*210 mm<\/p>\n<p>Tama\u00f1o del recorte : 6600*430 mm<\/p>\n<p>Material : Acero inoxidable<\/p>","protected":false},"featured_media":2573,"template":"","meta":[],"product_brand":[],"product_cat":[56],"product_tag":[],"class_list":{"0":"post-2570","1":"product","2":"type-product","3":"status-publish","4":"has-post-thumbnail","6":"product_cat-pressing-kitchen-sink","8":"first","9":"instock","10":"shipping-taxable","11":"product-type-simple"},"_links":{"self":[{"href":"https:\/\/sinkwithfaucet.com\/es\/wp-json\/wp\/v2\/product\/2570","targetHints":{"allow":["GET"]}}],"collection":[{"href":"https:\/\/sinkwithfaucet.com\/es\/wp-json\/wp\/v2\/product"}],"about":[{"href":"https:\/\/sinkwithfaucet.com\/es\/wp-json\/wp\/v2\/types\/product"}],"wp:featuredmedia":[{"embeddable":true,"href":"https:\/\/sinkwithfaucet.com\/es\/wp-json\/wp\/v2\/media\/2573"}],"wp:attachment":[{"href":"https:\/\/sinkwithfaucet.com\/es\/wp-json\/wp\/v2\/media?parent=2570"}],"wp:term":[{"taxonomy":"product_brand","embeddable":true,"href":"https:\/\/sinkwithfaucet.com\/es\/wp-json\/wp\/v2\/product_brand?post=2570"},{"taxonomy":"product_cat","embeddable":true,"href":"https:\/\/sinkwithfaucet.com\/es\/wp-json\/wp\/v2\/product_cat?post=2570"},{"taxonomy":"product_tag","embeddable":true,"href":"https:\/\/sinkwithfaucet.com\/es\/wp-json\/wp\/v2\/product_tag?post=2570"}],"curies":[{"name":"wp","href":"https:\/\/api.w.org\/{rel}","templated":true}]}}