{"id":2432,"date":"2024-11-04T06:50:40","date_gmt":"2024-11-04T06:50:40","guid":{"rendered":"https:\/\/sinkwithfaucet.com\/?post_type=product&#038;p=2432"},"modified":"2024-11-11T02:44:49","modified_gmt":"2024-11-11T02:44:49","slug":"30-inch-kitchen-sink-3022ssa","status":"publish","type":"product","link":"https:\/\/sinkwithfaucet.com\/es\/30-inch-kitchen-sink-3022ssa\/","title":{"rendered":"Fregadero de cocina de 30 pulgadas 3022SSA"},"content":{"rendered":"<p data-sourcepos=\"1:1-1:227\">Los fregaderos de cocina de 30 pulgadas son una opci\u00f3n popular para muchos propietarios, ya que ofrecen un equilibrio entre tama\u00f1o y funcionalidad. Est\u00e1n disponibles en una variedad de estilos, materiales y configuraciones para adaptarse a diferentes dise\u00f1os y necesidades de cocina.<\/p>\n<h3 data-sourcepos=\"3:1-3:42\">Caracter\u00edsticas principales de los fregaderos de cocina de 30 pulgadas:<\/h3>\n<ul data-sourcepos=\"5:1-9:0\">\n<li data-sourcepos=\"5:1-5:107\"><strong>Amplio espacio:<\/strong> Ofrece espacio suficiente para lavar la vajilla, preparar la comida y poner a remojo grandes utensilios de cocina.<\/li>\n<li data-sourcepos=\"6:1-6:94\"><strong>Dise\u00f1o vers\u00e1til:<\/strong> Disponible en configuraciones de una cubeta, doble cubeta y estaci\u00f3n de trabajo.<\/li>\n<li data-sourcepos=\"7:1-7:80\"><strong>Materiales duraderos:<\/strong> Suelen ser de acero inoxidable, composite o cer\u00e1mica.<\/li>\n<li data-sourcepos=\"8:1-9:0\"><strong>Opciones con estilo:<\/strong> Disponible en varios acabados y estilos para complementar diferentes est\u00e9ticas de cocina.<\/li>\n<\/ul>\n<h3 data-sourcepos=\"10:1-10:35\">Tipos de fregaderos de cocina de 30 pulgadas:<\/h3>\n<ul data-sourcepos=\"12:1-15:0\">\n<li data-sourcepos=\"12:1-12:85\"><strong><a href=\"https:\/\/sinkwithfaucet.com\/es\/undermount-sink-1\/\">Fregaderos bajo encimera<\/a>:<\/strong> Se instala debajo de la encimera para conseguir un aspecto elegante y moderno.<\/li>\n<li data-sourcepos=\"13:1-13:93\"><strong><a href=\"https:\/\/sinkwithfaucet.com\/es\/topmount-sink-1\/\">Fregaderos de montaje superior<\/a>:<\/strong> Se instala encima de la encimera, ofreciendo un aspecto tradicional.<\/li>\n<li data-sourcepos=\"14:1-15:0\"><strong><a href=\"https:\/\/sinkwithfaucet.com\/es\/apron-sink-1\/\">Fregaderos de granja<\/a>:<\/strong> Fregaderos grandes y profundos con frente de delantal, que proporcionan un dise\u00f1o r\u00fastico y funcional.<\/li>\n<\/ul>\n<h3 data-sourcepos=\"16:1-16:56\">Consideraciones a la hora de elegir un fregadero de cocina de 30 pulgadas:<\/h3>\n<ul data-sourcepos=\"18:1-23:0\">\n<li data-sourcepos=\"18:1-18:94\"><strong>Material:<\/strong> Elija un material duradero y f\u00e1cil de limpiar, como el acero inoxidable o el composite.<\/li>\n<li data-sourcepos=\"19:1-19:91\"><strong>Configuraci\u00f3n del cuenco:<\/strong> Seleccione una configuraci\u00f3n de cubeta simple o doble en funci\u00f3n de sus necesidades.<\/li>\n<li data-sourcepos=\"20:1-20:78\"><strong>Profundidad:<\/strong> Tenga en cuenta la profundidad del recipiente para acomodar utensilios de cocina m\u00e1s grandes.<\/li>\n<li data-sourcepos=\"21:1-21:105\"><strong>Acabado:<\/strong> Elija un acabado que complemente el estilo de su cocina, como cepillado, pulido o mate.<\/li>\n<li data-sourcepos=\"22:1-23:0\"><strong>Instalaci\u00f3n:<\/strong> Aseg\u00farese de que la instalaci\u00f3n se realiza correctamente, ya sea empotrada o sobrepuesta.<\/li>\n<\/ul>\n<p data-sourcepos=\"24:1-24:139\">Si considera detenidamente estos factores, podr\u00e1 seleccionar el fregadero de 30 pulgadas perfecto para mejorar la funcionalidad y el estilo de su cocina.<\/p>","protected":false},"excerpt":{"rendered":"<p>Tama\u00f1o total : 30*22*10 inch \/ 762*559*254 mm<\/p>\n<p>Tama\u00f1o de la cuba : 712*451 mm<\/p>\n<p>Tama\u00f1o del recorte : 763*503 mm<\/p>\n<p>Esquina Radian : R10<\/p>","protected":false},"featured_media":2433,"template":"","meta":[],"product_brand":[],"product_cat":[54],"product_tag":[],"class_list":{"0":"post-2432","1":"product","2":"type-product","3":"status-publish","4":"has-post-thumbnail","6":"product_cat-apron-sink-1","8":"first","9":"instock","10":"shipping-taxable","11":"product-type-simple"},"_links":{"self":[{"href":"https:\/\/sinkwithfaucet.com\/es\/wp-json\/wp\/v2\/product\/2432","targetHints":{"allow":["GET"]}}],"collection":[{"href":"https:\/\/sinkwithfaucet.com\/es\/wp-json\/wp\/v2\/product"}],"about":[{"href":"https:\/\/sinkwithfaucet.com\/es\/wp-json\/wp\/v2\/types\/product"}],"wp:featuredmedia":[{"embeddable":true,"href":"https:\/\/sinkwithfaucet.com\/es\/wp-json\/wp\/v2\/media\/2433"}],"wp:attachment":[{"href":"https:\/\/sinkwithfaucet.com\/es\/wp-json\/wp\/v2\/media?parent=2432"}],"wp:term":[{"taxonomy":"product_brand","embeddable":true,"href":"https:\/\/sinkwithfaucet.com\/es\/wp-json\/wp\/v2\/product_brand?post=2432"},{"taxonomy":"product_cat","embeddable":true,"href":"https:\/\/sinkwithfaucet.com\/es\/wp-json\/wp\/v2\/product_cat?post=2432"},{"taxonomy":"product_tag","embeddable":true,"href":"https:\/\/sinkwithfaucet.com\/es\/wp-json\/wp\/v2\/product_tag?post=2432"}],"curies":[{"name":"wp","href":"https:\/\/api.w.org\/{rel}","templated":true}]}}