{"id":2429,"date":"2024-11-04T06:26:45","date_gmt":"2024-11-04T06:26:45","guid":{"rendered":"https:\/\/sinkwithfaucet.com\/?post_type=product&#038;p=2429"},"modified":"2024-11-04T06:27:51","modified_gmt":"2024-11-04T06:27:51","slug":"stainless-apron-sink-3322da","status":"publish","type":"product","link":"https:\/\/sinkwithfaucet.com\/es\/stainless-apron-sink-3322da\/","title":{"rendered":"Fregadero de Delantal Inoxidable 3322DA"},"content":{"rendered":"<h2><strong><b>Fregaderos de acero inoxidable: Un cl\u00e1sico perdurable<\/b><\/strong><\/h2>\n<p>Los fregaderos de acero inoxidable con fald\u00f3n son muy atractivos para los propietarios que buscan una cocina elegante y funcional. Estos fregaderos de gran tama\u00f1o y profundidad, a menudo conocidos como \"fregaderos de granja\", cuentan con un frente de delantal \u00fanico que sobresale de la encimera.<\/p>\n<p>&nbsp;<\/p>\n<p><strong>Caracter\u00edsticas principales de los fregaderos con frente de delantal de acero inoxidable:<\/strong><\/p>\n<ul>\n<li>Cubeta espaciosa: Ofrece abundante espacio para lavar ollas y sartenes grandes.<\/li>\n<li>Dise\u00f1o elegante: El frente del delantal imparte un aspecto cl\u00e1sico y refinado a su cocina.<\/li>\n<li>Durabilidad: Construido en acero inoxidable de alta calidad, lo que garantiza un rendimiento a largo plazo.<\/li>\n<li>F\u00e1cil de limpiar: La superficie lisa es f\u00e1cil de mantener e higienizar.<\/li>\n<\/ul>\n<p><strong><b>Consideraciones a la hora de elegir un fregadero frontal de acero inoxidable:<\/b><\/strong><\/p>\n<ul>\n<li>El tama\u00f1o: Opta por un tama\u00f1o que se adapte a la distribuci\u00f3n de tu cocina y a tus necesidades espec\u00edficas.<\/li>\n<li>Configuraci\u00f3n de cazoleta: Elija entre una configuraci\u00f3n de cazoleta simple o doble seg\u00fan sus preferencias.<\/li>\n<li>Calibre: Un calibre m\u00e1s grueso significa un fregadero m\u00e1s duradero.<\/li>\n<li>Acabado: Seleccione un acabado que armonice con el estilo de su cocina, como acero inoxidable cepillado o pulido.<\/li>\n<\/ul>\n<p><strong><b>Instalaci\u00f3n:<\/b><\/strong><\/p>\n<p>Sopesando meticulosamente estos factores, podr\u00e1 elegir el fregadero frontal con fald\u00f3n de acero inoxidable ideal para elevar el estilo y la funcionalidad de su cocina.<\/p>","protected":false},"excerpt":{"rendered":"<p>Tama\u00f1o total : 33*22*10 inch \/ 838*559*254 mm<\/p>\n<p>Tama\u00f1o de la cuba : 788*420\/330*452 mm<\/p>\n<p>Tama\u00f1o del recorte : 839*503 mm<\/p>\n<p>Esquina Radian : R10<\/p>","protected":false},"featured_media":2430,"template":"","meta":[],"product_brand":[],"product_cat":[54],"product_tag":[],"class_list":{"0":"post-2429","1":"product","2":"type-product","3":"status-publish","4":"has-post-thumbnail","6":"product_cat-apron-sink-1","8":"first","9":"instock","10":"shipping-taxable","11":"product-type-simple"},"_links":{"self":[{"href":"https:\/\/sinkwithfaucet.com\/es\/wp-json\/wp\/v2\/product\/2429","targetHints":{"allow":["GET"]}}],"collection":[{"href":"https:\/\/sinkwithfaucet.com\/es\/wp-json\/wp\/v2\/product"}],"about":[{"href":"https:\/\/sinkwithfaucet.com\/es\/wp-json\/wp\/v2\/types\/product"}],"wp:featuredmedia":[{"embeddable":true,"href":"https:\/\/sinkwithfaucet.com\/es\/wp-json\/wp\/v2\/media\/2430"}],"wp:attachment":[{"href":"https:\/\/sinkwithfaucet.com\/es\/wp-json\/wp\/v2\/media?parent=2429"}],"wp:term":[{"taxonomy":"product_brand","embeddable":true,"href":"https:\/\/sinkwithfaucet.com\/es\/wp-json\/wp\/v2\/product_brand?post=2429"},{"taxonomy":"product_cat","embeddable":true,"href":"https:\/\/sinkwithfaucet.com\/es\/wp-json\/wp\/v2\/product_cat?post=2429"},{"taxonomy":"product_tag","embeddable":true,"href":"https:\/\/sinkwithfaucet.com\/es\/wp-json\/wp\/v2\/product_tag?post=2429"}],"curies":[{"name":"wp","href":"https:\/\/api.w.org\/{rel}","templated":true}]}}