{"id":2421,"date":"2024-11-04T03:43:55","date_gmt":"2024-11-04T03:43:55","guid":{"rendered":"https:\/\/sinkwithfaucet.com\/?post_type=product&#038;p=2421"},"modified":"2024-11-04T03:43:55","modified_gmt":"2024-11-04T03:43:55","slug":"30-inch-sink-7046-a","status":"publish","type":"product","link":"https:\/\/sinkwithfaucet.com\/es\/30-inch-sink-7046-a\/","title":{"rendered":"Fregadero de 30 pulgadas 7046-A"},"content":{"rendered":"<h2 data-sourcepos=\"1:1-1:45\">Fregaderos de 30 pulgadas: Una elecci\u00f3n vers\u00e1til<\/h2>\n<p data-sourcepos=\"3:1-3:203\">Un fregadero de 30 pulgadas es un tama\u00f1o popular que ofrece un equilibrio de espacio y funcionalidad. Est\u00e1n disponibles en varios estilos, materiales y configuraciones para adaptarse a diferentes dise\u00f1os y necesidades de cocina.<\/p>\n<p data-sourcepos=\"5:1-5:42\"><strong>Caracter\u00edsticas principales de los fregaderos de 30 pulgadas:<\/strong><\/p>\n<ul data-sourcepos=\"7:1-11:0\">\n<li data-sourcepos=\"7:1-7:107\"><strong>Amplio espacio:<\/strong> Ofrece espacio suficiente para lavar la vajilla, preparar la comida y poner a remojo grandes utensilios de cocina.<\/li>\n<li data-sourcepos=\"8:1-8:94\"><strong>Dise\u00f1o vers\u00e1til:<\/strong> Disponible en configuraciones de una cubeta, doble cubeta y estaci\u00f3n de trabajo.<\/li>\n<li data-sourcepos=\"9:1-9:92\"><strong>Materiales duraderos:<\/strong> Suelen ser de acero inoxidable, hierro fundido o materiales compuestos.<\/li>\n<li data-sourcepos=\"10:1-11:0\"><strong>Est\u00e9tica moderna:<\/strong> Dise\u00f1os elegantes y contempor\u00e1neos para complementar varios estilos de cocina.<\/li>\n<\/ul>\n<p data-sourcepos=\"12:1-12:35\"><strong>Tipos de fregaderos de cocina de 30 pulgadas:<\/strong><\/p>\n<ul data-sourcepos=\"14:1-17:0\">\n<li data-sourcepos=\"14:1-14:77\"><strong>Fregaderos bajo encimera:<\/strong> Se instala debajo de la encimera para un aspecto sin juntas.<\/li>\n<li data-sourcepos=\"15:1-15:93\"><strong>Fregaderos de montaje superior:<\/strong> Se instala encima de la encimera, ofreciendo un aspecto tradicional.<\/li>\n<li data-sourcepos=\"16:1-17:0\"><strong>Fregaderos de granja:<\/strong> Fregaderos grandes y profundos con frente de delantal, que proporcionan un dise\u00f1o r\u00fastico y funcional.<\/li>\n<\/ul>\n<p data-sourcepos=\"18:1-18:73\"><strong>A la hora de elegir un fregadero de cocina de 30 pulgadas, tenga en cuenta los siguientes factores:<\/strong><\/p>\n<ul data-sourcepos=\"20:1-25:0\">\n<li data-sourcepos=\"20:1-20:94\"><strong>Material:<\/strong> Elija un material duradero y f\u00e1cil de limpiar, como el acero inoxidable o el composite.<\/li>\n<li data-sourcepos=\"21:1-21:100\"><strong>Configuraci\u00f3n del cuenco:<\/strong> Seleccione una configuraci\u00f3n de cazoleta sencilla, doble o triple en funci\u00f3n de sus necesidades.<\/li>\n<li data-sourcepos=\"22:1-22:64\"><strong>Profundidad:<\/strong> Un recipiente m\u00e1s profundo puede alojar ollas y sartenes m\u00e1s grandes.<\/li>\n<li data-sourcepos=\"23:1-23:105\"><strong>Acabado:<\/strong> Elija un acabado que complemente el estilo de su cocina, como cepillado, pulido o satinado.<\/li>\n<li data-sourcepos=\"24:1-25:0\"><strong>Instalaci\u00f3n:<\/strong> Tenga en cuenta el m\u00e9todo de instalaci\u00f3n, si es empotrado o sobrepuesto.<\/li>\n<\/ul>\n<p data-sourcepos=\"26:1-26:138\">Si considera detenidamente estos factores, podr\u00e1 elegir el fregadero de cocina de 30 pulgadas perfecto<\/p>","protected":false},"excerpt":{"rendered":"<p>Tama\u00f1o total : 700*460*230 mm<\/p>\n<p>Tama\u00f1o de la cuba : 660*363 mm<\/p>\n<p>Tama\u00f1o del recorte : 676*436 mm<\/p>\n<p>Esquina Radian : R10<\/p>","protected":false},"featured_media":2422,"template":"","meta":[],"product_brand":[],"product_cat":[53],"product_tag":[],"class_list":{"0":"post-2421","1":"product","2":"type-product","3":"status-publish","4":"has-post-thumbnail","6":"product_cat-topmount-sink-1","8":"first","9":"instock","10":"shipping-taxable","11":"product-type-simple"},"_links":{"self":[{"href":"https:\/\/sinkwithfaucet.com\/es\/wp-json\/wp\/v2\/product\/2421","targetHints":{"allow":["GET"]}}],"collection":[{"href":"https:\/\/sinkwithfaucet.com\/es\/wp-json\/wp\/v2\/product"}],"about":[{"href":"https:\/\/sinkwithfaucet.com\/es\/wp-json\/wp\/v2\/types\/product"}],"wp:featuredmedia":[{"embeddable":true,"href":"https:\/\/sinkwithfaucet.com\/es\/wp-json\/wp\/v2\/media\/2422"}],"wp:attachment":[{"href":"https:\/\/sinkwithfaucet.com\/es\/wp-json\/wp\/v2\/media?parent=2421"}],"wp:term":[{"taxonomy":"product_brand","embeddable":true,"href":"https:\/\/sinkwithfaucet.com\/es\/wp-json\/wp\/v2\/product_brand?post=2421"},{"taxonomy":"product_cat","embeddable":true,"href":"https:\/\/sinkwithfaucet.com\/es\/wp-json\/wp\/v2\/product_cat?post=2421"},{"taxonomy":"product_tag","embeddable":true,"href":"https:\/\/sinkwithfaucet.com\/es\/wp-json\/wp\/v2\/product_tag?post=2421"}],"curies":[{"name":"wp","href":"https:\/\/api.w.org\/{rel}","templated":true}]}}