{"id":2407,"date":"2024-11-04T02:52:17","date_gmt":"2024-11-04T02:52:17","guid":{"rendered":"https:\/\/sinkwithfaucet.com\/?post_type=product&#038;p=2407"},"modified":"2024-11-04T02:52:17","modified_gmt":"2024-11-04T02:52:17","slug":"top-mount-kitchen-sink-1200sdo","status":"publish","type":"product","link":"https:\/\/sinkwithfaucet.com\/es\/top-mount-kitchen-sink-1200sdo\/","title":{"rendered":"Fregadero de cocina de montaje superior 1200SDO"},"content":{"rendered":"<h2 data-sourcepos=\"1:1-1:44\">Fregaderos de cocina de montaje superior: Una elecci\u00f3n cl\u00e1sica<\/h2>\n<p data-sourcepos=\"3:1-3:206\">Los fregaderos de cocina de montaje superior, tambi\u00e9n conocidos como fregaderos drop-in, son una opci\u00f3n cl\u00e1sica y vers\u00e1til para muchas cocinas. Se instalan encima de la encimera, creando un aspecto tradicional y f\u00e1cil de instalar.<\/p>\n<p data-sourcepos=\"5:1-5:44\"><strong>Caracter\u00edsticas principales:<\/strong><\/p>\n<ul data-sourcepos=\"7:1-11:0\">\n<li data-sourcepos=\"7:1-7:70\"><strong>F\u00e1cil instalaci\u00f3n:<\/strong> F\u00e1cil de instalar en cualquier material de encimera.<\/li>\n<li data-sourcepos=\"8:1-8:112\"><strong>Amplia gama de estilos:<\/strong> Disponibles en varias formas, tama\u00f1os y materiales para adaptarse a los distintos dise\u00f1os de cocina.<\/li>\n<li data-sourcepos=\"9:1-9:127\"><strong>Duradero e higi\u00e9nico:<\/strong> Fabricados con materiales como acero inoxidable, cer\u00e1mica o composite, garantizan un rendimiento duradero.<\/li>\n<li data-sourcepos=\"10:1-11:0\"><strong>Rentable:<\/strong> Suelen ser m\u00e1s asequibles que los fregaderos bajo encimera.<\/li>\n<\/ul>\n<p data-sourcepos=\"12:1-12:37\"><strong>Tipos de fregaderos de cocina de montaje superior:<\/strong><\/p>\n<ul data-sourcepos=\"14:1-18:0\">\n<li data-sourcepos=\"14:1-14:57\"><strong>Cuenco individual:<\/strong> Una sola pila grande para uso general.<\/li>\n<li data-sourcepos=\"15:1-15:56\"><strong>Taz\u00f3n doble:<\/strong> Dos lavabos separados para realizar m\u00faltiples tareas.<\/li>\n<li data-sourcepos=\"16:1-16:92\"><strong>Triple Bowl:<\/strong> Tres lavabos para una mayor funcionalidad, que a menudo se encuentran en las cocinas comerciales.<\/li>\n<li data-sourcepos=\"17:1-18:0\"><strong>Fregadero de granja:<\/strong> Un fregadero grande y profundo con frente de delantal, que ofrece un aspecto r\u00fastico y tradicional.<\/li>\n<\/ul>\n<p data-sourcepos=\"19:1-19:75\"><strong>Al elegir un fregadero de cocina de montaje superior, tenga en cuenta los siguientes factores:<\/strong><\/p>\n<ul data-sourcepos=\"21:1-25:0\">\n<li data-sourcepos=\"21:1-21:70\"><strong>Tama\u00f1o:<\/strong> Aseg\u00farese de que el fregadero se adapta a su encimera y satisface sus necesidades.<\/li>\n<li data-sourcepos=\"22:1-22:98\"><strong>Material:<\/strong> Elija un material duradero y f\u00e1cil de limpiar, como el acero inoxidable o el composite.<\/li>\n<li data-sourcepos=\"23:1-23:75\"><strong>Estilo:<\/strong> Seleccione un estilo que complemente el dise\u00f1o general de su cocina.<\/li>\n<li data-sourcepos=\"24:1-25:0\"><strong>Instalaci\u00f3n:<\/strong> Aseg\u00farese de que la instalaci\u00f3n es correcta para evitar fugas y da\u00f1os.<\/li>\n<\/ul>\n<p data-sourcepos=\"26:1-26:141\">Si tiene en cuenta estos factores, podr\u00e1 elegir el fregadero de montaje superior perfecto para mejorar la funcionalidad y el estilo de su cocina.<\/p>","protected":false},"excerpt":{"rendered":"<p>Tama\u00f1o total : 1200*510*220 mm<\/p>\n<p>Tama\u00f1o de la cuba : 440*400 mm<\/p>\n<p>Tama\u00f1o del recorte : 1175*485 mm<\/p>\n<p>Esquina Radian : R10<\/p>","protected":false},"featured_media":2408,"template":"","meta":[],"product_brand":[],"product_cat":[53],"product_tag":[],"class_list":{"0":"post-2407","1":"product","2":"type-product","3":"status-publish","4":"has-post-thumbnail","6":"product_cat-topmount-sink-1","8":"first","9":"instock","10":"shipping-taxable","11":"product-type-simple"},"_links":{"self":[{"href":"https:\/\/sinkwithfaucet.com\/es\/wp-json\/wp\/v2\/product\/2407","targetHints":{"allow":["GET"]}}],"collection":[{"href":"https:\/\/sinkwithfaucet.com\/es\/wp-json\/wp\/v2\/product"}],"about":[{"href":"https:\/\/sinkwithfaucet.com\/es\/wp-json\/wp\/v2\/types\/product"}],"wp:featuredmedia":[{"embeddable":true,"href":"https:\/\/sinkwithfaucet.com\/es\/wp-json\/wp\/v2\/media\/2408"}],"wp:attachment":[{"href":"https:\/\/sinkwithfaucet.com\/es\/wp-json\/wp\/v2\/media?parent=2407"}],"wp:term":[{"taxonomy":"product_brand","embeddable":true,"href":"https:\/\/sinkwithfaucet.com\/es\/wp-json\/wp\/v2\/product_brand?post=2407"},{"taxonomy":"product_cat","embeddable":true,"href":"https:\/\/sinkwithfaucet.com\/es\/wp-json\/wp\/v2\/product_cat?post=2407"},{"taxonomy":"product_tag","embeddable":true,"href":"https:\/\/sinkwithfaucet.com\/es\/wp-json\/wp\/v2\/product_tag?post=2407"}],"curies":[{"name":"wp","href":"https:\/\/api.w.org\/{rel}","templated":true}]}}