{"id":2405,"date":"2024-11-04T02:44:36","date_gmt":"2024-11-04T02:44:36","guid":{"rendered":"https:\/\/sinkwithfaucet.com\/?post_type=product&#038;p=2405"},"modified":"2024-11-04T02:45:56","modified_gmt":"2024-11-04T02:45:56","slug":"above-counter-sink-8151sdo","status":"publish","type":"product","link":"https:\/\/sinkwithfaucet.com\/es\/above-counter-sink-8151sdo\/","title":{"rendered":"Fregadero sobre encimera 8151SDO"},"content":{"rendered":"<h2 data-sourcepos=\"1:1-1:51\">Fregaderos sobre encimera: Una elecci\u00f3n elegante y moderna<\/h2>\n<p data-sourcepos=\"3:1-3:194\"><strong>Fregaderos sobre encimera<\/strong>tambi\u00e9n conocidos como fregaderos de recipiente, son una opci\u00f3n popular para el dise\u00f1o de ba\u00f1os y cocinas. Se asientan sobre la encimera, creando un punto focal \u00fanico y llamativo.<\/p>\n<p data-sourcepos=\"5:1-5:40\"><strong>Caracter\u00edsticas principales de los fregaderos sobre encimera:<\/strong><\/p>\n<ul data-sourcepos=\"7:1-11:0\">\n<li data-sourcepos=\"7:1-7:88\"><strong>Dise\u00f1o elegante:<\/strong> Disponibles en una amplia gama de estilos, desde el cl\u00e1sico al contempor\u00e1neo.<\/li>\n<li data-sourcepos=\"8:1-8:78\"><strong>F\u00e1cil instalaci\u00f3n:<\/strong> F\u00e1cil de instalar sobre la encimera existente.<\/li>\n<li data-sourcepos=\"9:1-9:72\"><strong>Variedad de materiales:<\/strong> Elija entre cer\u00e1mica, vidrio, piedra o metal.<\/li>\n<li data-sourcepos=\"10:1-11:0\"><strong>Personalizaci\u00f3n:<\/strong> Puede personalizarse para adaptarlo a sus necesidades y preferencias espec\u00edficas.<\/li>\n<\/ul>\n<p data-sourcepos=\"12:1-12:55\"><strong>Consideraciones a la hora de elegir un fregadero sobre encimera:<\/strong><\/p>\n<ul data-sourcepos=\"14:1-18:0\">\n<li data-sourcepos=\"14:1-14:144\"><strong>Tama\u00f1o y forma:<\/strong> Tenga en cuenta el tama\u00f1o y la forma del fregadero para asegurarse de que se adapta a su encimera y complementa el dise\u00f1o de su ba\u00f1o o cocina.<\/li>\n<li data-sourcepos=\"15:1-15:82\"><strong>Material:<\/strong> Elija un material duradero y f\u00e1cil de limpiar que se adapte a su estilo.<\/li>\n<li data-sourcepos=\"16:1-16:87\"><strong>Grifo:<\/strong> Seleccione un grifo que sea compatible con la altura y el estilo del fregadero.<\/li>\n<li data-sourcepos=\"17:1-18:0\"><strong>Instalaci\u00f3n:<\/strong> Aseg\u00farese de que la instalaci\u00f3n es correcta para evitar da\u00f1os por agua y garantizar un funcionamiento \u00f3ptimo.<\/li>\n<\/ul>\n<p data-sourcepos=\"19:1-19:143\"><strong>Si considera detenidamente estos factores, podr\u00e1 elegir el fregadero sobre encimera perfecto para elevar el estilo y la funcionalidad de su espacio.<\/strong><\/p>","protected":false},"excerpt":{"rendered":"<p>Tama\u00f1o total : 810*510*220 mm<\/p>\n<p>Tama\u00f1o de la cuba : 400*400 mm<\/p>\n<p>Tama\u00f1o del recorte : 785*485 mm<\/p>\n<p>Esquina Radian : R10<\/p>","protected":false},"featured_media":2406,"template":"","meta":[],"product_brand":[],"product_cat":[53],"product_tag":[],"class_list":{"0":"post-2405","1":"product","2":"type-product","3":"status-publish","4":"has-post-thumbnail","6":"product_cat-topmount-sink-1","8":"first","9":"instock","10":"shipping-taxable","11":"product-type-simple"},"_links":{"self":[{"href":"https:\/\/sinkwithfaucet.com\/es\/wp-json\/wp\/v2\/product\/2405","targetHints":{"allow":["GET"]}}],"collection":[{"href":"https:\/\/sinkwithfaucet.com\/es\/wp-json\/wp\/v2\/product"}],"about":[{"href":"https:\/\/sinkwithfaucet.com\/es\/wp-json\/wp\/v2\/types\/product"}],"wp:featuredmedia":[{"embeddable":true,"href":"https:\/\/sinkwithfaucet.com\/es\/wp-json\/wp\/v2\/media\/2406"}],"wp:attachment":[{"href":"https:\/\/sinkwithfaucet.com\/es\/wp-json\/wp\/v2\/media?parent=2405"}],"wp:term":[{"taxonomy":"product_brand","embeddable":true,"href":"https:\/\/sinkwithfaucet.com\/es\/wp-json\/wp\/v2\/product_brand?post=2405"},{"taxonomy":"product_cat","embeddable":true,"href":"https:\/\/sinkwithfaucet.com\/es\/wp-json\/wp\/v2\/product_cat?post=2405"},{"taxonomy":"product_tag","embeddable":true,"href":"https:\/\/sinkwithfaucet.com\/es\/wp-json\/wp\/v2\/product_tag?post=2405"}],"curies":[{"name":"wp","href":"https:\/\/api.w.org\/{rel}","templated":true}]}}