{"id":2394,"date":"2024-11-04T01:54:04","date_gmt":"2024-11-04T01:54:04","guid":{"rendered":"https:\/\/sinkwithfaucet.com\/?post_type=product&#038;p=2394"},"modified":"2024-11-04T01:55:37","modified_gmt":"2024-11-04T01:55:37","slug":"undermount-bar-sink-1144ddu","status":"publish","type":"product","link":"https:\/\/sinkwithfaucet.com\/es\/undermount-bar-sink-1144ddu\/","title":{"rendered":"Fregadero bajo encimera 1144DDU"},"content":{"rendered":"<h2 data-sourcepos=\"1:1-1:50\">Fregaderos bajo encimera: Una elecci\u00f3n elegante y moderna<\/h2>\n<p data-sourcepos=\"3:1-3:193\"><strong>Fregaderos bajo encimera<\/strong> son una opci\u00f3n popular para bares dom\u00e9sticos, bares h\u00famedos y cocinas peque\u00f1as. Est\u00e1n dise\u00f1ados para instalarse debajo de la encimera, creando un aspecto moderno y sin juntas.<\/p>\n<p data-sourcepos=\"5:1-5:41\"><strong>Caracter\u00edsticas principales:<\/strong><\/p>\n<ul data-sourcepos=\"7:1-11:0\">\n<li data-sourcepos=\"7:1-7:92\"><strong>Dise\u00f1o elegante:<\/strong> La instalaci\u00f3n bajo encimera proporciona una est\u00e9tica limpia y contempor\u00e1nea.<\/li>\n<li data-sourcepos=\"8:1-8:119\"><strong>F\u00e1cil de limpiar:<\/strong> La perfecta integraci\u00f3n con la encimera elimina los huecos donde pueden acumularse la suciedad y los residuos.<\/li>\n<li data-sourcepos=\"9:1-9:58\"><strong>Ahorro de espacio:<\/strong> Tama\u00f1o compacto ideal para espacios reducidos.<\/li>\n<li data-sourcepos=\"10:1-11:0\"><strong>Durabilidad:<\/strong> Fabricados normalmente en acero inoxidable de alta calidad, garantizan un rendimiento duradero.<\/li>\n<\/ul>\n<p data-sourcepos=\"12:1-12:56\"><strong>Consideraciones a la hora de elegir un fregadero de barra bajo encimera:<\/strong><\/p>\n<ul data-sourcepos=\"14:1-18:0\">\n<li data-sourcepos=\"14:1-14:66\"><strong>Tama\u00f1o:<\/strong> Elija un tama\u00f1o que se adapte a su espacio y necesidades espec\u00edficas.<\/li>\n<li data-sourcepos=\"15:1-15:109\"><strong>Profundidad:<\/strong> Tenga en cuenta la profundidad del fregadero para distintas tareas, como lavar la cristaler\u00eda o preparar bebidas.<\/li>\n<li data-sourcepos=\"16:1-16:92\"><strong>Material:<\/strong> El acero inoxidable es una opci\u00f3n popular por su durabilidad y f\u00e1cil mantenimiento.<\/li>\n<li data-sourcepos=\"17:1-18:0\"><strong>Orificios para grifos:<\/strong> Aseg\u00farese de que el fregadero tiene el n\u00famero adecuado de orificios de grifo para la configuraci\u00f3n deseada.<\/li>\n<\/ul>\n<p data-sourcepos=\"19:1-20:30\">Si tiene en cuenta estos factores, podr\u00e1 elegir el fregadero bajo encimera perfecto para su cocina o bar.<\/p>","protected":false},"excerpt":{"rendered":"<p>Tama\u00f1o total \uff1a 1150*440*220 mm<\/p>\n<p>Tama\u00f1o de la cuba \uff1a400*400\/300*400 mm<\/p>\n<p>Tama\u00f1o de corte \uff1a1110*400 mm<\/p>\n<p>Esquina Radian \uff1aR10<\/p>","protected":false},"featured_media":2397,"template":"","meta":[],"product_brand":[],"product_cat":[52],"product_tag":[],"class_list":{"0":"post-2394","1":"product","2":"type-product","3":"status-publish","4":"has-post-thumbnail","6":"product_cat-undermount-sink-1","8":"first","9":"instock","10":"shipping-taxable","11":"product-type-simple"},"_links":{"self":[{"href":"https:\/\/sinkwithfaucet.com\/es\/wp-json\/wp\/v2\/product\/2394","targetHints":{"allow":["GET"]}}],"collection":[{"href":"https:\/\/sinkwithfaucet.com\/es\/wp-json\/wp\/v2\/product"}],"about":[{"href":"https:\/\/sinkwithfaucet.com\/es\/wp-json\/wp\/v2\/types\/product"}],"wp:featuredmedia":[{"embeddable":true,"href":"https:\/\/sinkwithfaucet.com\/es\/wp-json\/wp\/v2\/media\/2397"}],"wp:attachment":[{"href":"https:\/\/sinkwithfaucet.com\/es\/wp-json\/wp\/v2\/media?parent=2394"}],"wp:term":[{"taxonomy":"product_brand","embeddable":true,"href":"https:\/\/sinkwithfaucet.com\/es\/wp-json\/wp\/v2\/product_brand?post=2394"},{"taxonomy":"product_cat","embeddable":true,"href":"https:\/\/sinkwithfaucet.com\/es\/wp-json\/wp\/v2\/product_cat?post=2394"},{"taxonomy":"product_tag","embeddable":true,"href":"https:\/\/sinkwithfaucet.com\/es\/wp-json\/wp\/v2\/product_tag?post=2394"}],"curies":[{"name":"wp","href":"https:\/\/api.w.org\/{rel}","templated":true}]}}