{"id":2342,"date":"2024-11-01T07:21:34","date_gmt":"2024-11-01T07:21:34","guid":{"rendered":"https:\/\/sinkwithfaucet.com\/?post_type=product&#038;p=2342"},"modified":"2024-11-01T07:23:29","modified_gmt":"2024-11-01T07:23:29","slug":"small-stainless-steel-sink-2344su","status":"publish","type":"product","link":"https:\/\/sinkwithfaucet.com\/es\/small-stainless-steel-sink-2344su\/","title":{"rendered":"Fregadero peque\u00f1o de acero inoxidable 2344SU"},"content":{"rendered":"<h2 data-sourcepos=\"1:1-1:50\">Fregaderos peque\u00f1os de acero inoxidable: Una soluci\u00f3n compacta<\/h2>\n<p data-sourcepos=\"3:1-3:87\">Los fregaderos peque\u00f1os de acero inoxidable son una opci\u00f3n pr\u00e1ctica para diversas aplicaciones.<\/p>\n<p data-sourcepos=\"10:1-10:44\"><strong>Ventajas:<\/strong><\/p>\n<ul data-sourcepos=\"12:1-16:0\">\n<li data-sourcepos=\"12:1-12:58\"><strong>Ahorro de espacio:<\/strong> Su dise\u00f1o compacto cabe en espacios reducidos.<\/li>\n<li data-sourcepos=\"13:1-13:88\"><strong>Durabilidad:<\/strong> El acero inoxidable es un material duradero que resiste el \u00f3xido y la corrosi\u00f3n.<\/li>\n<li data-sourcepos=\"14:1-14:66\"><strong>F\u00e1cil de limpiar:<\/strong> La superficie lisa es f\u00e1cil de mantener y limpiar.<\/li>\n<li data-sourcepos=\"15:1-16:0\"><strong>Est\u00e9tica moderna:<\/strong> Su dise\u00f1o elegante y estilizado complementa varios estilos de cocina.<\/li>\n<\/ul>\n<p data-sourcepos=\"17:1-17:41\"><strong>Tipos:<\/strong><\/p>\n<ul data-sourcepos=\"19:1-23:0\">\n<li data-sourcepos=\"19:1-19:77\"><strong>Fregaderos bajo encimera:<\/strong> Se instala debajo de la encimera para un aspecto sin juntas.<\/li>\n<li data-sourcepos=\"20:1-20:93\"><strong>Fregaderos de montaje superior:<\/strong> Se instala encima de la encimera, ofreciendo un aspecto tradicional.<\/li>\n<li data-sourcepos=\"21:1-21:65\"><strong>Fregaderos de una cubeta:<\/strong> Un solo lavabo para tareas b\u00e1sicas de limpieza.<\/li>\n<li data-sourcepos=\"22:1-23:0\"><strong>Fregaderos de doble seno:<\/strong> Dos lavabos separados para realizar m\u00faltiples tareas.<\/li>\n<\/ul>\n<p data-sourcepos=\"24:1-24:78\"><strong>Tenga en cuenta los siguientes factores a la hora de elegir un fregadero peque\u00f1o de acero inoxidable:<\/strong><\/p>\n<ul data-sourcepos=\"26:1-30:0\">\n<li data-sourcepos=\"26:1-26:76\"><strong>Tama\u00f1o:<\/strong> Elija un tama\u00f1o que se adapte a sus necesidades espec\u00edficas y al espacio disponible.<\/li>\n<li data-sourcepos=\"27:1-27:64\"><strong>Profundidad:<\/strong> En un fregadero m\u00e1s profundo caben ollas y sartenes m\u00e1s grandes.<\/li>\n<li data-sourcepos=\"28:1-28:93\"><strong>Calibre:<\/strong> El grosor del acero inoxidable puede afectar a la durabilidad y el sonido del fregadero.<\/li>\n<li data-sourcepos=\"29:1-30:0\"><strong>Acabado:<\/strong> Elija un acabado que complemente el estilo de su cocina, como acero inoxidable cepillado o pulido.<\/li>\n<\/ul>\n<p data-sourcepos=\"31:1-31:109\">Si considera detenidamente estos factores, podr\u00e1 elegir el fregadero peque\u00f1o de acero inoxidable perfecto para sus necesidades.<\/p>","protected":false},"excerpt":{"rendered":"<p>Tama\u00f1o total \uff1a 230*440*200 mm<\/p>\n<p>Tama\u00f1o de la cuba \uff1a190*400 mm<\/p>\n<p>Tama\u00f1o de corte \uff1a190*400 mm<\/p>\n<p>Esquina Radian \uff1aR10<\/p>","protected":false},"featured_media":2343,"template":"","meta":[],"product_brand":[],"product_cat":[52],"product_tag":[],"class_list":{"0":"post-2342","1":"product","2":"type-product","3":"status-publish","4":"has-post-thumbnail","6":"product_cat-undermount-sink-1","8":"first","9":"instock","10":"shipping-taxable","11":"product-type-simple"},"_links":{"self":[{"href":"https:\/\/sinkwithfaucet.com\/es\/wp-json\/wp\/v2\/product\/2342","targetHints":{"allow":["GET"]}}],"collection":[{"href":"https:\/\/sinkwithfaucet.com\/es\/wp-json\/wp\/v2\/product"}],"about":[{"href":"https:\/\/sinkwithfaucet.com\/es\/wp-json\/wp\/v2\/types\/product"}],"wp:featuredmedia":[{"embeddable":true,"href":"https:\/\/sinkwithfaucet.com\/es\/wp-json\/wp\/v2\/media\/2343"}],"wp:attachment":[{"href":"https:\/\/sinkwithfaucet.com\/es\/wp-json\/wp\/v2\/media?parent=2342"}],"wp:term":[{"taxonomy":"product_brand","embeddable":true,"href":"https:\/\/sinkwithfaucet.com\/es\/wp-json\/wp\/v2\/product_brand?post=2342"},{"taxonomy":"product_cat","embeddable":true,"href":"https:\/\/sinkwithfaucet.com\/es\/wp-json\/wp\/v2\/product_cat?post=2342"},{"taxonomy":"product_tag","embeddable":true,"href":"https:\/\/sinkwithfaucet.com\/es\/wp-json\/wp\/v2\/product_tag?post=2342"}],"curies":[{"name":"wp","href":"https:\/\/api.w.org\/{rel}","templated":true}]}}