{"id":2665,"date":"2024-11-11T10:29:22","date_gmt":"2024-11-11T10:29:22","guid":{"rendered":"https:\/\/sinkwithfaucet.com\/?post_type=product&#038;p=2665"},"modified":"2024-11-11T10:29:22","modified_gmt":"2024-11-11T10:29:22","slug":"modern-sink-faucet-1008","status":"publish","type":"product","link":"https:\/\/sinkwithfaucet.com\/de\/modern-sink-faucet-1008\/","title":{"rendered":"Moderne Sp\u00fcltischarmatur 1008"},"content":{"rendered":"<h2 data-sourcepos=\"1:1-1:52\">Moderne Waschbeckenarmaturen: Eine Mischung aus Form und Funktion<\/h2>\n<p data-sourcepos=\"3:1-3:211\">Eine moderne Sp\u00fcltischarmatur ist mehr als nur eine funktionale Sanit\u00e4rarmatur. Sie ist ein Design-Statement, das die \u00c4sthetik Ihrer K\u00fcche oder Ihres Badezimmers aufwerten kann. Hier sind einige wichtige Merkmale moderner Sp\u00fcltischarmaturen:<\/p>\n<h3 data-sourcepos=\"5:1-5:40\">Hauptmerkmale der modernen Waschbeckenarmaturen:<\/h3>\n<ul data-sourcepos=\"7:1-13:0\">\n<li data-sourcepos=\"7:1-7:87\"><strong>Minimalistisches Design:<\/strong> Klare Linien, einfache Formen und die Konzentration auf das Wesentliche.<\/li>\n<li data-sourcepos=\"8:1-8:87\"><strong>Schlanke Oberfl\u00e4chen:<\/strong> Beliebte Oberfl\u00e4chen sind Mattschwarz, geb\u00fcrsteter Nickel und Chrom.<\/li>\n<li data-sourcepos=\"9:1-9:65\"><strong>High-Arc-Ausgie\u00dfer:<\/strong> Erm\u00f6glicht das einfache Bef\u00fcllen von hohen Beh\u00e4ltern.<\/li>\n<li data-sourcepos=\"10:1-10:72\"><strong>Pull-Down- oder Pull-Out-Spritzen:<\/strong> Bieten Sie Flexibilit\u00e4t und Komfort.<\/li>\n<li data-sourcepos=\"11:1-11:70\"><strong>Ber\u00fchrungslose Technologie:<\/strong> Freih\u00e4ndiger Betrieb f\u00fcr bessere Hygiene.<\/li>\n<li data-sourcepos=\"12:1-13:0\"><strong>Wassereffizientes Design:<\/strong> Reduzieren Sie den Wasserverbrauch ohne Leistungseinbu\u00dfen.<\/li>\n<\/ul>\n<h3 data-sourcepos=\"14:1-14:33\">Arten von modernen Waschbeckenarmaturen:<\/h3>\n<ul data-sourcepos=\"16:1-20:0\">\n<li data-sourcepos=\"16:1-16:104\"><strong>Ein-Griff-Armaturen:<\/strong> Mit einem einzigen Hebel lassen sich sowohl die Wassertemperatur als auch der Wasserdurchfluss einfach steuern.<\/li>\n<li data-sourcepos=\"17:1-17:70\"><strong>Zwei-Griff-Armaturen:<\/strong> Bietet eine pr\u00e4zise Steuerung von hei\u00dfem und kaltem Wasser.<\/li>\n<li data-sourcepos=\"18:1-18:86\"><strong>Br\u00fccken-Armaturen:<\/strong> Ein klassischer Stil mit zwei separaten Griffen, die durch eine Br\u00fccke verbunden sind.<\/li>\n<li data-sourcepos=\"19:1-20:0\"><strong>Wandmontierte Wasserh\u00e4hne:<\/strong> Schaffen Sie einen minimalistischen und modernen Look.<\/li>\n<\/ul>\n<h3 data-sourcepos=\"21:1-21:59\">Faktoren, die bei der Wahl einer modernen Sp\u00fcltischarmatur zu ber\u00fccksichtigen sind:<\/h3>\n<ul data-sourcepos=\"23:1-29:0\">\n<li data-sourcepos=\"23:1-23:85\"><strong>Stil:<\/strong> W\u00e4hlen Sie einen Stil, der zu Ihrer K\u00fcche oder Ihrem Bad passt.<\/li>\n<li data-sourcepos=\"24:1-24:72\"><strong>Beenden:<\/strong> W\u00e4hlen Sie eine Oberfl\u00e4che, die haltbar ist und zu Ihren Beschl\u00e4gen passt.<\/li>\n<li data-sourcepos=\"25:1-25:88\"><strong>Funktionsweise:<\/strong> Erw\u00e4gen Sie Merkmale wie einen Pull-Down-Spr\u00fcher oder eine ber\u00fchrungslose Technologie.<\/li>\n<li data-sourcepos=\"26:1-26:78\"><strong>Wasserdruck:<\/strong> Vergewissern Sie sich, dass der Wasserhahn dem Wasserdruck in Ihrem Haus gewachsen ist.<\/li>\n<li data-sourcepos=\"27:1-27:99\"><strong>Einbau:<\/strong> W\u00e4hlen Sie einen Wasserhahn, der leicht zu installieren ist, oder wenden Sie sich an einen professionellen Klempner.<\/li>\n<li data-sourcepos=\"28:1-29:0\"><strong>Haushalt:<\/strong> Legen Sie ein Budget fest und recherchieren Sie Optionen innerhalb Ihrer Preisspanne.<\/li>\n<\/ul>\n<p data-sourcepos=\"30:1-30:137\">Wenn Sie diese Faktoren sorgf\u00e4ltig ber\u00fccksichtigen, k\u00f6nnen Sie eine moderne Waschbeckenarmatur ausw\u00e4hlen, die den Stil und die Funktionalit\u00e4t Ihres Raumes verbessert.<\/p>","protected":false},"excerpt":{"rendered":"<table style=\"height: 407px;\" width=\"704\">\n<tbody>\n<tr>\n<td width=\"808\">1 Wasserhahn Abmessungen insgesamt<\/td>\n<td width=\"1177\">300*225mm<\/td>\n<\/tr>\n<tr>\n<td width=\"808\">2 Wasserhahn Nettogewicht<\/td>\n<td width=\"1177\">2kgs<\/td>\n<\/tr>\n<tr>\n<td width=\"808\">3 Wasserhahn mit Box Bruttogewicht<\/td>\n<td width=\"1177\">2.5kgs<\/td>\n<\/tr>\n<tr>\n<td width=\"808\">4 Abmessungen der Box<\/td>\n<td width=\"1177\">54*32*26mm<\/td>\n<\/tr>\n<tr>\n<td width=\"808\">5 Verpacken<\/td>\n<td width=\"1177\">4STK\/CTN;10STK\/CTN;12STK\/CTN<\/td>\n<\/tr>\n<tr>\n<td width=\"808\">6 Ansaugschlauchl\u00e4nge<\/td>\n<td width=\"1177\">60mm<\/td>\n<\/tr>\n<tr>\n<td width=\"808\">7 Gr\u00f6\u00dfe der Wasserleitungsmutter<\/td>\n<td width=\"1177\">3\/8\u2033oder 1\/2\u2033oder 9\/16\u2033<\/td>\n<\/tr>\n<tr>\n<td width=\"808\">8 Montagebohrung Schnittgr\u00f6\u00dfe<\/td>\n<td width=\"1177\">35mm<\/td>\n<\/tr>\n<tr>\n<td width=\"808\">9 Materialien f\u00fcr Wasserh\u00e4hne<\/td>\n<td width=\"1177\">Bleifrei Premium 304 America Standard Rostfrei<br \/>\nStahl<\/td>\n<\/tr>\n<\/tbody>\n<\/table>","protected":false},"featured_media":2666,"template":"","meta":[],"product_brand":[],"product_cat":[57],"product_tag":[],"class_list":{"0":"post-2665","1":"product","2":"type-product","3":"status-publish","4":"has-post-thumbnail","6":"product_cat-stainless-steel-faucet","8":"first","9":"instock","10":"shipping-taxable","11":"product-type-simple"},"_links":{"self":[{"href":"https:\/\/sinkwithfaucet.com\/de\/wp-json\/wp\/v2\/product\/2665","targetHints":{"allow":["GET"]}}],"collection":[{"href":"https:\/\/sinkwithfaucet.com\/de\/wp-json\/wp\/v2\/product"}],"about":[{"href":"https:\/\/sinkwithfaucet.com\/de\/wp-json\/wp\/v2\/types\/product"}],"wp:featuredmedia":[{"embeddable":true,"href":"https:\/\/sinkwithfaucet.com\/de\/wp-json\/wp\/v2\/media\/2666"}],"wp:attachment":[{"href":"https:\/\/sinkwithfaucet.com\/de\/wp-json\/wp\/v2\/media?parent=2665"}],"wp:term":[{"taxonomy":"product_brand","embeddable":true,"href":"https:\/\/sinkwithfaucet.com\/de\/wp-json\/wp\/v2\/product_brand?post=2665"},{"taxonomy":"product_cat","embeddable":true,"href":"https:\/\/sinkwithfaucet.com\/de\/wp-json\/wp\/v2\/product_cat?post=2665"},{"taxonomy":"product_tag","embeddable":true,"href":"https:\/\/sinkwithfaucet.com\/de\/wp-json\/wp\/v2\/product_tag?post=2665"}],"curies":[{"name":"wp","href":"https:\/\/api.w.org\/{rel}","templated":true}]}}