{"id":2662,"date":"2024-11-11T10:24:59","date_gmt":"2024-11-11T10:24:59","guid":{"rendered":"https:\/\/sinkwithfaucet.com\/?post_type=product&#038;p=2662"},"modified":"2024-11-11T10:24:59","modified_gmt":"2024-11-11T10:24:59","slug":"single-hole-kitchen-sink-faucet-1203","status":"publish","type":"product","link":"https:\/\/sinkwithfaucet.com\/de\/single-hole-kitchen-sink-faucet-1203\/","title":{"rendered":"Einloch-Sp\u00fcltischarmatur 1203"},"content":{"rendered":"<p data-sourcepos=\"1:1-1:198\">Eine Einloch-Sp\u00fcltischarmatur ist aufgrund ihres eleganten und minimalistischen Designs eine beliebte Wahl f\u00fcr moderne K\u00fcchen. Sie ist so konzipiert, dass sie in ein einziges Loch in Ihrer Arbeitsplatte passt, was die Installation zu einem Kinderspiel macht.<\/p>\n<h2 data-sourcepos=\"3:1-3:48\">Wesentliche Merkmale von Einloch-K\u00fcchenarmaturen f\u00fcr Sp\u00fclbecken:<\/h2>\n<ul data-sourcepos=\"5:1-10:0\">\n<li data-sourcepos=\"5:1-5:81\"><strong>Schlankes Design:<\/strong> Das Ein-Loch-Design sorgt f\u00fcr ein klares und modernes Aussehen.<\/li>\n<li data-sourcepos=\"6:1-6:66\"><strong>Einfache Installation:<\/strong> Einfach zu installieren, besonders f\u00fcr Heimwerker.<\/li>\n<li data-sourcepos=\"7:1-7:119\"><strong>Vielfalt der Stile:<\/strong> Erh\u00e4ltlich in verschiedenen Stilen, von modern bis traditionell, um verschiedenen K\u00fcchen\u00e4sthetiken gerecht zu werden.<\/li>\n<li data-sourcepos=\"8:1-8:111\"><strong>Langlebigkeit:<\/strong> Hergestellt aus hochwertigen Materialien wie Messing und Edelstahl f\u00fcr dauerhafte Leistung.<\/li>\n<li data-sourcepos=\"9:1-10:0\"><strong>Einfache Wartung:<\/strong> Einfach zu reinigen und zu pflegen.<\/li>\n<\/ul>\n<h2 data-sourcepos=\"11:1-11:41\">Arten von Einloch-Sp\u00fclbeckenarmaturen:<\/h2>\n<ul data-sourcepos=\"13:1-16:0\">\n<li data-sourcepos=\"13:1-13:108\"><strong>Ein-Griff-Armaturen:<\/strong> Mit einem einzigen Hebel lassen sich sowohl die Wassertemperatur als auch die Durchflussmenge einfach steuern.<\/li>\n<li data-sourcepos=\"14:1-14:106\"><strong>Ausziehbare Wasserh\u00e4hne:<\/strong> Der flexible Auslauf kann nach unten gezogen werden, um die Reichweite und Vielseitigkeit zu erh\u00f6hen.<\/li>\n<li data-sourcepos=\"15:1-16:0\"><strong>Ber\u00fchrungslose Wasserh\u00e4hne:<\/strong> Freih\u00e4ndige Bedienung f\u00fcr bessere Hygiene.<\/li>\n<\/ul>\n<h2 data-sourcepos=\"17:1-17:59\">Faktoren, die bei der Wahl eines Einloch-Wasserhahns zu ber\u00fccksichtigen sind:<\/h2>\n<ul data-sourcepos=\"19:1-23:0\">\n<li data-sourcepos=\"19:1-19:114\"><strong>H\u00f6he des Auslaufs:<\/strong> Vergewissern Sie sich, dass die H\u00f6he des Auslaufs f\u00fcr die Tiefe Ihres Sp\u00fclbeckens und die Gr\u00f6\u00dfe der verwendeten T\u00f6pfe und Pfannen angemessen ist.<\/li>\n<li data-sourcepos=\"20:1-20:116\"><strong>Beenden:<\/strong> W\u00e4hlen Sie eine Oberfl\u00e4che, die zum Stil Ihrer K\u00fcche passt, z. B. Chrom, geb\u00fcrstetes Nickel oder mattes Schwarz.<\/li>\n<li data-sourcepos=\"21:1-21:78\"><strong>Wasserdruck:<\/strong> Vergewissern Sie sich, dass der Wasserhahn dem Wasserdruck in Ihrem Haus gewachsen ist.<\/li>\n<li data-sourcepos=\"22:1-23:0\"><strong>Einbau:<\/strong> Ber\u00fccksichtigen Sie die Installationsmethode und die erforderlichen Sanit\u00e4ranschl\u00fcsse.<\/li>\n<\/ul>\n<p data-sourcepos=\"24:1-24:147\">Wenn Sie diese Faktoren sorgf\u00e4ltig ber\u00fccksichtigen, k\u00f6nnen Sie eine Einloch-K\u00fcchenarmatur ausw\u00e4hlen, die sowohl die Funktionalit\u00e4t als auch den Stil Ihrer K\u00fcche verbessert.<\/p>","protected":false},"excerpt":{"rendered":"<table style=\"height: 407px;\" width=\"704\">\n<tbody>\n<tr>\n<td width=\"808\">1 Wasserhahn Abmessungen insgesamt<\/td>\n<td width=\"1177\">380*225mm<\/td>\n<\/tr>\n<tr>\n<td width=\"808\">2 Wasserhahn Nettogewicht<\/td>\n<td width=\"1177\">2kgs<\/td>\n<\/tr>\n<tr>\n<td width=\"808\">3 Wasserhahn mit Box Bruttogewicht<\/td>\n<td width=\"1177\">2.5kgs<\/td>\n<\/tr>\n<tr>\n<td width=\"808\">4 Abmessungen der Box<\/td>\n<td width=\"1177\">54*32*26mm<\/td>\n<\/tr>\n<tr>\n<td width=\"808\">5 Verpacken<\/td>\n<td width=\"1177\">4STK\/CTN;10STK\/CTN;12STK\/CTN<\/td>\n<\/tr>\n<tr>\n<td width=\"808\">6 Ansaugschlauchl\u00e4nge<\/td>\n<td width=\"1177\">60mm<\/td>\n<\/tr>\n<tr>\n<td width=\"808\">7 Gr\u00f6\u00dfe der Wasserleitungsmutter<\/td>\n<td width=\"1177\">3\/8\u2033oder 1\/2\u2033oder 9\/16\u2033<\/td>\n<\/tr>\n<tr>\n<td width=\"808\">8 Montagebohrung Schnittgr\u00f6\u00dfe<\/td>\n<td width=\"1177\">35mm<\/td>\n<\/tr>\n<tr>\n<td width=\"808\">9 Materialien f\u00fcr Wasserh\u00e4hne<\/td>\n<td width=\"1177\">Bleifrei Premium 304 America Standard Rostfrei<br \/>\nStahl<\/td>\n<\/tr>\n<\/tbody>\n<\/table>","protected":false},"featured_media":2663,"template":"","meta":[],"product_brand":[],"product_cat":[57],"product_tag":[],"class_list":{"0":"post-2662","1":"product","2":"type-product","3":"status-publish","4":"has-post-thumbnail","6":"product_cat-stainless-steel-faucet","8":"first","9":"instock","10":"shipping-taxable","11":"product-type-simple"},"_links":{"self":[{"href":"https:\/\/sinkwithfaucet.com\/de\/wp-json\/wp\/v2\/product\/2662","targetHints":{"allow":["GET"]}}],"collection":[{"href":"https:\/\/sinkwithfaucet.com\/de\/wp-json\/wp\/v2\/product"}],"about":[{"href":"https:\/\/sinkwithfaucet.com\/de\/wp-json\/wp\/v2\/types\/product"}],"wp:featuredmedia":[{"embeddable":true,"href":"https:\/\/sinkwithfaucet.com\/de\/wp-json\/wp\/v2\/media\/2663"}],"wp:attachment":[{"href":"https:\/\/sinkwithfaucet.com\/de\/wp-json\/wp\/v2\/media?parent=2662"}],"wp:term":[{"taxonomy":"product_brand","embeddable":true,"href":"https:\/\/sinkwithfaucet.com\/de\/wp-json\/wp\/v2\/product_brand?post=2662"},{"taxonomy":"product_cat","embeddable":true,"href":"https:\/\/sinkwithfaucet.com\/de\/wp-json\/wp\/v2\/product_cat?post=2662"},{"taxonomy":"product_tag","embeddable":true,"href":"https:\/\/sinkwithfaucet.com\/de\/wp-json\/wp\/v2\/product_tag?post=2662"}],"curies":[{"name":"wp","href":"https:\/\/api.w.org\/{rel}","templated":true}]}}