{"id":2660,"date":"2024-11-11T10:19:02","date_gmt":"2024-11-11T10:19:02","guid":{"rendered":"https:\/\/sinkwithfaucet.com\/?post_type=product&#038;p=2660"},"modified":"2024-12-27T03:10:06","modified_gmt":"2024-12-27T03:10:06","slug":"single-handle-pull-out-sprayer-kitchen-faucet","status":"publish","type":"product","link":"https:\/\/sinkwithfaucet.com\/de\/single-handle-pull-out-sprayer-kitchen-faucet\/","title":{"rendered":"Einhand-K\u00fcchenarmatur mit herausziehbarer Brause 1107"},"content":{"rendered":"<h2 class=\"a-size-base-plus a-text-bold\"><strong>\u00dcber die Einhand-K\u00fcchenarmatur mit herausziehbarer Brause<\/strong><\/h2>\n<ul class=\"a-unordered-list a-vertical a-spacing-mini\">\n<li class=\"a-spacing-mini\"><span class=\"a-list-item\"><strong>LANGLEBIG UND HALTBAR: <\/strong>Diese ausziehbare K\u00fcchenarmatur ist aus hochwertigem Edelstahl gefertigt, mit einer soliden Struktur, und die Oberfl\u00e4che nimmt Hochtemperatur-Backlack-Technologie, die verschlei\u00dffest und langlebig ist, nicht leicht zu rosten und verblassen, und kann f\u00fcr eine lange Zeit verwendet werden.<\/span><\/li>\n<li class=\"a-spacing-mini\"><span class=\"a-list-item\"><strong>MODUS MIT ZWEI AUSL\u00c4UFEN: <\/strong>Die Sp\u00fcltischarmatur ist au\u00dferdem mit einer doppelten Auslauffunktion ausgestattet, die je nach Bedarf einfach zwischen einer normalen Wassers\u00e4ule und einer kr\u00e4ftigen Dusche umgeschaltet werden kann.<\/span><\/li>\n<li class=\"a-spacing-mini\"><span class=\"a-list-item\"><strong>TEMPERATURANPASSUNG: <\/strong>Die <a href=\"https:\/\/kitchensink.us\/stainless-steel-kitchen-faucet\/\" target=\"_blank\" rel=\"noopener\">Sp\u00fcltischhahn<\/a> ist au\u00dferdem mit einer Temperaturanpassungsfunktion ausgestattet, mit der Sie die gew\u00fcnschte Temperatur nach Belieben einstellen k\u00f6nnen, was Ihnen die M\u00fche erspart, hei\u00dfes und kaltes Wasser manuell zu mischen.<\/span><\/li>\n<li class=\"a-spacing-mini\"><span class=\"a-list-item\"><strong>360-GRAD-DREHUNG: <\/strong>Die 360-Grad-Rotationsfunktion erm\u00f6glicht einen vollen Bewegungsspielraum und Flexibilit\u00e4t, so dass der Wasserfluss alle Ecken des Sp\u00fclbeckens flexibel erreichen kann und ausreichend Platz f\u00fcr die Reinigung von T\u00f6pfen und Sch\u00fcsseln bietet.<\/span><\/li>\n<li class=\"a-spacing-mini\"><span class=\"a-list-item\"><strong>HOCHWERTIGE D\u00dcSE: <\/strong>Der weiche Hautaufsch\u00e4umer sorgt nicht nur f\u00fcr einen schaumreichen, weichen und nicht spritzenden Wasserfluss, der sich angenehm anf\u00fchlt, sondern filtert auch Verunreinigungen und hilft Ihnen, im Alltag Wasser zu sparen.<\/span><\/li>\n<\/ul>\n<p>&nbsp;<\/p>\n<h2><strong>Arten von ausziehbaren K\u00fcchenarmaturen<\/strong><\/h2>\n<ul>\n<li><strong>Einhandbedienung:<\/strong><\/li>\n<\/ul>\n<p>Der g\u00e4ngigste Typ mit einem einzigen Hebel, der sowohl die Wassertemperatur als auch den Wasserdurchfluss regelt.  Bietet eine einfache und intuitive Bedienung.<\/p>\n<ul>\n<li><strong>Profi-Stil:<\/strong><\/li>\n<\/ul>\n<p>Sie haben oft einen hohen Auslauf, um mehr Platz unter dem Wasserhahn zu haben.  Sie verf\u00fcgen in der Regel \u00fcber einen kr\u00e4ftigen Strahl und eine robuste Konstruktion, was sie bei K\u00f6chen und Hobbyk\u00f6chen beliebt macht.<\/p>\n<ul>\n<li><strong>Gewichtet:<\/strong><\/li>\n<\/ul>\n<p>Ein Gewicht an der Basis des Spr\u00fchkopfes sorgt f\u00fcr einen reibungslosen Einzug und verhindert, dass der Spr\u00fchkopf baumelt, was ein eleganteres und benutzerfreundlicheres Erlebnis garantiert.<\/p>\n<ul>\n<li><strong>Federbelastet:<\/strong><\/li>\n<\/ul>\n<p>Mit einem Federmechanismus l\u00e4sst sich der Spr\u00fchkopf schnell und m\u00fchelos einziehen.  Das spart Zeit und M\u00fche bei der Anwendung.<\/p>\n<p>&nbsp;<\/p>\n<h2 data-sourcepos=\"16:1-16:57\"><strong>Faktoren, die bei der Wahl einer herausziehbaren Einhand-K\u00fcchenarmatur zu ber\u00fccksichtigen sind<\/strong><\/h2>\n<ul data-sourcepos=\"18:1-22:0\">\n<li data-sourcepos=\"18:1-18:114\"><strong>H\u00f6he des Auslaufs:<\/strong>\u00a0Vergewissern Sie sich, dass die H\u00f6he des Auslaufs f\u00fcr die Tiefe Ihres Sp\u00fclbeckens und die Gr\u00f6\u00dfe der verwendeten T\u00f6pfe und Pfannen angemessen ist.<\/li>\n<li data-sourcepos=\"19:1-19:116\"><strong>Beenden:<\/strong>\u00a0W\u00e4hlen Sie eine Oberfl\u00e4che, die zum Stil Ihrer K\u00fcche passt, z. B. Chrom, geb\u00fcrstetes Nickel oder mattes Schwarz.<\/li>\n<li data-sourcepos=\"20:1-20:91\"><strong>Einbau:<\/strong>\u00a0Ber\u00fccksichtigen Sie die Installationsmethode und die erforderlichen Sanit\u00e4ranschl\u00fcsse.<\/li>\n<li data-sourcepos=\"21:1-22:0\"><strong>Wasserdruck:<\/strong>\u00a0Vergewissern Sie sich, dass der Wasserhahn dem Wasserdruck in Ihrem Haus gewachsen ist.<\/li>\n<\/ul>\n<p>&nbsp;<\/p>\n<h2><strong>Eigenschaften und Vorteile der ausziehbaren K\u00fcchenarmatur<\/strong><\/h2>\n<ul>\n<li>Einlochmontage - 1,75\" maximale Deckdicke<\/li>\n<li>ADA-konform - Einhebelgriff f\u00fcr einfache Bedienung<\/li>\n<li>Vertikaler Griff am Hauptk\u00f6rper, um 90\u00b0 nach vorne drehbar, f\u00fcr die Bedienung in engen R\u00e4umen mit Aufkantungen<\/li>\n<li>Spr\u00fchkopf mit Doppelfunktion - 1,8 GPM Wasserfluss wechselt zwischen kr\u00e4ftigem Spr\u00fchen und bel\u00fcftetem Fluss: Perfekt f\u00fcr kr\u00e4ftiges Schrubben, sanftes Absp\u00fclen und Bef\u00fcllen von T\u00f6pfen<\/li>\n<li>Bleifreie, CALGreen-konforme, langlebige Messingkonstruktion<\/li>\n<li>Der um 360\u00b0 schwenkbare Auslauf sorgt f\u00fcr einen reibungslosen Ablauf beim Herunterziehen<\/li>\n<li>Der Ausguss in hohem Bogen bietet viel Platz zum Bef\u00fcllen von T\u00f6pfen und Reinigen von gr\u00f6\u00dferem Kochgeschirr<\/li>\n<li>Keramikkartusche - h\u00f6chste Qualit\u00e4t und \"No-Drip\"-Pr\u00e4zision<\/li>\n<li>Hocheffizienter Perlator, sorgt f\u00fcr einen sanften, spritzfreien Strahl<\/li>\n<li>Der ausziehbare Spr\u00fchkopf mit dem 60 Zoll langen, geflochtenen Nylonschlauch erm\u00f6glicht es Ihnen, Ihr Waschbecken in jeder Ecke zu sp\u00fclen.<\/li>\n<li>Spr\u00fchkopfd\u00fcsen aus Gummi lassen sich leicht von mineralischen Ablagerungen reinigen und sorgen f\u00fcr eine lang anhaltende Leistung<\/li>\n<li>Mehrschichtige, korrosionsbest\u00e4ndige Oberfl\u00e4che, die nicht anl\u00e4uft und mit der Zeit ausbleicht<\/li>\n<li>Vorinstalliertes Montagematerial und bruchsichere Hei\u00df-\/Kaltwasserleitungen im Lieferumfang enthalten<\/li>\n<\/ul>\n<p>&nbsp;<\/p>\n<p>Mit ihrem klassischen Design und ihren schlichten Linien macht diese elegante Armatur in jeder K\u00fcche eine gute Figur. Der ausziehbare Wasserhahn ist in zwei langlebigen Oberfl\u00e4chen erh\u00e4ltlich, die die Farbpalette Ihrer K\u00fcche erg\u00e4nzen. Der doppelt wirkende Spr\u00fchkopf mit ausziehbarem Schlauch macht das Waschen und Sp\u00fclen zum Kinderspiel. Dieser fachm\u00e4nnisch gefertigte Wasserhahn wird aus den hochwertigsten Materialien hergestellt und wird Ihnen viele Jahre lang einen sorgenfreien Gebrauch erm\u00f6glichen.<\/p>\n<p>&nbsp;<\/p>\n<p>&nbsp;<\/p>\n<p>&nbsp;<\/p>\n<p>&nbsp;<\/p>\n<p>&nbsp;<\/p>\n<p>&nbsp;<\/p>","protected":false},"excerpt":{"rendered":"<table style=\"height: 407px;\" width=\"704\">\n<tbody>\n<tr>\n<td width=\"808\">1 Wasserhahn Abmessungen insgesamt<\/td>\n<td width=\"1177\">380*225mm<\/td>\n<\/tr>\n<tr>\n<td width=\"808\">2 Wasserhahn Nettogewicht<\/td>\n<td width=\"1177\">2.5kgs<\/td>\n<\/tr>\n<tr>\n<td width=\"808\">3 Wasserhahn mit Box Bruttogewicht<\/td>\n<td width=\"1177\">2.8kgs<\/td>\n<\/tr>\n<tr>\n<td width=\"808\">4 Abmessungen der Box<\/td>\n<td width=\"1177\">54*32*26mm<\/td>\n<\/tr>\n<tr>\n<td width=\"808\">5 Verpacken<\/td>\n<td width=\"1177\">4STK\/CTN;10STK\/CTN;12STK\/CTN<\/td>\n<\/tr>\n<tr>\n<td width=\"808\">6 Ansaugschlauchl\u00e4nge<\/td>\n<td width=\"1177\">60mm<\/td>\n<\/tr>\n<tr>\n<td width=\"808\">7 Gr\u00f6\u00dfe der Wasserleitungsmutter<\/td>\n<td width=\"1177\">3\/8\u2033oder 1\/2\u2033oder 9\/16\u2033<\/td>\n<\/tr>\n<tr>\n<td width=\"808\">8 Montagebohrung Schnittgr\u00f6\u00dfe<\/td>\n<td width=\"1177\">35mm<\/td>\n<\/tr>\n<tr>\n<td width=\"808\">9 Materialien f\u00fcr Wasserh\u00e4hne<\/td>\n<td width=\"1177\">Bleifrei Premium 304 America Standard Rostfrei<br \/>\nStahl<\/td>\n<\/tr>\n<\/tbody>\n<\/table>","protected":false},"featured_media":2661,"template":"","meta":[],"product_brand":[],"product_cat":[57],"product_tag":[],"class_list":{"0":"post-2660","1":"product","2":"type-product","3":"status-publish","4":"has-post-thumbnail","6":"product_cat-stainless-steel-faucet","8":"first","9":"instock","10":"shipping-taxable","11":"product-type-simple"},"_links":{"self":[{"href":"https:\/\/sinkwithfaucet.com\/de\/wp-json\/wp\/v2\/product\/2660","targetHints":{"allow":["GET"]}}],"collection":[{"href":"https:\/\/sinkwithfaucet.com\/de\/wp-json\/wp\/v2\/product"}],"about":[{"href":"https:\/\/sinkwithfaucet.com\/de\/wp-json\/wp\/v2\/types\/product"}],"wp:featuredmedia":[{"embeddable":true,"href":"https:\/\/sinkwithfaucet.com\/de\/wp-json\/wp\/v2\/media\/2661"}],"wp:attachment":[{"href":"https:\/\/sinkwithfaucet.com\/de\/wp-json\/wp\/v2\/media?parent=2660"}],"wp:term":[{"taxonomy":"product_brand","embeddable":true,"href":"https:\/\/sinkwithfaucet.com\/de\/wp-json\/wp\/v2\/product_brand?post=2660"},{"taxonomy":"product_cat","embeddable":true,"href":"https:\/\/sinkwithfaucet.com\/de\/wp-json\/wp\/v2\/product_cat?post=2660"},{"taxonomy":"product_tag","embeddable":true,"href":"https:\/\/sinkwithfaucet.com\/de\/wp-json\/wp\/v2\/product_tag?post=2660"}],"curies":[{"name":"wp","href":"https:\/\/api.w.org\/{rel}","templated":true}]}}