{"id":2656,"date":"2024-11-11T10:04:28","date_gmt":"2024-11-11T10:04:28","guid":{"rendered":"https:\/\/sinkwithfaucet.com\/?post_type=product&#038;p=2656"},"modified":"2024-11-11T10:10:09","modified_gmt":"2024-11-11T10:10:09","slug":"single-lever-kitchen-faucet-1005","status":"publish","type":"product","link":"https:\/\/sinkwithfaucet.com\/de\/single-lever-kitchen-faucet-1005\/","title":{"rendered":"Einhebel-K\u00fcchenarmatur 1005"},"content":{"rendered":"<h2 data-sourcepos=\"1:1-1:49\">Einhebelige K\u00fcchenarmaturen: Ein moderner Klassiker<\/h2>\n<p data-sourcepos=\"3:1-3:124\">Einhebel-K\u00fcchenarmaturen sind aufgrund ihres schlanken Designs, ihrer Benutzerfreundlichkeit und ihrer effizienten Wassersteuerung sehr beliebt.<\/p>\n<p data-sourcepos=\"5:1-5:18\"><strong>Wie sie funktionieren:<\/strong><\/p>\n<p data-sourcepos=\"7:1-7:213\">Bei einem Einhebelmischer werden sowohl die Wassertemperatur als auch die Durchflussmenge mit einem einzigen Griff geregelt. Indem Sie den Griff nach oben und unten bewegen, stellen Sie die Wassertemperatur ein, w\u00e4hrend Sie durch seitliches Bewegen den Wasserfluss steuern.<\/p>\n<p data-sourcepos=\"9:1-9:49\"><strong>Die wichtigsten Vorteile von K\u00fcchenarmaturen mit einem Hebel:<\/strong><\/p>\n<ul data-sourcepos=\"11:1-16:0\">\n<li data-sourcepos=\"11:1-11:88\"><strong>Benutzerfreundlichkeit:<\/strong> Mit einem einzigen Griff lassen sich Wassertemperatur und -durchfluss einfach einstellen.<\/li>\n<li data-sourcepos=\"12:1-12:80\"><strong>Schlankes Design:<\/strong> Das minimalistische Design erg\u00e4nzt die moderne K\u00fcchen\u00e4sthetik.<\/li>\n<li data-sourcepos=\"13:1-13:136\"><strong>Wassereffizienz:<\/strong> Viele Einhebelmischer sind WaterSense-zertifiziert, d. h. sie verbrauchen weniger Wasser, ohne an Leistung einzub\u00fc\u00dfen.<\/li>\n<li data-sourcepos=\"14:1-14:117\"><strong>Langlebigkeit:<\/strong> Hergestellt aus hochwertigen Materialien wie Messing und rostfreiem Stahl, um eine lange Lebensdauer zu gew\u00e4hrleisten.<\/li>\n<li data-sourcepos=\"15:1-16:0\"><strong>Vielfalt der Stile:<\/strong> Erh\u00e4ltlich in verschiedenen Ausf\u00fchrungen, von Chrom bis Mattschwarz, je nach Vorliebe.<\/li>\n<\/ul>\n<p data-sourcepos=\"17:1-17:60\"><strong>Faktoren, die bei der Wahl eines Einhebelmischers zu ber\u00fccksichtigen sind:<\/strong><\/p>\n<ul data-sourcepos=\"19:1-24:0\">\n<li data-sourcepos=\"19:1-19:102\"><strong>H\u00f6he des Auslaufs:<\/strong> Ber\u00fccksichtigen Sie die H\u00f6he Ihres Sp\u00fclbeckens und den erforderlichen Freiraum f\u00fcr gro\u00dfe T\u00f6pfe und Pfannen.<\/li>\n<li data-sourcepos=\"20:1-20:88\"><strong>Spr\u00fchkopf:<\/strong> Ein ausziehbarer oder ausziehbarer Spr\u00fchkopf bietet Flexibilit\u00e4t und Komfort.<\/li>\n<li data-sourcepos=\"21:1-21:83\"><strong>Beenden:<\/strong> W\u00e4hlen Sie eine Oberfl\u00e4che, die langlebig ist und zum Stil Ihrer K\u00fcche passt.<\/li>\n<li data-sourcepos=\"22:1-22:78\"><strong>Wasserdruck:<\/strong> Vergewissern Sie sich, dass der Wasserhahn dem Wasserdruck in Ihrem Haus gewachsen ist.<\/li>\n<li data-sourcepos=\"23:1-24:0\"><strong>Einbau:<\/strong> Ber\u00fccksichtigen Sie die Art der Installation, ob es sich um eine Deck- oder eine Wandarmatur handelt.<\/li>\n<\/ul>\n<p data-sourcepos=\"25:1-25:148\">Wenn Sie diese Faktoren sorgf\u00e4ltig ber\u00fccksichtigen, k\u00f6nnen Sie eine Einhebel-K\u00fcchenarmatur ausw\u00e4hlen, die sowohl die Funktionalit\u00e4t als auch den Stil Ihrer K\u00fcche verbessert.<\/p>","protected":false},"excerpt":{"rendered":"<table style=\"height: 407px;\" width=\"704\">\n<tbody>\n<tr>\n<td width=\"808\">1 Wasserhahn Abmessungen insgesamt<\/td>\n<td width=\"1177\">380*225mm<\/td>\n<\/tr>\n<tr>\n<td width=\"808\">2 Wasserhahn Nettogewicht<\/td>\n<td width=\"1177\">2.5kgs<\/td>\n<\/tr>\n<tr>\n<td width=\"808\">3 Wasserhahn mit Box Bruttogewicht<\/td>\n<td width=\"1177\">2.8kgs<\/td>\n<\/tr>\n<tr>\n<td width=\"808\">4 Abmessungen der Box<\/td>\n<td width=\"1177\">54*32*26mm<\/td>\n<\/tr>\n<tr>\n<td width=\"808\">5 Verpacken<\/td>\n<td width=\"1177\">4STK\/CTN;10STK\/CTN;12STK\/CTN<\/td>\n<\/tr>\n<tr>\n<td width=\"808\">6 Ansaugschlauchl\u00e4nge<\/td>\n<td width=\"1177\">60mm<\/td>\n<\/tr>\n<tr>\n<td width=\"808\">7 Gr\u00f6\u00dfe der Wasserleitungsmutter<\/td>\n<td width=\"1177\">3\/8\u2033oder 1\/2\u2033oder 9\/16\u2033<\/td>\n<\/tr>\n<tr>\n<td width=\"808\">8 Montagebohrung Schnittgr\u00f6\u00dfe<\/td>\n<td width=\"1177\">35mm<\/td>\n<\/tr>\n<tr>\n<td width=\"808\">9 Materialien f\u00fcr Wasserh\u00e4hne<\/td>\n<td width=\"1177\">Bleifrei Premium 304 America Standard Rostfrei<br \/>\nStahl<\/td>\n<\/tr>\n<\/tbody>\n<\/table>","protected":false},"featured_media":2657,"template":"","meta":[],"product_brand":[],"product_cat":[57],"product_tag":[],"class_list":{"0":"post-2656","1":"product","2":"type-product","3":"status-publish","4":"has-post-thumbnail","6":"product_cat-stainless-steel-faucet","8":"first","9":"instock","10":"shipping-taxable","11":"product-type-simple"},"_links":{"self":[{"href":"https:\/\/sinkwithfaucet.com\/de\/wp-json\/wp\/v2\/product\/2656","targetHints":{"allow":["GET"]}}],"collection":[{"href":"https:\/\/sinkwithfaucet.com\/de\/wp-json\/wp\/v2\/product"}],"about":[{"href":"https:\/\/sinkwithfaucet.com\/de\/wp-json\/wp\/v2\/types\/product"}],"wp:featuredmedia":[{"embeddable":true,"href":"https:\/\/sinkwithfaucet.com\/de\/wp-json\/wp\/v2\/media\/2657"}],"wp:attachment":[{"href":"https:\/\/sinkwithfaucet.com\/de\/wp-json\/wp\/v2\/media?parent=2656"}],"wp:term":[{"taxonomy":"product_brand","embeddable":true,"href":"https:\/\/sinkwithfaucet.com\/de\/wp-json\/wp\/v2\/product_brand?post=2656"},{"taxonomy":"product_cat","embeddable":true,"href":"https:\/\/sinkwithfaucet.com\/de\/wp-json\/wp\/v2\/product_cat?post=2656"},{"taxonomy":"product_tag","embeddable":true,"href":"https:\/\/sinkwithfaucet.com\/de\/wp-json\/wp\/v2\/product_tag?post=2656"}],"curies":[{"name":"wp","href":"https:\/\/api.w.org\/{rel}","templated":true}]}}