{"id":2591,"date":"2024-11-09T06:48:13","date_gmt":"2024-11-09T06:48:13","guid":{"rendered":"https:\/\/sinkwithfaucet.com\/?post_type=product&#038;p=2591"},"modified":"2024-11-09T06:48:13","modified_gmt":"2024-11-09T06:48:13","slug":"single-kitchen-sink-8048l","status":"publish","type":"product","link":"https:\/\/sinkwithfaucet.com\/de\/single-kitchen-sink-8048l\/","title":{"rendered":"Einzelne K\u00fcchensp\u00fcle 8048L"},"content":{"rendered":"<h2 data-sourcepos=\"1:1-1:46\">Einzelne K\u00fcchensp\u00fclen: Eine klassische Wahl<\/h2>\n<p data-sourcepos=\"3:1-3:228\"><strong>Einzelne K\u00fcchensp\u00fclen<\/strong> sind aufgrund ihrer Einfachheit und Effizienz bei vielen Hausbesitzern sehr beliebt. Sie bieten einen sauberen, aufger\u00e4umten Look und sind perfekt f\u00fcr kleinere K\u00fcchen oder diejenigen, die eine minimalistische \u00c4sthetik bevorzugen.<\/p>\n<p data-sourcepos=\"5:1-5:46\"><strong>Hauptmerkmale von Einzelsp\u00fclbecken:<\/strong><\/p>\n<ul data-sourcepos=\"7:1-11:0\">\n<li data-sourcepos=\"7:1-7:83\"><strong>Einfach und elegant:<\/strong> Ein klassisches Design, das zu verschiedenen K\u00fcchenstilen passt.<\/li>\n<li data-sourcepos=\"8:1-8:70\"><strong>Platzsparend:<\/strong> Ideal f\u00fcr kleinere K\u00fcchen, in denen der Platz begrenzt ist.<\/li>\n<li data-sourcepos=\"9:1-9:91\"><strong>Vielseitig:<\/strong> Kann f\u00fcr eine Vielzahl von Aufgaben verwendet werden, vom Geschirrsp\u00fclen bis zur Zubereitung von Speisen.<\/li>\n<li data-sourcepos=\"10:1-11:0\"><strong>Leicht zu reinigen:<\/strong> Ein einziges, gro\u00dfes Becken ist leicht zu pflegen.<\/li>\n<\/ul>\n<p data-sourcepos=\"12:1-12:39\"><strong>Arten von einschaligen K\u00fcchensp\u00fclen:<\/strong><\/p>\n<ul data-sourcepos=\"14:1-17:0\">\n<li data-sourcepos=\"14:1-14:85\"><strong>Unterbaubecken:<\/strong> Der Einbau unter der Arbeitsplatte sorgt f\u00fcr ein elegantes und modernes Aussehen.<\/li>\n<li data-sourcepos=\"15:1-15:93\"><strong>Top-Mount-Sp\u00fclen:<\/strong> Wird auf der Arbeitsplatte installiert und bietet ein traditionelles Aussehen.<\/li>\n<li data-sourcepos=\"16:1-17:0\"><strong>Landhaus-Sp\u00fclbecken:<\/strong> Gro\u00dfe, tiefe Waschbecken mit Sch\u00fcrzenfront, die ein rustikales und funktionales Design bieten.<\/li>\n<\/ul>\n<p data-sourcepos=\"18:1-18:60\"><strong>\u00dcberlegungen bei der Auswahl einer einschaligen K\u00fcchensp\u00fcle:<\/strong><\/p>\n<ul data-sourcepos=\"20:1-24:0\">\n<li data-sourcepos=\"20:1-20:71\"><strong>Gr\u00f6\u00dfe:<\/strong> W\u00e4hlen Sie eine Gr\u00f6\u00dfe, die zu Ihrer K\u00fcche und Ihren Bed\u00fcrfnissen passt.<\/li>\n<li data-sourcepos=\"21:1-21:109\"><strong>Material:<\/strong> W\u00e4hlen Sie ein haltbares und leicht zu reinigendes Material, z. B. Edelstahl, Verbundwerkstoff oder Schamotte.<\/li>\n<li data-sourcepos=\"22:1-22:83\"><strong>Die Tiefe:<\/strong> Achten Sie auf die Tiefe der Sch\u00fcssel, damit Sie gr\u00f6\u00dfere T\u00f6pfe und Pfannen unterbringen k\u00f6nnen.<\/li>\n<li data-sourcepos=\"23:1-24:0\"><strong>Einbau:<\/strong> Achten Sie auf eine ordnungsgem\u00e4\u00dfe Installation, unabh\u00e4ngig davon, ob es sich um eine Unterputz- oder Aufputzmontage handelt.<\/li>\n<\/ul>\n<p data-sourcepos=\"25:1-25:143\">Wenn Sie diese Faktoren sorgf\u00e4ltig ber\u00fccksichtigen, k\u00f6nnen Sie die perfekte Sp\u00fcle mit einem Becken ausw\u00e4hlen, um die Funktionalit\u00e4t und den Stil Ihrer K\u00fcche zu verbessern.<\/p>","protected":false},"excerpt":{"rendered":"<p>Gesamtgr\u00f6\u00dfe: 720*470*210 mm<\/p>\n<p>Ausschnittgr\u00f6\u00dfe: 700*450 mm<\/p>\n<p>Material: Rostfreier Stahl<\/p>","protected":false},"featured_media":2592,"template":"","meta":[],"product_brand":[],"product_cat":[56],"product_tag":[],"class_list":{"0":"post-2591","1":"product","2":"type-product","3":"status-publish","4":"has-post-thumbnail","6":"product_cat-pressing-kitchen-sink","8":"first","9":"instock","10":"shipping-taxable","11":"product-type-simple"},"_links":{"self":[{"href":"https:\/\/sinkwithfaucet.com\/de\/wp-json\/wp\/v2\/product\/2591","targetHints":{"allow":["GET"]}}],"collection":[{"href":"https:\/\/sinkwithfaucet.com\/de\/wp-json\/wp\/v2\/product"}],"about":[{"href":"https:\/\/sinkwithfaucet.com\/de\/wp-json\/wp\/v2\/types\/product"}],"wp:featuredmedia":[{"embeddable":true,"href":"https:\/\/sinkwithfaucet.com\/de\/wp-json\/wp\/v2\/media\/2592"}],"wp:attachment":[{"href":"https:\/\/sinkwithfaucet.com\/de\/wp-json\/wp\/v2\/media?parent=2591"}],"wp:term":[{"taxonomy":"product_brand","embeddable":true,"href":"https:\/\/sinkwithfaucet.com\/de\/wp-json\/wp\/v2\/product_brand?post=2591"},{"taxonomy":"product_cat","embeddable":true,"href":"https:\/\/sinkwithfaucet.com\/de\/wp-json\/wp\/v2\/product_cat?post=2591"},{"taxonomy":"product_tag","embeddable":true,"href":"https:\/\/sinkwithfaucet.com\/de\/wp-json\/wp\/v2\/product_tag?post=2591"}],"curies":[{"name":"wp","href":"https:\/\/api.w.org\/{rel}","templated":true}]}}