{"id":2587,"date":"2024-11-09T06:44:02","date_gmt":"2024-11-09T06:44:02","guid":{"rendered":"https:\/\/sinkwithfaucet.com\/?post_type=product&#038;p=2587"},"modified":"2024-11-09T06:44:03","modified_gmt":"2024-11-09T06:44:03","slug":"double-bowl-farmhouse-sink-7649","status":"publish","type":"product","link":"https:\/\/sinkwithfaucet.com\/de\/double-bowl-farmhouse-sink-7649\/","title":{"rendered":"Doppelschalen-Sp\u00fclbecken f\u00fcr Bauernh\u00e4user 7649"},"content":{"rendered":"<h2 data-sourcepos=\"1:1-1:63\">Doppelschalen-Sp\u00fclbecken f\u00fcr den Bauernhof: Eine stilvolle und funktionale Wahl<\/h2>\n<p data-sourcepos=\"3:1-3:231\">Eine Sp\u00fcle mit zwei Becken ist eine beliebte Wahl f\u00fcr Hausbesitzer, die sich eine stilvolle und funktionelle K\u00fcche w\u00fcnschen. Diese Art von Sp\u00fcle verf\u00fcgt \u00fcber zwei getrennte Becken, oft mit einer Sch\u00fcrze, und bietet reichlich Platz f\u00fcr verschiedene K\u00fcchenarbeiten.<\/p>\n<p data-sourcepos=\"5:1-5:48\"><strong>Wesentliche Merkmale von Double Bowl Farmhouse Sinks:<\/strong><\/p>\n<ul data-sourcepos=\"7:1-11:0\">\n<li data-sourcepos=\"7:1-7:108\"><strong>Ger\u00e4umiges Design:<\/strong> Bietet viel Platz zum Geschirrsp\u00fclen, Zubereiten von Speisen und Einweichen von gro\u00dfem Kochgeschirr.<\/li>\n<li data-sourcepos=\"8:1-8:138\"><strong>Vielseitige Funktionalit\u00e4t:<\/strong> Die beiden Becken erm\u00f6glichen Multitasking, z. B. das Sp\u00fclen von Geschirr in einem Becken und die Zubereitung von Speisen im anderen.<\/li>\n<li data-sourcepos=\"9:1-9:90\"><strong>Stilvolle \u00c4sthetik:<\/strong> Die Sch\u00fcrzenfront verleiht Ihrer K\u00fcche ein klassisches und zeitloses Aussehen.<\/li>\n<li data-sourcepos=\"10:1-11:0\"><strong>Langlebige Materialien:<\/strong> Sie bestehen in der Regel aus rostfreiem Stahl, Schamotte oder Gusseisen und gew\u00e4hrleisten eine lange Lebensdauer.<\/li>\n<\/ul>\n<p data-sourcepos=\"12:1-12:62\"><strong>\u00dcberlegungen bei der Auswahl einer Doppelsch\u00fcssel-Sp\u00fcle f\u00fcr den Bauernhof:<\/strong><\/p>\n<ul data-sourcepos=\"14:1-19:0\">\n<li data-sourcepos=\"14:1-14:73\"><strong>Gr\u00f6\u00dfe:<\/strong> W\u00e4hlen Sie eine Gr\u00f6\u00dfe, die dem Grundriss Ihrer K\u00fcche und Ihren Bed\u00fcrfnissen entspricht.<\/li>\n<li data-sourcepos=\"15:1-15:106\"><strong>Konfiguration der Schale:<\/strong> \u00dcberlegen Sie sich die Gr\u00f6\u00dfe und Form der beiden Schalen, um Ihren spezifischen Anforderungen gerecht zu werden.<\/li>\n<li data-sourcepos=\"16:1-16:97\"><strong>Material:<\/strong> W\u00e4hlen Sie ein haltbares und leicht zu reinigendes Material, wie z. B. Edelstahl oder Schamotte.<\/li>\n<li data-sourcepos=\"17:1-17:85\"><strong>Einbau:<\/strong> Achten Sie auf eine ordnungsgem\u00e4\u00dfe Installation, unabh\u00e4ngig davon, ob es sich um eine Unterputz- oder Aufputzmontage handelt.<\/li>\n<li data-sourcepos=\"18:1-19:0\"><strong>Stil:<\/strong> W\u00e4hlen Sie einen Stil, der das Gesamtdesign Ihrer K\u00fcche erg\u00e4nzt.<\/li>\n<\/ul>\n<p data-sourcepos=\"20:1-20:145\">Indem Sie diese Faktoren sorgf\u00e4ltig ber\u00fccksichtigen, k\u00f6nnen Sie die perfekte Doppelsp\u00fcle ausw\u00e4hlen, um die Funktionalit\u00e4t und den Stil Ihrer K\u00fcche zu verbessern.<\/p>","protected":false},"excerpt":{"rendered":"<p>Gesamtgr\u00f6\u00dfe: 1500*500*180 mm<\/p>\n<p>Ausschnittgr\u00f6\u00dfe: 1480*480 mm<\/p>\n<p>Material: Rostfreier Stahl<\/p>","protected":false},"featured_media":2589,"template":"","meta":[],"product_brand":[],"product_cat":[56],"product_tag":[],"class_list":{"0":"post-2587","1":"product","2":"type-product","3":"status-publish","4":"has-post-thumbnail","6":"product_cat-pressing-kitchen-sink","8":"first","9":"instock","10":"shipping-taxable","11":"product-type-simple"},"_links":{"self":[{"href":"https:\/\/sinkwithfaucet.com\/de\/wp-json\/wp\/v2\/product\/2587","targetHints":{"allow":["GET"]}}],"collection":[{"href":"https:\/\/sinkwithfaucet.com\/de\/wp-json\/wp\/v2\/product"}],"about":[{"href":"https:\/\/sinkwithfaucet.com\/de\/wp-json\/wp\/v2\/types\/product"}],"wp:featuredmedia":[{"embeddable":true,"href":"https:\/\/sinkwithfaucet.com\/de\/wp-json\/wp\/v2\/media\/2589"}],"wp:attachment":[{"href":"https:\/\/sinkwithfaucet.com\/de\/wp-json\/wp\/v2\/media?parent=2587"}],"wp:term":[{"taxonomy":"product_brand","embeddable":true,"href":"https:\/\/sinkwithfaucet.com\/de\/wp-json\/wp\/v2\/product_brand?post=2587"},{"taxonomy":"product_cat","embeddable":true,"href":"https:\/\/sinkwithfaucet.com\/de\/wp-json\/wp\/v2\/product_cat?post=2587"},{"taxonomy":"product_tag","embeddable":true,"href":"https:\/\/sinkwithfaucet.com\/de\/wp-json\/wp\/v2\/product_tag?post=2587"}],"curies":[{"name":"wp","href":"https:\/\/api.w.org\/{rel}","templated":true}]}}