{"id":2583,"date":"2024-11-09T06:38:04","date_gmt":"2024-11-09T06:38:04","guid":{"rendered":"https:\/\/sinkwithfaucet.com\/?post_type=product&#038;p=2583"},"modified":"2024-11-09T06:38:04","modified_gmt":"2024-11-09T06:38:04","slug":"big-kitchen-sink-7643","status":"publish","type":"product","link":"https:\/\/sinkwithfaucet.com\/de\/big-kitchen-sink-7643\/","title":{"rendered":"Gro\u00dfe K\u00fcchensp\u00fcle 7643"},"content":{"rendered":"<h2 data-sourcepos=\"1:1-1:47\">Gro\u00dfe K\u00fcchensp\u00fclen: Ein ger\u00e4umiges kulinarisches Zentrum<\/h2>\n<p data-sourcepos=\"3:1-3:170\">Gro\u00dfe K\u00fcchensp\u00fclen bieten reichlich Platz zum Geschirrsp\u00fclen, Zubereiten von Speisen und Einweichen von gro\u00dfem Kochgeschirr. Sie sind eine beliebte Wahl f\u00fcr alle, die gerne kochen und G\u00e4ste bewirten.<\/p>\n<p data-sourcepos=\"5:1-5:40\"><strong>Hauptmerkmale der gro\u00dfen K\u00fcchensp\u00fclen:<\/strong><\/p>\n<ul data-sourcepos=\"7:1-11:0\">\n<li data-sourcepos=\"7:1-7:73\"><strong>Ger\u00e4umiges Design:<\/strong> Bietet reichlich Platz f\u00fcr Multitasking und Reinigung.<\/li>\n<li data-sourcepos=\"8:1-8:83\"><strong>Vielseitige Funktionalit\u00e4t:<\/strong> Geeignet f\u00fcr gro\u00dfe T\u00f6pfe, Pfannen und Backbleche.<\/li>\n<li data-sourcepos=\"9:1-9:78\"><strong>Verbesserte Effizienz:<\/strong> Erleichtert die Arbeit in der K\u00fcche und verk\u00fcrzt die Zeit f\u00fcr die Reinigung.<\/li>\n<li data-sourcepos=\"10:1-11:0\"><strong>Moderne \u00c4sthetik:<\/strong> Erh\u00e4ltlich in verschiedenen Stilen und Ausf\u00fchrungen zur Erg\u00e4nzung unterschiedlicher K\u00fcchendesigns.<\/li>\n<\/ul>\n<p data-sourcepos=\"12:1-12:33\"><strong>Arten von gro\u00dfen K\u00fcchensp\u00fclen:<\/strong><\/p>\n<ul data-sourcepos=\"14:1-18:0\">\n<li data-sourcepos=\"14:1-14:85\"><strong>Unterbaubecken:<\/strong> Der Einbau unter der Arbeitsplatte sorgt f\u00fcr ein elegantes und modernes Aussehen.<\/li>\n<li data-sourcepos=\"15:1-15:93\"><strong>Top-Mount-Sp\u00fclen:<\/strong> Wird auf der Arbeitsplatte installiert und bietet ein traditionelles Aussehen.<\/li>\n<li data-sourcepos=\"16:1-16:103\"><strong>Landhaus-Sp\u00fclbecken:<\/strong> Gro\u00dfe, tiefe Waschbecken mit Sch\u00fcrzenfront, die ein rustikales und funktionales Design bieten.<\/li>\n<li data-sourcepos=\"17:1-18:0\"><strong>Arbeitsplatz-Sp\u00fclbecken:<\/strong> Integrieren Sie zus\u00e4tzliche Funktionen wie Schneidebretter, Siebe und Trockengestelle.<\/li>\n<\/ul>\n<p data-sourcepos=\"19:1-19:54\"><strong>\u00dcberlegungen bei der Auswahl einer gro\u00dfen K\u00fcchensp\u00fcle:<\/strong><\/p>\n<ul data-sourcepos=\"21:1-26:0\">\n<li data-sourcepos=\"21:1-21:70\"><strong>Gr\u00f6\u00dfe:<\/strong> Vergewissern Sie sich, dass die Sp\u00fcle zum Grundriss Ihrer K\u00fcche und zu Ihren Bed\u00fcrfnissen passt.<\/li>\n<li data-sourcepos=\"22:1-22:109\"><strong>Material:<\/strong> W\u00e4hlen Sie ein haltbares und leicht zu reinigendes Material wie Edelstahl, Verbundstoff oder Schamotte.<\/li>\n<li data-sourcepos=\"23:1-23:99\"><strong>Konfiguration der Schale:<\/strong> Ziehen Sie je nach Ihren Vorlieben eine Konfiguration mit einem oder zwei Becken in Betracht.<\/li>\n<li data-sourcepos=\"24:1-24:64\"><strong>Die Tiefe:<\/strong> Ein tieferes Waschbecken bietet Platz f\u00fcr gr\u00f6\u00dfere T\u00f6pfe und Pfannen.<\/li>\n<li data-sourcepos=\"25:1-26:0\"><strong>Einbau:<\/strong> Achten Sie auf eine ordnungsgem\u00e4\u00dfe Installation, unabh\u00e4ngig davon, ob es sich um eine Unterputz- oder Aufputzmontage handelt.<\/li>\n<\/ul>\n<p data-sourcepos=\"27:1-27:137\">Wenn Sie diese Faktoren sorgf\u00e4ltig ber\u00fccksichtigen, k\u00f6nnen Sie die perfekte gro\u00dfe K\u00fcchensp\u00fcle ausw\u00e4hlen, um die Funktionalit\u00e4t und den Stil Ihrer K\u00fcche zu verbessern.<\/p>","protected":false},"excerpt":{"rendered":"<p>Gesamtgr\u00f6\u00dfe: 1200*500*200 mm<\/p>\n<p>Ausschnittgr\u00f6\u00dfe: 1180*480 mm<\/p>\n<p>Material: Rostfreier Stahl<\/p>","protected":false},"featured_media":2585,"template":"","meta":[],"product_brand":[],"product_cat":[56],"product_tag":[],"class_list":{"0":"post-2583","1":"product","2":"type-product","3":"status-publish","4":"has-post-thumbnail","6":"product_cat-pressing-kitchen-sink","8":"first","9":"instock","10":"shipping-taxable","11":"product-type-simple"},"_links":{"self":[{"href":"https:\/\/sinkwithfaucet.com\/de\/wp-json\/wp\/v2\/product\/2583","targetHints":{"allow":["GET"]}}],"collection":[{"href":"https:\/\/sinkwithfaucet.com\/de\/wp-json\/wp\/v2\/product"}],"about":[{"href":"https:\/\/sinkwithfaucet.com\/de\/wp-json\/wp\/v2\/types\/product"}],"wp:featuredmedia":[{"embeddable":true,"href":"https:\/\/sinkwithfaucet.com\/de\/wp-json\/wp\/v2\/media\/2585"}],"wp:attachment":[{"href":"https:\/\/sinkwithfaucet.com\/de\/wp-json\/wp\/v2\/media?parent=2583"}],"wp:term":[{"taxonomy":"product_brand","embeddable":true,"href":"https:\/\/sinkwithfaucet.com\/de\/wp-json\/wp\/v2\/product_brand?post=2583"},{"taxonomy":"product_cat","embeddable":true,"href":"https:\/\/sinkwithfaucet.com\/de\/wp-json\/wp\/v2\/product_cat?post=2583"},{"taxonomy":"product_tag","embeddable":true,"href":"https:\/\/sinkwithfaucet.com\/de\/wp-json\/wp\/v2\/product_tag?post=2583"}],"curies":[{"name":"wp","href":"https:\/\/api.w.org\/{rel}","templated":true}]}}