{"id":2577,"date":"2024-11-09T06:30:16","date_gmt":"2024-11-09T06:30:16","guid":{"rendered":"https:\/\/sinkwithfaucet.com\/?post_type=product&#038;p=2577"},"modified":"2024-11-09T06:30:16","modified_gmt":"2024-11-09T06:30:16","slug":"kitchen-sink-with-drainboard-7848b","status":"publish","type":"product","link":"https:\/\/sinkwithfaucet.com\/de\/kitchen-sink-with-drainboard-7848b\/","title":{"rendered":"K\u00fcchensp\u00fcle mit Abtropffl\u00e4che 7848B"},"content":{"rendered":"<h2 data-sourcepos=\"1:1-1:53\">K\u00fcchensp\u00fcle mit Abtropffl\u00e4chen: Eine praktische Wahl<\/h2>\n<p data-sourcepos=\"3:1-3:212\"><strong>K\u00fcchensp\u00fclen mit Abtropffl\u00e4chen<\/strong> bieten eine praktische und effiziente L\u00f6sung f\u00fcr das Sp\u00fclen und Trocknen von Geschirr. Das integrierte Abtropfbrett bietet einen bequemen Platz zum Lufttrocknen von Geschirr, Utensilien und anderen K\u00fcchenutensilien.<\/p>\n<p data-sourcepos=\"5:1-5:51\"><strong>Hauptmerkmale von K\u00fcchensp\u00fclen mit Abtropffl\u00e4chen:<\/strong><\/p>\n<ul data-sourcepos=\"7:1-10:0\">\n<li data-sourcepos=\"7:1-7:113\"><strong>Erh\u00f6hte Funktionalit\u00e4t:<\/strong> Das Abtropfbrett bietet einen praktischen Trocknungsbereich und reduziert das Durcheinander auf Ihrer Arbeitsplatte.<\/li>\n<li data-sourcepos=\"8:1-8:103\"><strong>Verbesserte Hygiene:<\/strong> Wenn Sie das Geschirr nicht auf der Arbeitsfl\u00e4che abstellen, k\u00f6nnen Sie die Verbreitung von Bakterien verhindern.<\/li>\n<li data-sourcepos=\"9:1-10:0\"><strong>Platzsparendes Design:<\/strong> Kombiniert Sp\u00fcle und W\u00e4schest\u00e4nder in einem Ger\u00e4t und maximiert so die Effizienz Ihrer K\u00fcche.<\/li>\n<\/ul>\n<p data-sourcepos=\"11:1-11:44\"><strong>Arten von K\u00fcchensp\u00fclen mit Abtropffl\u00e4chen:<\/strong><\/p>\n<ul data-sourcepos=\"13:1-16:0\">\n<li data-sourcepos=\"13:1-13:90\"><strong>Rostfreier Stahl:<\/strong> Eine beliebte Wahl wegen ihrer Haltbarkeit, Hygiene und modernen \u00c4sthetik.<\/li>\n<li data-sourcepos=\"14:1-14:81\"><strong>Schamotte:<\/strong> Ein haltbares und hitzebest\u00e4ndiges Material mit klassischem Aussehen.<\/li>\n<li data-sourcepos=\"15:1-16:0\"><strong>Komposit:<\/strong> Eine Mischung aus Materialien wie Quarz oder Granit, die eine elegante und dauerhafte Option darstellt.<\/li>\n<\/ul>\n<p data-sourcepos=\"17:1-17:64\"><strong>\u00dcberlegungen bei der Auswahl einer K\u00fcchensp\u00fcle mit Abtropffl\u00e4che:<\/strong><\/p>\n<ul data-sourcepos=\"19:1-24:0\">\n<li data-sourcepos=\"19:1-19:71\"><strong>Gr\u00f6\u00dfe:<\/strong> W\u00e4hlen Sie eine Gr\u00f6\u00dfe, die zu Ihrer K\u00fcche und Ihren Bed\u00fcrfnissen passt.<\/li>\n<li data-sourcepos=\"20:1-20:93\"><strong>Platzierung der Abtropfplatte:<\/strong> \u00dcberlegen Sie, ob Sie eine linksseitige oder rechtsseitige Abtropffl\u00e4che bevorzugen.<\/li>\n<li data-sourcepos=\"21:1-21:60\"><strong>Material:<\/strong> W\u00e4hlen Sie ein haltbares und leicht zu reinigendes Material.<\/li>\n<li data-sourcepos=\"22:1-22:72\"><strong>Einbau:<\/strong> W\u00e4hlen Sie zwischen Unterbau- und Aufsatzmontage.<\/li>\n<li data-sourcepos=\"23:1-24:0\"><strong>Stil:<\/strong> W\u00e4hlen Sie einen Stil, der zum Gesamtdesign Ihrer K\u00fcche passt.<\/li>\n<\/ul>\n<p data-sourcepos=\"25:1-25:146\">Wenn Sie diese Faktoren sorgf\u00e4ltig ber\u00fccksichtigen, k\u00f6nnen Sie die perfekte K\u00fcchensp\u00fcle mit Abtropffl\u00e4che ausw\u00e4hlen, um die Funktionalit\u00e4t und den Stil Ihrer K\u00fcche zu verbessern.<\/p>","protected":false},"excerpt":{"rendered":"<p>Gesamtgr\u00f6\u00dfe: 900*550*210 mm<\/p>\n<p>Ausschnittgr\u00f6\u00dfe: 880*480 mm<\/p>\n<p>Material: Rostfreier Stahl<\/p>","protected":false},"featured_media":2579,"template":"","meta":[],"product_brand":[],"product_cat":[56],"product_tag":[],"class_list":{"0":"post-2577","1":"product","2":"type-product","3":"status-publish","4":"has-post-thumbnail","6":"product_cat-pressing-kitchen-sink","8":"first","9":"instock","10":"shipping-taxable","11":"product-type-simple"},"_links":{"self":[{"href":"https:\/\/sinkwithfaucet.com\/de\/wp-json\/wp\/v2\/product\/2577","targetHints":{"allow":["GET"]}}],"collection":[{"href":"https:\/\/sinkwithfaucet.com\/de\/wp-json\/wp\/v2\/product"}],"about":[{"href":"https:\/\/sinkwithfaucet.com\/de\/wp-json\/wp\/v2\/types\/product"}],"wp:featuredmedia":[{"embeddable":true,"href":"https:\/\/sinkwithfaucet.com\/de\/wp-json\/wp\/v2\/media\/2579"}],"wp:attachment":[{"href":"https:\/\/sinkwithfaucet.com\/de\/wp-json\/wp\/v2\/media?parent=2577"}],"wp:term":[{"taxonomy":"product_brand","embeddable":true,"href":"https:\/\/sinkwithfaucet.com\/de\/wp-json\/wp\/v2\/product_brand?post=2577"},{"taxonomy":"product_cat","embeddable":true,"href":"https:\/\/sinkwithfaucet.com\/de\/wp-json\/wp\/v2\/product_cat?post=2577"},{"taxonomy":"product_tag","embeddable":true,"href":"https:\/\/sinkwithfaucet.com\/de\/wp-json\/wp\/v2\/product_tag?post=2577"}],"curies":[{"name":"wp","href":"https:\/\/api.w.org\/{rel}","templated":true}]}}