{"id":2434,"date":"2024-11-04T06:57:38","date_gmt":"2024-11-04T06:57:38","guid":{"rendered":"https:\/\/sinkwithfaucet.com\/?post_type=product&#038;p=2434"},"modified":"2024-11-04T06:57:38","modified_gmt":"2024-11-04T06:57:38","slug":"undermount-sink-3322dsa","status":"publish","type":"product","link":"https:\/\/sinkwithfaucet.com\/de\/undermount-sink-3322dsa\/","title":{"rendered":"Unterbaubecken 3322DSA"},"content":{"rendered":"<h2 data-sourcepos=\"1:1-1:46\">Unterbau-Sp\u00fclbecken: Eine elegante und moderne Wahl<\/h2>\n<p data-sourcepos=\"3:1-3:210\"><strong>Unterbau-Sp\u00fclbecken<\/strong> sind eine beliebte Wahl f\u00fcr Hausbesitzer, die einen sauberen und modernen Look f\u00fcr ihre K\u00fcche suchen. Diese Sp\u00fclen werden unter der Arbeitsplatte installiert, wodurch ein nahtloses und integriertes Erscheinungsbild entsteht.<\/p>\n<p data-sourcepos=\"5:1-5:37\"><strong>Wesentliche Merkmale:<\/strong><\/p>\n<ul data-sourcepos=\"7:1-11:0\">\n<li data-sourcepos=\"7:1-7:144\"><strong>Schlankes Design:<\/strong> Durch den Unterputzeinbau werden Fugen zwischen Waschbecken und Arbeitsplatte vermieden, was zu einer minimalistischen und modernen \u00c4sthetik f\u00fchrt.<\/li>\n<li data-sourcepos=\"8:1-8:125\"><strong>Leicht zu reinigen:<\/strong> Das nahtlose Design macht die Reinigung zum Kinderspiel, da es keine Spalten gibt, in denen sich Schmutz und Ablagerungen ansammeln k\u00f6nnen.<\/li>\n<li data-sourcepos=\"9:1-9:140\"><strong>Erweiterter Platz auf der Arbeitsplatte:<\/strong> Das Unterbaudesign maximiert den Platz auf der Arbeitsplatte und bietet mehr Raum f\u00fcr die Zubereitung von Speisen und andere Aufgaben.<\/li>\n<li data-sourcepos=\"10:1-11:0\"><strong>Langlebigkeit:<\/strong> Unterbau-Sp\u00fclbecken werden in der Regel aus langlebigen Materialien wie Edelstahl oder Verbundwerkstoffen hergestellt, um eine lange Lebensdauer zu gew\u00e4hrleisten.<\/li>\n<\/ul>\n<p data-sourcepos=\"19:1-19:52\"><strong>\u00dcberlegungen bei der Wahl eines Unterbaubeckens:<\/strong><\/p>\n<ul data-sourcepos=\"21:1-25:0\">\n<li data-sourcepos=\"21:1-21:69\"><strong>Gr\u00f6\u00dfe:<\/strong> Vergewissern Sie sich, dass die Sp\u00fcle die richtige Gr\u00f6\u00dfe f\u00fcr Ihren K\u00fcchenraum hat.<\/li>\n<li data-sourcepos=\"22:1-22:98\"><strong>Material:<\/strong> W\u00e4hlen Sie ein haltbares und leicht zu reinigendes Material, wie z. B. Edelstahl oder Verbundwerkstoff.<\/li>\n<li data-sourcepos=\"23:1-23:112\"><strong>Wasserhahn-L\u00f6cher:<\/strong> Ber\u00fccksichtigen Sie die Anzahl und Platzierung der Wasserhahnl\u00f6cher, um die gew\u00fcnschte Konfiguration zu erreichen.<\/li>\n<li data-sourcepos=\"24:1-25:0\"><strong>Einbau:<\/strong> Unterbausp\u00fclen erfordern einen fachgerechten Einbau, um einen ordnungsgem\u00e4\u00dfen und sicheren Sitz zu gew\u00e4hrleisten.<\/li>\n<\/ul>\n<p data-sourcepos=\"26:1-26:139\">Wenn Sie diese Faktoren sorgf\u00e4ltig ber\u00fccksichtigen, k\u00f6nnen Sie die perfekte Unterbausp\u00fcle ausw\u00e4hlen, um den Stil und die Funktionalit\u00e4t Ihrer K\u00fcche aufzuwerten.<\/p>","protected":false},"excerpt":{"rendered":"<p>Gesamtgr\u00f6\u00dfe: 33*22*10 Zoll \/ 838*559*254 mm<\/p>\n<p>Gr\u00f6\u00dfe der Schale: 430*452\/330*452 mm<\/p>\n<p>Ausschnitt Gr\u00f6\u00dfe : 839*560 mm<\/p>\n<p>Radiante Ecke : R10<\/p>","protected":false},"featured_media":2435,"template":"","meta":[],"product_brand":[],"product_cat":[54],"product_tag":[],"class_list":{"0":"post-2434","1":"product","2":"type-product","3":"status-publish","4":"has-post-thumbnail","6":"product_cat-apron-sink-1","8":"first","9":"instock","10":"shipping-taxable","11":"product-type-simple"},"_links":{"self":[{"href":"https:\/\/sinkwithfaucet.com\/de\/wp-json\/wp\/v2\/product\/2434","targetHints":{"allow":["GET"]}}],"collection":[{"href":"https:\/\/sinkwithfaucet.com\/de\/wp-json\/wp\/v2\/product"}],"about":[{"href":"https:\/\/sinkwithfaucet.com\/de\/wp-json\/wp\/v2\/types\/product"}],"wp:featuredmedia":[{"embeddable":true,"href":"https:\/\/sinkwithfaucet.com\/de\/wp-json\/wp\/v2\/media\/2435"}],"wp:attachment":[{"href":"https:\/\/sinkwithfaucet.com\/de\/wp-json\/wp\/v2\/media?parent=2434"}],"wp:term":[{"taxonomy":"product_brand","embeddable":true,"href":"https:\/\/sinkwithfaucet.com\/de\/wp-json\/wp\/v2\/product_brand?post=2434"},{"taxonomy":"product_cat","embeddable":true,"href":"https:\/\/sinkwithfaucet.com\/de\/wp-json\/wp\/v2\/product_cat?post=2434"},{"taxonomy":"product_tag","embeddable":true,"href":"https:\/\/sinkwithfaucet.com\/de\/wp-json\/wp\/v2\/product_tag?post=2434"}],"curies":[{"name":"wp","href":"https:\/\/api.w.org\/{rel}","templated":true}]}}