{"id":2432,"date":"2024-11-04T06:50:40","date_gmt":"2024-11-04T06:50:40","guid":{"rendered":"https:\/\/sinkwithfaucet.com\/?post_type=product&#038;p=2432"},"modified":"2024-11-11T02:44:49","modified_gmt":"2024-11-11T02:44:49","slug":"30-inch-kitchen-sink-3022ssa","status":"publish","type":"product","link":"https:\/\/sinkwithfaucet.com\/de\/30-inch-kitchen-sink-3022ssa\/","title":{"rendered":"30-Zoll-K\u00fcchensp\u00fcle 3022SSA"},"content":{"rendered":"<p data-sourcepos=\"1:1-1:227\">30-Zoll-K\u00fcchensp\u00fclen sind bei vielen Hausbesitzern eine beliebte Wahl, da sie ein ausgewogenes Verh\u00e4ltnis zwischen Gr\u00f6\u00dfe und Funktionalit\u00e4t bieten. Sie sind in einer Vielzahl von Stilen, Materialien und Konfigurationen erh\u00e4ltlich, um verschiedenen K\u00fcchendesigns und Bed\u00fcrfnissen gerecht zu werden.<\/p>\n<h3 data-sourcepos=\"3:1-3:42\">Hauptmerkmale von 30-Zoll-K\u00fcchensp\u00fclen:<\/h3>\n<ul data-sourcepos=\"5:1-9:0\">\n<li data-sourcepos=\"5:1-5:107\"><strong>Reichlich Platz:<\/strong> Bietet ausreichend Platz zum Geschirrsp\u00fclen, Zubereiten von Speisen und Einweichen von gro\u00dfem Kochgeschirr.<\/li>\n<li data-sourcepos=\"6:1-6:94\"><strong>Vielseitiges Design:<\/strong> Erh\u00e4ltlich in Konfigurationen mit einem Becken, einem Doppelbecken und einer Workstation.<\/li>\n<li data-sourcepos=\"7:1-7:80\"><strong>Langlebige Materialien:<\/strong> Sie bestehen h\u00e4ufig aus Edelstahl, Verbundwerkstoff oder Keramik.<\/li>\n<li data-sourcepos=\"8:1-9:0\"><strong>Stilvolle Optionen:<\/strong> Erh\u00e4ltlich in verschiedenen Ausf\u00fchrungen und Stilen zur Erg\u00e4nzung unterschiedlicher K\u00fcchen\u00e4sthetiken.<\/li>\n<\/ul>\n<h3 data-sourcepos=\"10:1-10:35\">Arten von 30-Zoll-K\u00fcchensp\u00fclen:<\/h3>\n<ul data-sourcepos=\"12:1-15:0\">\n<li data-sourcepos=\"12:1-12:85\"><strong><a href=\"https:\/\/sinkwithfaucet.com\/de\/undermount-sink-1\/\">Unterbau-Sp\u00fclbecken<\/a>:<\/strong> Der Einbau unter der Arbeitsplatte sorgt f\u00fcr ein elegantes und modernes Aussehen.<\/li>\n<li data-sourcepos=\"13:1-13:93\"><strong><a href=\"https:\/\/sinkwithfaucet.com\/de\/topmount-sink-1\/\">Top-Mount-Sp\u00fclen<\/a>:<\/strong> Wird auf der Arbeitsplatte installiert und bietet ein traditionelles Aussehen.<\/li>\n<li data-sourcepos=\"14:1-15:0\"><strong><a href=\"https:\/\/sinkwithfaucet.com\/de\/apron-sink-1\/\">Landhaus-Sp\u00fclbecken<\/a>:<\/strong> Gro\u00dfe, tiefe Waschbecken mit Sch\u00fcrzenfront, die ein rustikales und funktionales Design bieten.<\/li>\n<\/ul>\n<h3 data-sourcepos=\"16:1-16:56\">\u00dcberlegungen bei der Auswahl einer 30-Zoll-K\u00fcchensp\u00fcle:<\/h3>\n<ul data-sourcepos=\"18:1-23:0\">\n<li data-sourcepos=\"18:1-18:94\"><strong>Material:<\/strong> W\u00e4hlen Sie ein haltbares und leicht zu reinigendes Material wie Edelstahl oder Verbundwerkstoff.<\/li>\n<li data-sourcepos=\"19:1-19:91\"><strong>Konfiguration der Schale:<\/strong> W\u00e4hlen Sie je nach Bedarf eine Konfiguration mit einem oder zwei Becken.<\/li>\n<li data-sourcepos=\"20:1-20:78\"><strong>Die Tiefe:<\/strong> Achten Sie auf die Tiefe der Sch\u00fcssel, damit Sie auch gr\u00f6\u00dferes Kochgeschirr unterbringen k\u00f6nnen.<\/li>\n<li data-sourcepos=\"21:1-21:105\"><strong>Beenden:<\/strong> W\u00e4hlen Sie eine Oberfl\u00e4che, die zum Stil Ihrer K\u00fcche passt, z. B. geb\u00fcrstet, poliert oder matt.<\/li>\n<li data-sourcepos=\"22:1-23:0\"><strong>Einbau:<\/strong> Achten Sie auf eine ordnungsgem\u00e4\u00dfe Installation, egal ob Unter- oder Aufputzmontage.<\/li>\n<\/ul>\n<p data-sourcepos=\"24:1-24:139\">Wenn Sie diese Faktoren sorgf\u00e4ltig ber\u00fccksichtigen, k\u00f6nnen Sie die perfekte 30-Zoll-Sp\u00fcle ausw\u00e4hlen, um die Funktionalit\u00e4t und den Stil Ihrer K\u00fcche zu verbessern.<\/p>","protected":false},"excerpt":{"rendered":"<p>Gesamtgr\u00f6\u00dfe: 30*22*10 Zoll \/ 762*559*254 mm<\/p>\n<p>Gr\u00f6\u00dfe der Schale: 712*451 mm<\/p>\n<p>Ausschnittgr\u00f6\u00dfe: 763*503 mm<\/p>\n<p>Radiante Ecke : R10<\/p>","protected":false},"featured_media":2433,"template":"","meta":[],"product_brand":[],"product_cat":[54],"product_tag":[],"class_list":{"0":"post-2432","1":"product","2":"type-product","3":"status-publish","4":"has-post-thumbnail","6":"product_cat-apron-sink-1","8":"first","9":"instock","10":"shipping-taxable","11":"product-type-simple"},"_links":{"self":[{"href":"https:\/\/sinkwithfaucet.com\/de\/wp-json\/wp\/v2\/product\/2432","targetHints":{"allow":["GET"]}}],"collection":[{"href":"https:\/\/sinkwithfaucet.com\/de\/wp-json\/wp\/v2\/product"}],"about":[{"href":"https:\/\/sinkwithfaucet.com\/de\/wp-json\/wp\/v2\/types\/product"}],"wp:featuredmedia":[{"embeddable":true,"href":"https:\/\/sinkwithfaucet.com\/de\/wp-json\/wp\/v2\/media\/2433"}],"wp:attachment":[{"href":"https:\/\/sinkwithfaucet.com\/de\/wp-json\/wp\/v2\/media?parent=2432"}],"wp:term":[{"taxonomy":"product_brand","embeddable":true,"href":"https:\/\/sinkwithfaucet.com\/de\/wp-json\/wp\/v2\/product_brand?post=2432"},{"taxonomy":"product_cat","embeddable":true,"href":"https:\/\/sinkwithfaucet.com\/de\/wp-json\/wp\/v2\/product_cat?post=2432"},{"taxonomy":"product_tag","embeddable":true,"href":"https:\/\/sinkwithfaucet.com\/de\/wp-json\/wp\/v2\/product_tag?post=2432"}],"curies":[{"name":"wp","href":"https:\/\/api.w.org\/{rel}","templated":true}]}}