{"id":2429,"date":"2024-11-04T06:26:45","date_gmt":"2024-11-04T06:26:45","guid":{"rendered":"https:\/\/sinkwithfaucet.com\/?post_type=product&#038;p=2429"},"modified":"2024-11-04T06:27:51","modified_gmt":"2024-11-04T06:27:51","slug":"stainless-apron-sink-3322da","status":"publish","type":"product","link":"https:\/\/sinkwithfaucet.com\/de\/stainless-apron-sink-3322da\/","title":{"rendered":"Edelstahl-Sch\u00fcrzensp\u00fcle 3322DA"},"content":{"rendered":"<h2><strong><b>Edelstahl-Sp\u00fclbecken mit Sch\u00fcrze: Ein dauerhafter Klassiker<\/b><\/strong><\/h2>\n<p>Edelstahlsp\u00fclen mit Sch\u00fcrze sind sehr attraktiv f\u00fcr Hausbesitzer, die eine K\u00fcche suchen, die sowohl stilvoll als auch \u00e4u\u00dferst funktional ist. Diese gro\u00dfen und tiefen Sp\u00fclen, die h\u00e4ufig auch als \"Landhaussp\u00fclen\" bezeichnet werden, verf\u00fcgen \u00fcber eine einzigartige Sch\u00fcrze, die \u00fcber die Arbeitsplatte hinausragt.<\/p>\n<p>&nbsp;<\/p>\n<p><strong>Hauptmerkmale von Edelstahlsp\u00fclen mit Sch\u00fcrze:<\/strong><\/p>\n<ul>\n<li>Ger\u00e4umige Sch\u00fcssel: Bietet reichlich Platz zum Sp\u00fclen gro\u00dfer T\u00f6pfe und Pfannen.<\/li>\n<li>Elegantes Design: Die Sch\u00fcrzenfront verleiht Ihrer K\u00fcche ein klassisches und raffiniertes Aussehen.<\/li>\n<li>Langlebigkeit: Hergestellt aus hochwertigem Edelstahl, der eine langfristige Leistung garantiert.<\/li>\n<li>Leicht zu reinigen: Die glatte Oberfl\u00e4che ist m\u00fchelos zu pflegen und zu desinfizieren.<\/li>\n<\/ul>\n<p><strong><b>\u00dcberlegungen bei der Auswahl einer Edelstahlsp\u00fcle mit Sch\u00fcrze:<\/b><\/strong><\/p>\n<ul>\n<li>Gr\u00f6\u00dfe: Entscheiden Sie sich f\u00fcr eine Gr\u00f6\u00dfe, die dem Grundriss Ihrer K\u00fcche und Ihren spezifischen Anforderungen entspricht.<\/li>\n<li>Sch\u00fcssel-Konfiguration: W\u00e4hlen Sie je nach Ihren Vorlieben zwischen einer Einzel- oder Doppelsch\u00fcssel.<\/li>\n<li>St\u00e4rke: Eine dickere St\u00e4rke bedeutet, dass die Sp\u00fcle haltbarer ist.<\/li>\n<li>Oberfl\u00e4che: W\u00e4hlen Sie eine Oberfl\u00e4che, die mit dem Stil Ihrer K\u00fcche harmoniert, z. B. geb\u00fcrsteter oder polierter Edelstahl.<\/li>\n<\/ul>\n<p><strong><b>Einbau:<\/b><\/strong><\/p>\n<p>Wenn Sie diese Faktoren sorgf\u00e4ltig abw\u00e4gen, k\u00f6nnen Sie die ideale Edelstahlsp\u00fcle mit Sch\u00fcrze ausw\u00e4hlen, die den Stil und die Funktionalit\u00e4t Ihrer K\u00fcche aufwertet.<\/p>","protected":false},"excerpt":{"rendered":"<p>Gesamtgr\u00f6\u00dfe: 33*22*10 Zoll \/ 838*559*254 mm<\/p>\n<p>Gr\u00f6\u00dfe der Schale: 788*420\/330*452 mm<\/p>\n<p>Ausschnitt Gr\u00f6\u00dfe : 839*503 mm<\/p>\n<p>Radiante Ecke : R10<\/p>","protected":false},"featured_media":2430,"template":"","meta":[],"product_brand":[],"product_cat":[54],"product_tag":[],"class_list":{"0":"post-2429","1":"product","2":"type-product","3":"status-publish","4":"has-post-thumbnail","6":"product_cat-apron-sink-1","8":"first","9":"instock","10":"shipping-taxable","11":"product-type-simple"},"_links":{"self":[{"href":"https:\/\/sinkwithfaucet.com\/de\/wp-json\/wp\/v2\/product\/2429","targetHints":{"allow":["GET"]}}],"collection":[{"href":"https:\/\/sinkwithfaucet.com\/de\/wp-json\/wp\/v2\/product"}],"about":[{"href":"https:\/\/sinkwithfaucet.com\/de\/wp-json\/wp\/v2\/types\/product"}],"wp:featuredmedia":[{"embeddable":true,"href":"https:\/\/sinkwithfaucet.com\/de\/wp-json\/wp\/v2\/media\/2430"}],"wp:attachment":[{"href":"https:\/\/sinkwithfaucet.com\/de\/wp-json\/wp\/v2\/media?parent=2429"}],"wp:term":[{"taxonomy":"product_brand","embeddable":true,"href":"https:\/\/sinkwithfaucet.com\/de\/wp-json\/wp\/v2\/product_brand?post=2429"},{"taxonomy":"product_cat","embeddable":true,"href":"https:\/\/sinkwithfaucet.com\/de\/wp-json\/wp\/v2\/product_cat?post=2429"},{"taxonomy":"product_tag","embeddable":true,"href":"https:\/\/sinkwithfaucet.com\/de\/wp-json\/wp\/v2\/product_tag?post=2429"}],"curies":[{"name":"wp","href":"https:\/\/api.w.org\/{rel}","templated":true}]}}