{"id":2425,"date":"2024-11-04T06:09:13","date_gmt":"2024-11-04T06:09:13","guid":{"rendered":"https:\/\/sinkwithfaucet.com\/?post_type=product&#038;p=2425"},"modified":"2024-11-04T06:09:28","modified_gmt":"2024-11-04T06:09:28","slug":"matte-black-kitchen-sink-9246","status":"publish","type":"product","link":"https:\/\/sinkwithfaucet.com\/de\/matte-black-kitchen-sink-9246\/","title":{"rendered":"Matte schwarze K\u00fcchensp\u00fcle 9246"},"content":{"rendered":"<h2 data-sourcepos=\"1:1-1:55\">Mattschwarze K\u00fcchensp\u00fclen: Eine moderne und elegante Wahl<\/h2>\n<p data-sourcepos=\"3:1-3:165\">Mattschwarze K\u00fcchensp\u00fclen werden aufgrund ihres stilvollen und modernen Aussehens immer beliebter. Sie k\u00f6nnen jedem K\u00fcchendesign einen Hauch von Raffinesse verleihen.<\/p>\n<p data-sourcepos=\"5:1-5:46\"><strong>Wesentliche Merkmale:<\/strong><\/p>\n<ul data-sourcepos=\"7:1-11:0\">\n<li data-sourcepos=\"7:1-7:100\"><strong>Schlanke und moderne \u00c4sthetik:<\/strong> Die mattschwarze Oberfl\u00e4che sorgt f\u00fcr einen modernen und minimalistischen Look.<\/li>\n<li data-sourcepos=\"8:1-8:107\"><strong>Widerstandsf\u00e4hig gegen Fingerabdr\u00fccke:<\/strong> Die matte Oberfl\u00e4che minimiert die Sichtbarkeit von Fingerabdr\u00fccken und Schmutzflecken.<\/li>\n<li data-sourcepos=\"9:1-9:99\"><strong>Strapazierf\u00e4hig und langlebig:<\/strong> Hergestellt aus hochwertigen Materialien wie Edelstahl oder Verbundwerkstoff.<\/li>\n<li data-sourcepos=\"10:1-11:0\"><strong>Vielseitig:<\/strong> Erh\u00e4ltlich in verschiedenen Ausf\u00fchrungen, darunter Unterputz-, Aufputz- und Landhausarmaturen.<\/li>\n<\/ul>\n<p data-sourcepos=\"12:1-12:60\"><strong>\u00dcberlegungen bei der Wahl einer mattschwarzen K\u00fcchensp\u00fcle:<\/strong><\/p>\n<ul data-sourcepos=\"14:1-19:0\">\n<li data-sourcepos=\"14:1-14:76\"><strong>Material:<\/strong> W\u00e4hlen Sie ein haltbares Material wie Edelstahl oder Verbundwerkstoff.<\/li>\n<li data-sourcepos=\"15:1-15:78\"><strong>Beenden:<\/strong> Stellen Sie sicher, dass die mattschwarze Oberfl\u00e4che einheitlich und von hoher Qualit\u00e4t ist.<\/li>\n<li data-sourcepos=\"16:1-16:86\"><strong>Gr\u00f6\u00dfe und Form:<\/strong> W\u00e4hlen Sie eine Gr\u00f6\u00dfe und Form, die zu Ihrer K\u00fcche und Ihren Bed\u00fcrfnissen passt.<\/li>\n<li data-sourcepos=\"17:1-17:91\"><strong>Einbau:<\/strong> Ber\u00fccksichtigen Sie die Installationsmethode, ob es sich um eine Unter- oder Aufputzmontage handelt.<\/li>\n<li data-sourcepos=\"18:1-19:0\"><strong>Wartung:<\/strong> Mattschwarze Sp\u00fclen sind zwar langlebig, doch ist eine regelm\u00e4\u00dfige Reinigung unerl\u00e4sslich, um ihr Aussehen zu erhalten.<\/li>\n<\/ul>\n<p data-sourcepos=\"20:1-20:143\">Wenn Sie diese Faktoren sorgf\u00e4ltig ber\u00fccksichtigen, k\u00f6nnen Sie die perfekte mattschwarze K\u00fcchensp\u00fcle w\u00e4hlen, die den Stil und die Funktionalit\u00e4t Ihrer K\u00fcche aufwertet.<\/p>","protected":false},"excerpt":{"rendered":"<p>Gesamtgr\u00f6\u00dfe: 9200*460*230 mm<\/p>\n<p>Gr\u00f6\u00dfe der Schale: 700*363 mm<\/p>\n<p>Ausschnittgr\u00f6\u00dfe: 896*436 mm<\/p>\n<p>Radiante Ecke : R10<\/p>","protected":false},"featured_media":2426,"template":"","meta":[],"product_brand":[],"product_cat":[53],"product_tag":[],"class_list":{"0":"post-2425","1":"product","2":"type-product","3":"status-publish","4":"has-post-thumbnail","6":"product_cat-topmount-sink-1","8":"first","9":"instock","10":"shipping-taxable","11":"product-type-simple"},"_links":{"self":[{"href":"https:\/\/sinkwithfaucet.com\/de\/wp-json\/wp\/v2\/product\/2425","targetHints":{"allow":["GET"]}}],"collection":[{"href":"https:\/\/sinkwithfaucet.com\/de\/wp-json\/wp\/v2\/product"}],"about":[{"href":"https:\/\/sinkwithfaucet.com\/de\/wp-json\/wp\/v2\/types\/product"}],"wp:featuredmedia":[{"embeddable":true,"href":"https:\/\/sinkwithfaucet.com\/de\/wp-json\/wp\/v2\/media\/2426"}],"wp:attachment":[{"href":"https:\/\/sinkwithfaucet.com\/de\/wp-json\/wp\/v2\/media?parent=2425"}],"wp:term":[{"taxonomy":"product_brand","embeddable":true,"href":"https:\/\/sinkwithfaucet.com\/de\/wp-json\/wp\/v2\/product_brand?post=2425"},{"taxonomy":"product_cat","embeddable":true,"href":"https:\/\/sinkwithfaucet.com\/de\/wp-json\/wp\/v2\/product_cat?post=2425"},{"taxonomy":"product_tag","embeddable":true,"href":"https:\/\/sinkwithfaucet.com\/de\/wp-json\/wp\/v2\/product_tag?post=2425"}],"curies":[{"name":"wp","href":"https:\/\/api.w.org\/{rel}","templated":true}]}}