{"id":2421,"date":"2024-11-04T03:43:55","date_gmt":"2024-11-04T03:43:55","guid":{"rendered":"https:\/\/sinkwithfaucet.com\/?post_type=product&#038;p=2421"},"modified":"2024-11-04T03:43:55","modified_gmt":"2024-11-04T03:43:55","slug":"30-inch-sink-7046-a","status":"publish","type":"product","link":"https:\/\/sinkwithfaucet.com\/de\/30-inch-sink-7046-a\/","title":{"rendered":"30-Zoll-Sp\u00fclbecken 7046-A"},"content":{"rendered":"<h2 data-sourcepos=\"1:1-1:45\">30-Zoll-Sp\u00fclbecken: Eine vielseitige Wahl<\/h2>\n<p data-sourcepos=\"3:1-3:203\">Ein 30-Zoll-Sp\u00fclbecken ist eine beliebte Gr\u00f6\u00dfe, die ein ausgewogenes Verh\u00e4ltnis von Platz und Funktionalit\u00e4t bietet. Sie sind in verschiedenen Stilen, Materialien und Konfigurationen erh\u00e4ltlich, um verschiedenen K\u00fcchendesigns und Bed\u00fcrfnissen gerecht zu werden.<\/p>\n<p data-sourcepos=\"5:1-5:42\"><strong>Hauptmerkmale von 30-Zoll-Sp\u00fclbecken:<\/strong><\/p>\n<ul data-sourcepos=\"7:1-11:0\">\n<li data-sourcepos=\"7:1-7:107\"><strong>Reichlich Platz:<\/strong> Bietet ausreichend Platz zum Geschirrsp\u00fclen, Zubereiten von Speisen und Einweichen von gro\u00dfem Kochgeschirr.<\/li>\n<li data-sourcepos=\"8:1-8:94\"><strong>Vielseitiges Design:<\/strong> Erh\u00e4ltlich in Konfigurationen mit einem Becken, einem Doppelbecken und einer Workstation.<\/li>\n<li data-sourcepos=\"9:1-9:92\"><strong>Langlebige Materialien:<\/strong> Sie bestehen h\u00e4ufig aus Edelstahl, Gusseisen oder Verbundwerkstoffen.<\/li>\n<li data-sourcepos=\"10:1-11:0\"><strong>Moderne \u00c4sthetik:<\/strong> Elegantes und modernes Design zur Erg\u00e4nzung verschiedener K\u00fcchenstile.<\/li>\n<\/ul>\n<p data-sourcepos=\"12:1-12:35\"><strong>Arten von 30-Zoll-K\u00fcchensp\u00fclen:<\/strong><\/p>\n<ul data-sourcepos=\"14:1-17:0\">\n<li data-sourcepos=\"14:1-14:77\"><strong>Unterbaubecken:<\/strong> Der Einbau unter der Arbeitsplatte sorgt f\u00fcr ein nahtloses Aussehen.<\/li>\n<li data-sourcepos=\"15:1-15:93\"><strong>Top-Mount-Sp\u00fclen:<\/strong> Wird auf der Arbeitsplatte installiert und bietet ein traditionelles Aussehen.<\/li>\n<li data-sourcepos=\"16:1-17:0\"><strong>Landhaus-Sp\u00fclbecken:<\/strong> Gro\u00dfe, tiefe Waschbecken mit Sch\u00fcrzenfront, die ein rustikales und funktionales Design bieten.<\/li>\n<\/ul>\n<p data-sourcepos=\"18:1-18:73\"><strong>Bei der Auswahl eines 30-Zoll-Sp\u00fclbeckens sollten Sie die folgenden Faktoren ber\u00fccksichtigen:<\/strong><\/p>\n<ul data-sourcepos=\"20:1-25:0\">\n<li data-sourcepos=\"20:1-20:94\"><strong>Material:<\/strong> W\u00e4hlen Sie ein haltbares und leicht zu reinigendes Material wie Edelstahl oder Verbundwerkstoff.<\/li>\n<li data-sourcepos=\"21:1-21:100\"><strong>Konfiguration der Schale:<\/strong> W\u00e4hlen Sie je nach Bedarf eine Einzel-, Doppel- oder Dreifachsch\u00fcsselkonfiguration.<\/li>\n<li data-sourcepos=\"22:1-22:64\"><strong>Die Tiefe:<\/strong> Eine tiefere Sch\u00fcssel bietet Platz f\u00fcr gr\u00f6\u00dfere T\u00f6pfe und Pfannen.<\/li>\n<li data-sourcepos=\"23:1-23:105\"><strong>Beenden:<\/strong> W\u00e4hlen Sie eine Oberfl\u00e4che, die zum Stil Ihrer K\u00fcche passt, z. B. geb\u00fcrstet, poliert oder satiniert.<\/li>\n<li data-sourcepos=\"24:1-25:0\"><strong>Einbau:<\/strong> Ber\u00fccksichtigen Sie die Installationsmethode, ob es sich um eine Unter- oder Aufputzmontage handelt.<\/li>\n<\/ul>\n<p data-sourcepos=\"26:1-26:138\">Wenn Sie diese Faktoren sorgf\u00e4ltig ber\u00fccksichtigen, k\u00f6nnen Sie die perfekte 30-Zoll-Sp\u00fcle f\u00fcr Ihre K\u00fcche ausw\u00e4hlen<\/p>","protected":false},"excerpt":{"rendered":"<p>Gesamtgr\u00f6\u00dfe: 700*460*230 mm<\/p>\n<p>Gr\u00f6\u00dfe der Schale: 660*363 mm<\/p>\n<p>Ausschnittgr\u00f6\u00dfe: 676*436 mm<\/p>\n<p>Radiante Ecke : R10<\/p>","protected":false},"featured_media":2422,"template":"","meta":[],"product_brand":[],"product_cat":[53],"product_tag":[],"class_list":{"0":"post-2421","1":"product","2":"type-product","3":"status-publish","4":"has-post-thumbnail","6":"product_cat-topmount-sink-1","8":"first","9":"instock","10":"shipping-taxable","11":"product-type-simple"},"_links":{"self":[{"href":"https:\/\/sinkwithfaucet.com\/de\/wp-json\/wp\/v2\/product\/2421","targetHints":{"allow":["GET"]}}],"collection":[{"href":"https:\/\/sinkwithfaucet.com\/de\/wp-json\/wp\/v2\/product"}],"about":[{"href":"https:\/\/sinkwithfaucet.com\/de\/wp-json\/wp\/v2\/types\/product"}],"wp:featuredmedia":[{"embeddable":true,"href":"https:\/\/sinkwithfaucet.com\/de\/wp-json\/wp\/v2\/media\/2422"}],"wp:attachment":[{"href":"https:\/\/sinkwithfaucet.com\/de\/wp-json\/wp\/v2\/media?parent=2421"}],"wp:term":[{"taxonomy":"product_brand","embeddable":true,"href":"https:\/\/sinkwithfaucet.com\/de\/wp-json\/wp\/v2\/product_brand?post=2421"},{"taxonomy":"product_cat","embeddable":true,"href":"https:\/\/sinkwithfaucet.com\/de\/wp-json\/wp\/v2\/product_cat?post=2421"},{"taxonomy":"product_tag","embeddable":true,"href":"https:\/\/sinkwithfaucet.com\/de\/wp-json\/wp\/v2\/product_tag?post=2421"}],"curies":[{"name":"wp","href":"https:\/\/api.w.org\/{rel}","templated":true}]}}