{"id":2415,"date":"2024-11-04T03:25:25","date_gmt":"2024-11-04T03:25:25","guid":{"rendered":"https:\/\/sinkwithfaucet.com\/?post_type=product&#038;p=2415"},"modified":"2024-11-04T03:25:25","modified_gmt":"2024-11-04T03:25:25","slug":"undermount-kitchen-sink-7848","status":"publish","type":"product","link":"https:\/\/sinkwithfaucet.com\/de\/undermount-kitchen-sink-7848\/","title":{"rendered":"Unterbau-K\u00fcchensp\u00fcle 7848"},"content":{"rendered":"<h2 data-sourcepos=\"1:1-1:54\">Unterbau-K\u00fcchensp\u00fclen: Eine elegante und moderne Wahl<\/h2>\n<p data-sourcepos=\"3:1-3:200\">Unterbausp\u00fclen sind eine beliebte Wahl f\u00fcr Hausbesitzer, die ein sauberes und modernes Aussehen suchen. Diese Sp\u00fclen werden unter der Arbeitsplatte installiert, wodurch ein nahtloses und integriertes Erscheinungsbild entsteht.<\/p>\n<p data-sourcepos=\"5:1-5:45\"><strong>Hauptmerkmale von Unterbau-K\u00fcchensp\u00fclen:<\/strong><\/p>\n<ul data-sourcepos=\"7:1-11:0\">\n<li data-sourcepos=\"7:1-7:122\"><strong>Schlankes Design:<\/strong> Unterbausp\u00fclen bieten eine minimalistische und moderne \u00c4sthetik, die zu den zeitgen\u00f6ssischen K\u00fcchenstilen passt.<\/li>\n<li data-sourcepos=\"8:1-8:142\"><strong>Leicht zu reinigen:<\/strong> Durch den nahtlosen Einbau gibt es keine Spalten und Ritzen, in denen sich Schmutz und Ablagerungen ansammeln k\u00f6nnen, so dass sie leichter zu reinigen sind.<\/li>\n<li data-sourcepos=\"9:1-9:152\"><strong>Erweiterter Platz auf der Arbeitsplatte:<\/strong> Unterbausp\u00fclen bieten eine gr\u00f6\u00dfere, ununterbrochene Arbeitsfl\u00e4che und schaffen einen ger\u00e4umigeren und funktionelleren Arbeitsbereich.<\/li>\n<li data-sourcepos=\"10:1-11:0\"><strong>Langlebigkeit:<\/strong> Unterbausp\u00fclen aus hochwertigen Materialien wie Edelstahl oder Verbundwerkstoffen sind haltbar und langlebig.<\/li>\n<\/ul>\n<p data-sourcepos=\"12:1-12:38\"><strong>Arten von Unterbau-K\u00fcchensp\u00fclen:<\/strong><\/p>\n<ul data-sourcepos=\"14:1-18:0\">\n<li data-sourcepos=\"14:1-14:57\"><strong>Einzelne Schale:<\/strong> Ein einziges, gro\u00dfes Becken f\u00fcr den allgemeinen Gebrauch.<\/li>\n<li data-sourcepos=\"15:1-15:95\"><strong>Double Bowl:<\/strong> Zwei Becken von gleicher oder ungleicher Gr\u00f6\u00dfe, die Flexibilit\u00e4t f\u00fcr Multitasking bieten.<\/li>\n<li data-sourcepos=\"16:1-16:91\"><strong>Triple Bowl:<\/strong> Drei Becken f\u00fcr zus\u00e4tzliche Funktionalit\u00e4t, h\u00e4ufig in Gro\u00dfk\u00fcchen eingesetzt.<\/li>\n<li data-sourcepos=\"17:1-18:0\"><strong>Landhaus-Sp\u00fcle:<\/strong> Gro\u00dfe, tiefe Waschbecken mit Sch\u00fcrzen, die eine rustikale \u00c4sthetik im Landhausstil bieten.<\/li>\n<\/ul>\n<p data-sourcepos=\"19:1-19:60\"><strong>\u00dcberlegungen bei der Wahl einer Unterbau-Sp\u00fcle:<\/strong><\/p>\n<ul data-sourcepos=\"21:1-25:0\">\n<li data-sourcepos=\"21:1-21:69\"><strong>Gr\u00f6\u00dfe:<\/strong> Vergewissern Sie sich, dass die Sp\u00fcle die richtige Gr\u00f6\u00dfe f\u00fcr Ihren K\u00fcchenraum hat.<\/li>\n<li data-sourcepos=\"22:1-22:99\"><strong>Material:<\/strong> W\u00e4hlen Sie ein Material, das langlebig und leicht zu reinigen ist und zum Stil Ihrer K\u00fcche passt.<\/li>\n<li data-sourcepos=\"23:1-23:112\"><strong>Wasserhahn-L\u00f6cher:<\/strong> Ber\u00fccksichtigen Sie die Anzahl und Platzierung der Wasserhahnl\u00f6cher, um die gew\u00fcnschte Konfiguration zu erreichen.<\/li>\n<li data-sourcepos=\"24:1-25:0\"><strong>Einbau:<\/strong> Unterbausp\u00fclen erfordern einen fachgerechten Einbau, um einen ordnungsgem\u00e4\u00dfen und sicheren Sitz zu gew\u00e4hrleisten.<\/li>\n<\/ul>\n<p data-sourcepos=\"26:1-26:239\">Unterbausp\u00fclen sind eine beliebte Wahl f\u00fcr Hausbesitzer, die sich eine moderne und stilvolle K\u00fcche w\u00fcnschen. Ihr schlankes Design, die einfache Reinigung und der gr\u00f6\u00dfere Platz auf der Arbeitsplatte machen sie zu einer funktionalen und optisch ansprechenden Erg\u00e4nzung f\u00fcr jedes Haus.<\/p>","protected":false},"excerpt":{"rendered":"<p>Gesamtgr\u00f6\u00dfe: 780*480*220 mm<\/p>\n<p>Gr\u00f6\u00dfe der Schale: 740*385 mm<\/p>\n<p>Ausschnittgr\u00f6\u00dfe: 750*450 mm<\/p>\n<p>Radiante Ecke : R10<\/p>","protected":false},"featured_media":2416,"template":"","meta":[],"product_brand":[],"product_cat":[53],"product_tag":[],"class_list":{"0":"post-2415","1":"product","2":"type-product","3":"status-publish","4":"has-post-thumbnail","6":"product_cat-topmount-sink-1","8":"first","9":"instock","10":"shipping-taxable","11":"product-type-simple"},"_links":{"self":[{"href":"https:\/\/sinkwithfaucet.com\/de\/wp-json\/wp\/v2\/product\/2415","targetHints":{"allow":["GET"]}}],"collection":[{"href":"https:\/\/sinkwithfaucet.com\/de\/wp-json\/wp\/v2\/product"}],"about":[{"href":"https:\/\/sinkwithfaucet.com\/de\/wp-json\/wp\/v2\/types\/product"}],"wp:featuredmedia":[{"embeddable":true,"href":"https:\/\/sinkwithfaucet.com\/de\/wp-json\/wp\/v2\/media\/2416"}],"wp:attachment":[{"href":"https:\/\/sinkwithfaucet.com\/de\/wp-json\/wp\/v2\/media?parent=2415"}],"wp:term":[{"taxonomy":"product_brand","embeddable":true,"href":"https:\/\/sinkwithfaucet.com\/de\/wp-json\/wp\/v2\/product_brand?post=2415"},{"taxonomy":"product_cat","embeddable":true,"href":"https:\/\/sinkwithfaucet.com\/de\/wp-json\/wp\/v2\/product_cat?post=2415"},{"taxonomy":"product_tag","embeddable":true,"href":"https:\/\/sinkwithfaucet.com\/de\/wp-json\/wp\/v2\/product_tag?post=2415"}],"curies":[{"name":"wp","href":"https:\/\/api.w.org\/{rel}","templated":true}]}}