{"id":2411,"date":"2024-11-04T03:09:36","date_gmt":"2024-11-04T03:09:36","guid":{"rendered":"https:\/\/sinkwithfaucet.com\/?post_type=product&#038;p=2411"},"modified":"2024-11-04T03:09:36","modified_gmt":"2024-11-04T03:09:36","slug":"deep-sink-3120do","status":"publish","type":"product","link":"https:\/\/sinkwithfaucet.com\/de\/deep-sink-3120do\/","title":{"rendered":"Tiefe Sp\u00fcle 3120DO"},"content":{"rendered":"<h2 data-sourcepos=\"1:1-1:53\">Tiefe Waschbecken: Eine praktische und elegante Wahl<\/h2>\n<p data-sourcepos=\"3:1-3:266\">Tiefe Sp\u00fclen bieten eine Reihe von Vorteilen, darunter erh\u00f6hte Funktionalit\u00e4t, verbesserte \u00c4sthetik und verbesserte Reinigungsm\u00f6glichkeiten. Sie sind besonders n\u00fctzlich, um gro\u00dfe T\u00f6pfe und Pfannen unterzubringen, sperrige Gegenst\u00e4nde einzuweichen und andere Aufgaben in der K\u00fcche auszuf\u00fchren.<\/p>\n<p data-sourcepos=\"5:1-5:39\"><strong>Hauptmerkmale von tiefen K\u00fcchensp\u00fclen:<\/strong><\/p>\n<ul data-sourcepos=\"7:1-11:0\">\n<li data-sourcepos=\"7:1-7:87\"><strong>Ausreichende Tiefe:<\/strong> Bietet viel Platz zum Sp\u00fclen von gro\u00dfem Kochgeschirr und sperrigen Gegenst\u00e4nden.<\/li>\n<li data-sourcepos=\"8:1-8:97\"><strong>Reduziertes Spritzen:<\/strong> Das tiefere Design tr\u00e4gt dazu bei, dass das Wasser nicht auf die Arbeitsplatte spritzt.<\/li>\n<li data-sourcepos=\"9:1-9:112\"><strong>Verbesserte Funktionalit\u00e4t:<\/strong> Er eignet sich f\u00fcr eine Vielzahl von Aufgaben in der K\u00fcche, vom Geschirrsp\u00fclen bis zur Zubereitung von Speisen.<\/li>\n<li data-sourcepos=\"10:1-11:0\"><strong>Stilvolles Design:<\/strong> Erh\u00e4ltlich in verschiedenen Stilen und Ausf\u00fchrungen, die jede K\u00fccheneinrichtung erg\u00e4nzen.<\/li>\n<\/ul>\n<p data-sourcepos=\"12:1-12:32\"><strong>Arten von tiefen K\u00fcchensp\u00fclen:<\/strong><\/p>\n<ul data-sourcepos=\"14:1-17:0\">\n<li data-sourcepos=\"14:1-14:85\"><strong>Unterbaubecken:<\/strong> Der Einbau unter der Arbeitsplatte sorgt f\u00fcr ein elegantes und modernes Aussehen.<\/li>\n<li data-sourcepos=\"15:1-15:105\"><strong>Top-Mount-Sp\u00fclen:<\/strong> Wird auf der Arbeitsplatte installiert und bietet ein klassisches und traditionelles Aussehen.<\/li>\n<li data-sourcepos=\"16:1-17:0\"><strong>Landhaus-Sp\u00fclbecken:<\/strong> Gro\u00dfe, tiefe Waschbecken mit Sch\u00fcrzenfront, die ein rustikales und funktionales Design bieten.<\/li>\n<\/ul>\n<p data-sourcepos=\"18:1-18:53\"><strong>\u00dcberlegungen bei der Wahl einer tiefen K\u00fcchensp\u00fcle:<\/strong><\/p>\n<ul data-sourcepos=\"20:1-24:0\">\n<li data-sourcepos=\"20:1-20:94\"><strong>Die Tiefe:<\/strong> W\u00e4hlen Sie eine Tiefe, die Ihren Bed\u00fcrfnissen entspricht, und ber\u00fccksichtigen Sie dabei die Gr\u00f6\u00dfe Ihrer T\u00f6pfe und Pfannen.<\/li>\n<li data-sourcepos=\"21:1-21:89\"><strong>Material:<\/strong> Edelstahl ist wegen seiner Haltbarkeit und leichten Reinigung eine beliebte Wahl.<\/li>\n<li data-sourcepos=\"22:1-22:78\"><strong>Gr\u00f6\u00dfe:<\/strong> W\u00e4hlen Sie eine Gr\u00f6\u00dfe, die dem Grundriss Ihrer K\u00fcche und dem verf\u00fcgbaren Platz entspricht.<\/li>\n<li data-sourcepos=\"23:1-24:0\"><strong>Stil:<\/strong> W\u00e4hlen Sie einen Stil, der das Gesamtdesign Ihrer K\u00fcche erg\u00e4nzt.<\/li>\n<\/ul>\n<p data-sourcepos=\"25:1-25:136\">Wenn Sie diese Faktoren sorgf\u00e4ltig ber\u00fccksichtigen, k\u00f6nnen Sie die perfekte tiefe K\u00fcchensp\u00fcle ausw\u00e4hlen, um die Funktionalit\u00e4t und den Stil Ihrer K\u00fcche zu verbessern.<\/p>","protected":false},"excerpt":{"rendered":"<p>Gesamtgr\u00f6\u00dfe: 31*20*9 Zoll\/810*510*220 mm<\/p>\n<p>Gr\u00f6\u00dfe der Schale: 350*398\/350*398 mm<\/p>\n<p>Ausschnittgr\u00f6\u00dfe: 767*488 mm<\/p>\n<p>Radiante Ecke : R10<\/p>","protected":false},"featured_media":2412,"template":"","meta":[],"product_brand":[],"product_cat":[53],"product_tag":[],"class_list":{"0":"post-2411","1":"product","2":"type-product","3":"status-publish","4":"has-post-thumbnail","6":"product_cat-topmount-sink-1","8":"first","9":"instock","10":"shipping-taxable","11":"product-type-simple"},"_links":{"self":[{"href":"https:\/\/sinkwithfaucet.com\/de\/wp-json\/wp\/v2\/product\/2411","targetHints":{"allow":["GET"]}}],"collection":[{"href":"https:\/\/sinkwithfaucet.com\/de\/wp-json\/wp\/v2\/product"}],"about":[{"href":"https:\/\/sinkwithfaucet.com\/de\/wp-json\/wp\/v2\/types\/product"}],"wp:featuredmedia":[{"embeddable":true,"href":"https:\/\/sinkwithfaucet.com\/de\/wp-json\/wp\/v2\/media\/2412"}],"wp:attachment":[{"href":"https:\/\/sinkwithfaucet.com\/de\/wp-json\/wp\/v2\/media?parent=2411"}],"wp:term":[{"taxonomy":"product_brand","embeddable":true,"href":"https:\/\/sinkwithfaucet.com\/de\/wp-json\/wp\/v2\/product_brand?post=2411"},{"taxonomy":"product_cat","embeddable":true,"href":"https:\/\/sinkwithfaucet.com\/de\/wp-json\/wp\/v2\/product_cat?post=2411"},{"taxonomy":"product_tag","embeddable":true,"href":"https:\/\/sinkwithfaucet.com\/de\/wp-json\/wp\/v2\/product_tag?post=2411"}],"curies":[{"name":"wp","href":"https:\/\/api.w.org\/{rel}","templated":true}]}}