{"id":2407,"date":"2024-11-04T02:52:17","date_gmt":"2024-11-04T02:52:17","guid":{"rendered":"https:\/\/sinkwithfaucet.com\/?post_type=product&#038;p=2407"},"modified":"2024-11-04T02:52:17","modified_gmt":"2024-11-04T02:52:17","slug":"top-mount-kitchen-sink-1200sdo","status":"publish","type":"product","link":"https:\/\/sinkwithfaucet.com\/de\/top-mount-kitchen-sink-1200sdo\/","title":{"rendered":"Aufsatzsp\u00fcle 1200SDO"},"content":{"rendered":"<h2 data-sourcepos=\"1:1-1:44\">Top-Mount-K\u00fcchensp\u00fclen: Eine klassische Wahl<\/h2>\n<p data-sourcepos=\"3:1-3:206\">Aufbausp\u00fclen, auch bekannt als Einbausp\u00fclen, sind eine klassische und vielseitige Option f\u00fcr viele K\u00fcchen. Sie werden oben auf der Arbeitsplatte installiert, was ein traditionelles und einfach zu installierendes Aussehen ergibt.<\/p>\n<p data-sourcepos=\"5:1-5:44\"><strong>Wesentliche Merkmale:<\/strong><\/p>\n<ul data-sourcepos=\"7:1-11:0\">\n<li data-sourcepos=\"7:1-7:70\"><strong>Einfache Installation:<\/strong> Einfach auf jeder Arbeitsplatte zu installieren.<\/li>\n<li data-sourcepos=\"8:1-8:112\"><strong>Breite Palette an Stilen:<\/strong> Erh\u00e4ltlich in verschiedenen Formen, Gr\u00f6\u00dfen und Materialien, die sich an unterschiedliche K\u00fcchendesigns anpassen.<\/li>\n<li data-sourcepos=\"9:1-9:127\"><strong>Langlebig und hygienisch:<\/strong> Sie bestehen aus Materialien wie Edelstahl, Keramik oder Verbundwerkstoffen und gew\u00e4hrleisten eine lange Lebensdauer.<\/li>\n<li data-sourcepos=\"10:1-11:0\"><strong>Kosteng\u00fcnstig:<\/strong> Oft g\u00fcnstiger als Unterbaubecken.<\/li>\n<\/ul>\n<p data-sourcepos=\"12:1-12:37\"><strong>Arten von Aufsatzsp\u00fclen f\u00fcr die K\u00fcche:<\/strong><\/p>\n<ul data-sourcepos=\"14:1-18:0\">\n<li data-sourcepos=\"14:1-14:57\"><strong>Einzelne Schale:<\/strong> Ein einziges, gro\u00dfes Becken f\u00fcr den allgemeinen Gebrauch.<\/li>\n<li data-sourcepos=\"15:1-15:56\"><strong>Double Bowl:<\/strong> Zwei separate Waschbecken f\u00fcr Multitasking.<\/li>\n<li data-sourcepos=\"16:1-16:92\"><strong>Triple Bowl:<\/strong> Drei Becken f\u00fcr zus\u00e4tzliche Funktionalit\u00e4t, h\u00e4ufig in Gro\u00dfk\u00fcchen zu finden.<\/li>\n<li data-sourcepos=\"17:1-18:0\"><strong>Landhaus-Sp\u00fcle:<\/strong> Ein gro\u00dfes, tiefes Waschbecken mit Sch\u00fcrzenfront, das ein rustikales und traditionelles Aussehen bietet.<\/li>\n<\/ul>\n<p data-sourcepos=\"19:1-19:75\"><strong>Bei der Wahl einer Aufsatzsp\u00fcle sollten Sie die folgenden Faktoren ber\u00fccksichtigen:<\/strong><\/p>\n<ul data-sourcepos=\"21:1-25:0\">\n<li data-sourcepos=\"21:1-21:70\"><strong>Gr\u00f6\u00dfe:<\/strong> Achten Sie darauf, dass die Sp\u00fcle zu Ihrer Arbeitsplatte passt und Ihren Anforderungen entspricht.<\/li>\n<li data-sourcepos=\"22:1-22:98\"><strong>Material:<\/strong> W\u00e4hlen Sie ein haltbares und leicht zu reinigendes Material, wie z. B. Edelstahl oder Verbundwerkstoff.<\/li>\n<li data-sourcepos=\"23:1-23:75\"><strong>Stil:<\/strong> W\u00e4hlen Sie einen Stil, der zum Gesamtdesign Ihrer K\u00fcche passt.<\/li>\n<li data-sourcepos=\"24:1-25:0\"><strong>Einbau:<\/strong> Achten Sie auf eine ordnungsgem\u00e4\u00dfe Installation, um Leckagen und Sch\u00e4den zu vermeiden.<\/li>\n<\/ul>\n<p data-sourcepos=\"26:1-26:141\">Wenn Sie diese Faktoren sorgf\u00e4ltig ber\u00fccksichtigen, k\u00f6nnen Sie die perfekte Aufsatzsp\u00fcle ausw\u00e4hlen, um die Funktionalit\u00e4t und den Stil Ihrer K\u00fcche zu verbessern.<\/p>","protected":false},"excerpt":{"rendered":"<p>Gesamtgr\u00f6\u00dfe: 1200*510*220 mm<\/p>\n<p>Gr\u00f6\u00dfe der Schale: 440*400 mm<\/p>\n<p>Ausschnittgr\u00f6\u00dfe: 1175*485 mm<\/p>\n<p>Radiante Ecke : R10<\/p>","protected":false},"featured_media":2408,"template":"","meta":[],"product_brand":[],"product_cat":[53],"product_tag":[],"class_list":{"0":"post-2407","1":"product","2":"type-product","3":"status-publish","4":"has-post-thumbnail","6":"product_cat-topmount-sink-1","8":"first","9":"instock","10":"shipping-taxable","11":"product-type-simple"},"_links":{"self":[{"href":"https:\/\/sinkwithfaucet.com\/de\/wp-json\/wp\/v2\/product\/2407","targetHints":{"allow":["GET"]}}],"collection":[{"href":"https:\/\/sinkwithfaucet.com\/de\/wp-json\/wp\/v2\/product"}],"about":[{"href":"https:\/\/sinkwithfaucet.com\/de\/wp-json\/wp\/v2\/types\/product"}],"wp:featuredmedia":[{"embeddable":true,"href":"https:\/\/sinkwithfaucet.com\/de\/wp-json\/wp\/v2\/media\/2408"}],"wp:attachment":[{"href":"https:\/\/sinkwithfaucet.com\/de\/wp-json\/wp\/v2\/media?parent=2407"}],"wp:term":[{"taxonomy":"product_brand","embeddable":true,"href":"https:\/\/sinkwithfaucet.com\/de\/wp-json\/wp\/v2\/product_brand?post=2407"},{"taxonomy":"product_cat","embeddable":true,"href":"https:\/\/sinkwithfaucet.com\/de\/wp-json\/wp\/v2\/product_cat?post=2407"},{"taxonomy":"product_tag","embeddable":true,"href":"https:\/\/sinkwithfaucet.com\/de\/wp-json\/wp\/v2\/product_tag?post=2407"}],"curies":[{"name":"wp","href":"https:\/\/api.w.org\/{rel}","templated":true}]}}