{"id":2405,"date":"2024-11-04T02:44:36","date_gmt":"2024-11-04T02:44:36","guid":{"rendered":"https:\/\/sinkwithfaucet.com\/?post_type=product&#038;p=2405"},"modified":"2024-11-04T02:45:56","modified_gmt":"2024-11-04T02:45:56","slug":"above-counter-sink-8151sdo","status":"publish","type":"product","link":"https:\/\/sinkwithfaucet.com\/de\/above-counter-sink-8151sdo\/","title":{"rendered":"Sp\u00fcle \u00fcber der Theke 8151SDO"},"content":{"rendered":"<h2 data-sourcepos=\"1:1-1:51\">Waschbecken \u00fcber der Theke: Eine stilvolle und moderne Wahl<\/h2>\n<p data-sourcepos=\"3:1-3:194\"><strong>Sp\u00fclen \u00fcber der Theke<\/strong>auch Gef\u00e4\u00dfwaschbecken genannt, sind eine beliebte Wahl f\u00fcr die Gestaltung von Bad und K\u00fcche. Sie sitzen oben auf der Arbeitsplatte und bilden einen einzigartigen und auff\u00e4lligen Blickfang.<\/p>\n<p data-sourcepos=\"5:1-5:40\"><strong>Hauptmerkmale von Aufsatzsp\u00fclen:<\/strong><\/p>\n<ul data-sourcepos=\"7:1-11:0\">\n<li data-sourcepos=\"7:1-7:88\"><strong>Stilvolles Design:<\/strong> Erh\u00e4ltlich in einer breiten Palette von Stilen, von klassisch bis modern.<\/li>\n<li data-sourcepos=\"8:1-8:78\"><strong>Einfache Installation:<\/strong> Einfach auf der vorhandenen Arbeitsplatte zu installieren.<\/li>\n<li data-sourcepos=\"9:1-9:72\"><strong>Vielfalt der Materialien:<\/strong> W\u00e4hlen Sie zwischen Keramik, Glas, Stein oder Metall.<\/li>\n<li data-sourcepos=\"10:1-11:0\"><strong>Anpassungen:<\/strong> Kann an Ihre speziellen Bed\u00fcrfnisse und Vorlieben angepasst werden.<\/li>\n<\/ul>\n<p data-sourcepos=\"12:1-12:55\"><strong>\u00dcberlegungen bei der Auswahl eines Waschbeckens \u00fcber dem Arbeitsbereich:<\/strong><\/p>\n<ul data-sourcepos=\"14:1-18:0\">\n<li data-sourcepos=\"14:1-14:144\"><strong>Gr\u00f6\u00dfe und Form:<\/strong> Achten Sie auf die Gr\u00f6\u00dfe und Form des Waschbeckens, damit es zu Ihrer Arbeitsplatte passt und Ihr Bad- oder K\u00fcchendesign erg\u00e4nzt.<\/li>\n<li data-sourcepos=\"15:1-15:82\"><strong>Material:<\/strong> W\u00e4hlen Sie ein haltbares und leicht zu reinigendes Material, das zu Ihrem Stil passt.<\/li>\n<li data-sourcepos=\"16:1-16:87\"><strong>Wasserhahn:<\/strong> W\u00e4hlen Sie einen Wasserhahn, der zur H\u00f6he und zum Stil des Waschbeckens passt.<\/li>\n<li data-sourcepos=\"17:1-18:0\"><strong>Einbau:<\/strong> Achten Sie auf eine ordnungsgem\u00e4\u00dfe Installation, um Wassersch\u00e4den zu vermeiden und optimale Funktionalit\u00e4t zu gew\u00e4hrleisten.<\/li>\n<\/ul>\n<p data-sourcepos=\"19:1-19:143\"><strong>Wenn Sie diese Faktoren sorgf\u00e4ltig ber\u00fccksichtigen, k\u00f6nnen Sie das perfekte Aufsatzwaschbecken ausw\u00e4hlen, das den Stil und die Funktionalit\u00e4t Ihres Raumes aufwertet.<\/strong><\/p>","protected":false},"excerpt":{"rendered":"<p>Gesamtgr\u00f6\u00dfe: 810*510*220 mm<\/p>\n<p>Gr\u00f6\u00dfe der Schale: 400*400 mm<\/p>\n<p>Ausschnittgr\u00f6\u00dfe: 785*485 mm<\/p>\n<p>Radiante Ecke : R10<\/p>","protected":false},"featured_media":2406,"template":"","meta":[],"product_brand":[],"product_cat":[53],"product_tag":[],"class_list":{"0":"post-2405","1":"product","2":"type-product","3":"status-publish","4":"has-post-thumbnail","6":"product_cat-topmount-sink-1","8":"first","9":"instock","10":"shipping-taxable","11":"product-type-simple"},"_links":{"self":[{"href":"https:\/\/sinkwithfaucet.com\/de\/wp-json\/wp\/v2\/product\/2405","targetHints":{"allow":["GET"]}}],"collection":[{"href":"https:\/\/sinkwithfaucet.com\/de\/wp-json\/wp\/v2\/product"}],"about":[{"href":"https:\/\/sinkwithfaucet.com\/de\/wp-json\/wp\/v2\/types\/product"}],"wp:featuredmedia":[{"embeddable":true,"href":"https:\/\/sinkwithfaucet.com\/de\/wp-json\/wp\/v2\/media\/2406"}],"wp:attachment":[{"href":"https:\/\/sinkwithfaucet.com\/de\/wp-json\/wp\/v2\/media?parent=2405"}],"wp:term":[{"taxonomy":"product_brand","embeddable":true,"href":"https:\/\/sinkwithfaucet.com\/de\/wp-json\/wp\/v2\/product_brand?post=2405"},{"taxonomy":"product_cat","embeddable":true,"href":"https:\/\/sinkwithfaucet.com\/de\/wp-json\/wp\/v2\/product_cat?post=2405"},{"taxonomy":"product_tag","embeddable":true,"href":"https:\/\/sinkwithfaucet.com\/de\/wp-json\/wp\/v2\/product_tag?post=2405"}],"curies":[{"name":"wp","href":"https:\/\/api.w.org\/{rel}","templated":true}]}}