{"id":2391,"date":"2024-11-04T01:44:51","date_gmt":"2024-11-04T01:44:51","guid":{"rendered":"https:\/\/sinkwithfaucet.com\/?post_type=product&#038;p=2391"},"modified":"2024-11-04T01:46:08","modified_gmt":"2024-11-04T01:46:08","slug":"integrated-sink-7544sdu","status":"publish","type":"product","link":"https:\/\/sinkwithfaucet.com\/de\/integrated-sink-7544sdu\/","title":{"rendered":"Integrierte Sp\u00fcle 7544SDU"},"content":{"rendered":"<h2 data-sourcepos=\"1:1-1:46\">Integrierte Sp\u00fclen: Ein nahtloses K\u00fcchendesign<\/h2>\n<p data-sourcepos=\"3:1-3:176\"><strong>Integrierte Sp\u00fclbecken<\/strong> sind eine moderne und stilvolle Wahl f\u00fcr K\u00fcchenarbeitsplatten. Sie sind nahtlos in das Material der Arbeitsplatte integriert und sorgen f\u00fcr einen sauberen und minimalistischen Look.<\/p>\n<p data-sourcepos=\"5:1-5:37\"><strong>Wesentliche Merkmale:<\/strong><\/p>\n<ul data-sourcepos=\"7:1-11:0\">\n<li data-sourcepos=\"7:1-7:139\"><strong>Nahtloses Design:<\/strong> Sp\u00fcle und Arbeitsplatte bilden eine einzige, einheitliche Oberfl\u00e4che, wodurch Spalten und Ritzen, in denen sich Bakterien ansammeln k\u00f6nnen, vermieden werden.<\/li>\n<li data-sourcepos=\"8:1-8:117\"><strong>Anpassungen:<\/strong> Integrierte Waschbecken k\u00f6nnen an Ihre speziellen Bed\u00fcrfnisse angepasst werden, einschlie\u00dflich Gr\u00f6\u00dfe, Form und Tiefe.<\/li>\n<li data-sourcepos=\"9:1-9:121\"><strong>Langlebigkeit:<\/strong> Integrierte Sp\u00fclen werden aus langlebigen Materialien wie Quarz, Granit oder Mineralwerkstoff hergestellt und sind f\u00fcr eine lange Lebensdauer ausgelegt.<\/li>\n<li data-sourcepos=\"10:1-11:0\"><strong>Leicht zu reinigen:<\/strong> Die glatte, fugenlose Oberfl\u00e4che ist leicht zu reinigen und zu pflegen.<\/li>\n<\/ul>\n<p data-sourcepos=\"12:1-12:30\"><strong>Typen:<\/strong><\/p>\n<ul data-sourcepos=\"14:1-17:0\">\n<li data-sourcepos=\"14:1-14:90\"><strong>Quarz:<\/strong> Es ist wegen seiner Haltbarkeit, Hitzebest\u00e4ndigkeit und Farbvielfalt eine beliebte Wahl.<\/li>\n<li data-sourcepos=\"15:1-15:79\"><strong>Granit:<\/strong> Eine Option aus Naturstein, die ein luxuri\u00f6ses und elegantes Aussehen bietet.<\/li>\n<li data-sourcepos=\"16:1-17:0\"><strong>Feste Oberfl\u00e4che:<\/strong> Ein k\u00fcnstliches Material, das sowohl langlebig als auch elegant ist.<\/li>\n<\/ul>\n<p data-sourcepos=\"18:1-18:52\"><strong>\u00dcberlegungen bei der Wahl einer integrierten Sp\u00fcle:<\/strong><\/p>\n<ul data-sourcepos=\"20:1-24:0\">\n<li data-sourcepos=\"20:1-20:108\"><strong>Material:<\/strong> W\u00e4hlen Sie ein Material, das die \u00c4sthetik Ihrer K\u00fcche erg\u00e4nzt und Ihren funktionalen Anforderungen entspricht.<\/li>\n<li data-sourcepos=\"21:1-21:128\"><strong>Gr\u00f6\u00dfe und Form:<\/strong> Achten Sie auf die Gr\u00f6\u00dfe und Form der Sp\u00fcle, um sicherzustellen, dass sie in Ihre K\u00fcche passt und Ihren Bed\u00fcrfnissen gerecht wird.<\/li>\n<li data-sourcepos=\"22:1-22:101\"><strong>Einbau:<\/strong> Um eine nahtlose und wasserdichte Montage zu gew\u00e4hrleisten, wird eine professionelle Installation empfohlen.<\/li>\n<li data-sourcepos=\"23:1-24:0\"><strong>Wartung:<\/strong> Beachten Sie die vom Hersteller empfohlenen Reinigungs- und Wartungsrichtlinien.<\/li>\n<\/ul>\n<p data-sourcepos=\"25:1-25:184\"><strong>Integrierte Sp\u00fclen bieten ein elegantes und modernes Aussehen, das den Stil Ihrer K\u00fcche aufwerten kann.<\/strong> Sie sind eine gute Wahl f\u00fcr Hausbesitzer, die sowohl Wert auf \u00c4sthetik als auch auf Funktionalit\u00e4t legen.<\/p>","protected":false},"excerpt":{"rendered":"<p>Gesamtgr\u00f6\u00dfe: 750*440*220 mm<\/p>\n<p>Gr\u00f6\u00dfe der Schale: 400*400 mm<\/p>\n<p>Ausschnittgr\u00f6\u00dfe: 710*400 mm<\/p>\n<p>Radiante Ecke : R10<\/p>","protected":false},"featured_media":2392,"template":"","meta":[],"product_brand":[],"product_cat":[52],"product_tag":[],"class_list":{"0":"post-2391","1":"product","2":"type-product","3":"status-publish","4":"has-post-thumbnail","6":"product_cat-undermount-sink-1","8":"first","9":"instock","10":"shipping-taxable","11":"product-type-simple"},"_links":{"self":[{"href":"https:\/\/sinkwithfaucet.com\/de\/wp-json\/wp\/v2\/product\/2391","targetHints":{"allow":["GET"]}}],"collection":[{"href":"https:\/\/sinkwithfaucet.com\/de\/wp-json\/wp\/v2\/product"}],"about":[{"href":"https:\/\/sinkwithfaucet.com\/de\/wp-json\/wp\/v2\/types\/product"}],"wp:featuredmedia":[{"embeddable":true,"href":"https:\/\/sinkwithfaucet.com\/de\/wp-json\/wp\/v2\/media\/2392"}],"wp:attachment":[{"href":"https:\/\/sinkwithfaucet.com\/de\/wp-json\/wp\/v2\/media?parent=2391"}],"wp:term":[{"taxonomy":"product_brand","embeddable":true,"href":"https:\/\/sinkwithfaucet.com\/de\/wp-json\/wp\/v2\/product_brand?post=2391"},{"taxonomy":"product_cat","embeddable":true,"href":"https:\/\/sinkwithfaucet.com\/de\/wp-json\/wp\/v2\/product_cat?post=2391"},{"taxonomy":"product_tag","embeddable":true,"href":"https:\/\/sinkwithfaucet.com\/de\/wp-json\/wp\/v2\/product_tag?post=2391"}],"curies":[{"name":"wp","href":"https:\/\/api.w.org\/{rel}","templated":true}]}}