{"id":2389,"date":"2024-11-04T01:38:16","date_gmt":"2024-11-04T01:38:16","guid":{"rendered":"https:\/\/sinkwithfaucet.com\/?post_type=product&#038;p=2389"},"modified":"2024-11-04T01:38:17","modified_gmt":"2024-11-04T01:38:17","slug":"free-standing-sink-7544du","status":"publish","type":"product","link":"https:\/\/sinkwithfaucet.com\/de\/free-standing-sink-7544du\/","title":{"rendered":"Freistehendes Waschbecken 7544DU"},"content":{"rendered":"<h2 data-sourcepos=\"1:1-1:54\">Freistehende Waschbecken: Eine stilvolle und funktionelle Wahl<\/h2>\n<p data-sourcepos=\"3:1-3:226\">Freistehende Waschbecken sind eine vielseitige und auff\u00e4llige Erg\u00e4nzung f\u00fcr B\u00e4der und K\u00fcchen. Im Gegensatz zu herk\u00f6mmlichen Waschbecken mit Arbeitsplatte werden freistehende Waschbecken auf dem Boden installiert und verleihen Ihrem Raum einen einzigartigen und eleganten Touch.<\/p>\n<p data-sourcepos=\"5:1-5:39\"><strong>Hauptmerkmale von freistehenden Waschbecken:<\/strong><\/p>\n<ul data-sourcepos=\"7:1-11:0\">\n<li data-sourcepos=\"7:1-7:90\"><strong>Vielseitiges Design:<\/strong> Erh\u00e4ltlich in einer breiten Palette von Stilen, von klassisch bis modern.<\/li>\n<li data-sourcepos=\"8:1-8:90\"><strong>Einfache Installation:<\/strong> Einfach zu installieren, ohne dass umfangreiche Arbeiten an der Arbeitsplatte erforderlich sind.<\/li>\n<li data-sourcepos=\"9:1-9:74\"><strong>Einzigartige \u00c4sthetik:<\/strong> Schafft einen Blickfang in Ihrem Bad oder Ihrer K\u00fcche.<\/li>\n<li data-sourcepos=\"10:1-11:0\"><strong>Leicht zu reinigen:<\/strong> Die glatten Oberfl\u00e4chen und das offene Design machen die Reinigung zum Kinderspiel.<\/li>\n<li data-sourcepos=\"10:1-11:0\"><strong>K\u00fcchensp\u00fclen:<\/strong>\n<ul data-sourcepos=\"19:5-21:0\">\n<li data-sourcepos=\"19:5-19:126\"><strong>Landhaus-Sp\u00fclbecken:<\/strong> Gro\u00dfe, tiefe Sp\u00fclbecken mit Sch\u00fcrzenfront, die viel Platz zum Sp\u00fclen und Zubereiten von Speisen bieten.<\/li>\n<li data-sourcepos=\"20:5-21:0\"><strong>Versorgungssp\u00fclen:<\/strong> Ideal f\u00fcr Waschk\u00fcchen, Garagen oder Au\u00dfenk\u00fcchen.<\/li>\n<\/ul>\n<\/li>\n<\/ul>\n<ul data-sourcepos=\"14:1-21:0\">\n<li style=\"list-style-type: none;\" data-sourcepos=\"14:1-17:100\"><\/li>\n<\/ul>\n<p data-sourcepos=\"22:1-22:53\"><strong>\u00dcberlegungen bei der Wahl eines freistehenden Waschbeckens:<\/strong><\/p>\n<ul data-sourcepos=\"24:1-28:0\">\n<li data-sourcepos=\"24:1-24:74\"><strong>Stil:<\/strong> W\u00e4hlen Sie ein Waschbecken aus, das zu Ihrer allgemeinen Design\u00e4sthetik passt.<\/li>\n<li data-sourcepos=\"25:1-25:78\"><strong>Gr\u00f6\u00dfe:<\/strong> W\u00e4hlen Sie eine Gr\u00f6\u00dfe, die zu Ihrem verf\u00fcgbaren Platz passt und Ihren Bed\u00fcrfnissen entspricht.<\/li>\n<li data-sourcepos=\"26:1-26:129\"><strong>Material:<\/strong> Ber\u00fccksichtigen Sie bei der Wahl des Materials, wie Keramik, Porzellan oder Edelstahl, die Haltbarkeit und den gew\u00fcnschten Stil.<\/li>\n<li data-sourcepos=\"27:1-28:0\"><strong>Klempnerarbeiten:<\/strong> Vergewissern Sie sich, dass die Rohrleitungen richtig angeschlossen sind, und ber\u00fccksichtigen Sie m\u00f6gliche Probleme, insbesondere bei freistehenden Sp\u00fclbecken.<\/li>\n<\/ul>","protected":false},"excerpt":{"rendered":"<p>Gesamtgr\u00f6\u00dfe: 750*440*220 mm<\/p>\n<p>Gr\u00f6\u00dfe der Schale: 340*400\/340*400 mm<\/p>\n<p>Ausschnittgr\u00f6\u00dfe: 710*400 mm<\/p>\n<p>Radiante Ecke : R10<\/p>","protected":false},"featured_media":2390,"template":"","meta":[],"product_brand":[],"product_cat":[52],"product_tag":[],"class_list":{"0":"post-2389","1":"product","2":"type-product","3":"status-publish","4":"has-post-thumbnail","6":"product_cat-undermount-sink-1","8":"first","9":"instock","10":"shipping-taxable","11":"product-type-simple"},"_links":{"self":[{"href":"https:\/\/sinkwithfaucet.com\/de\/wp-json\/wp\/v2\/product\/2389","targetHints":{"allow":["GET"]}}],"collection":[{"href":"https:\/\/sinkwithfaucet.com\/de\/wp-json\/wp\/v2\/product"}],"about":[{"href":"https:\/\/sinkwithfaucet.com\/de\/wp-json\/wp\/v2\/types\/product"}],"wp:featuredmedia":[{"embeddable":true,"href":"https:\/\/sinkwithfaucet.com\/de\/wp-json\/wp\/v2\/media\/2390"}],"wp:attachment":[{"href":"https:\/\/sinkwithfaucet.com\/de\/wp-json\/wp\/v2\/media?parent=2389"}],"wp:term":[{"taxonomy":"product_brand","embeddable":true,"href":"https:\/\/sinkwithfaucet.com\/de\/wp-json\/wp\/v2\/product_brand?post=2389"},{"taxonomy":"product_cat","embeddable":true,"href":"https:\/\/sinkwithfaucet.com\/de\/wp-json\/wp\/v2\/product_cat?post=2389"},{"taxonomy":"product_tag","embeddable":true,"href":"https:\/\/sinkwithfaucet.com\/de\/wp-json\/wp\/v2\/product_tag?post=2389"}],"curies":[{"name":"wp","href":"https:\/\/api.w.org\/{rel}","templated":true}]}}