{"id":2342,"date":"2024-11-01T07:21:34","date_gmt":"2024-11-01T07:21:34","guid":{"rendered":"https:\/\/sinkwithfaucet.com\/?post_type=product&#038;p=2342"},"modified":"2024-11-01T07:23:29","modified_gmt":"2024-11-01T07:23:29","slug":"small-stainless-steel-sink-2344su","status":"publish","type":"product","link":"https:\/\/sinkwithfaucet.com\/de\/small-stainless-steel-sink-2344su\/","title":{"rendered":"Kleine Edelstahlsp\u00fcle 2344SU"},"content":{"rendered":"<h2 data-sourcepos=\"1:1-1:50\">Kleine Edelstahlsp\u00fclen: Eine kompakte L\u00f6sung<\/h2>\n<p data-sourcepos=\"3:1-3:87\">Kleine Edelstahlsp\u00fclen sind eine praktische Wahl f\u00fcr verschiedene Anwendungen.<\/p>\n<p data-sourcepos=\"10:1-10:44\"><strong>Vorteile:<\/strong><\/p>\n<ul data-sourcepos=\"12:1-16:0\">\n<li data-sourcepos=\"12:1-12:58\"><strong>Platzsparend:<\/strong> Das kompakte Design passt in kleine R\u00e4ume.<\/li>\n<li data-sourcepos=\"13:1-13:88\"><strong>Langlebigkeit:<\/strong> Edelstahl ist ein langlebiges Material, das Rost und Korrosion widersteht.<\/li>\n<li data-sourcepos=\"14:1-14:66\"><strong>Leicht zu reinigen:<\/strong> Die glatte Oberfl\u00e4che ist leicht zu pflegen und zu reinigen.<\/li>\n<li data-sourcepos=\"15:1-16:0\"><strong>Moderne \u00c4sthetik:<\/strong> Das elegante und stilvolle Design passt zu verschiedenen K\u00fcchenstilen.<\/li>\n<\/ul>\n<p data-sourcepos=\"17:1-17:41\"><strong>Typen:<\/strong><\/p>\n<ul data-sourcepos=\"19:1-23:0\">\n<li data-sourcepos=\"19:1-19:77\"><strong>Unterbaubecken:<\/strong> Der Einbau unter der Arbeitsplatte sorgt f\u00fcr ein nahtloses Aussehen.<\/li>\n<li data-sourcepos=\"20:1-20:93\"><strong>Top-Mount-Sp\u00fclen:<\/strong> Wird auf der Arbeitsplatte installiert und bietet ein traditionelles Aussehen.<\/li>\n<li data-sourcepos=\"21:1-21:65\"><strong>Einschalen-Sp\u00fclbecken:<\/strong> Ein einziges Waschbecken f\u00fcr grundlegende Reinigungsaufgaben.<\/li>\n<li data-sourcepos=\"22:1-23:0\"><strong>Doppelsp\u00fclbecken:<\/strong> Zwei separate Waschbecken f\u00fcr Multitasking.<\/li>\n<\/ul>\n<p data-sourcepos=\"24:1-24:78\"><strong>Ber\u00fccksichtigen Sie bei der Auswahl eines kleinen Sp\u00fclbeckens aus rostfreiem Stahl die folgenden Faktoren:<\/strong><\/p>\n<ul data-sourcepos=\"26:1-30:0\">\n<li data-sourcepos=\"26:1-26:76\"><strong>Gr\u00f6\u00dfe:<\/strong> W\u00e4hlen Sie eine Gr\u00f6\u00dfe, die Ihren spezifischen Bed\u00fcrfnissen und dem verf\u00fcgbaren Platz entspricht.<\/li>\n<li data-sourcepos=\"27:1-27:64\"><strong>Die Tiefe:<\/strong> Ein tieferes Waschbecken bietet Platz f\u00fcr gr\u00f6\u00dfere T\u00f6pfe und Pfannen.<\/li>\n<li data-sourcepos=\"28:1-28:93\"><strong>Spurweite:<\/strong> Die Dicke des rostfreien Stahls kann die Haltbarkeit und den Klang der Sp\u00fcle beeinflussen.<\/li>\n<li data-sourcepos=\"29:1-30:0\"><strong>Beenden:<\/strong> W\u00e4hlen Sie eine Oberfl\u00e4che, die zum Stil Ihrer K\u00fcche passt, z. B. geb\u00fcrsteten oder polierten Edelstahl.<\/li>\n<\/ul>\n<p data-sourcepos=\"31:1-31:109\">Wenn Sie diese Faktoren sorgf\u00e4ltig ber\u00fccksichtigen, k\u00f6nnen Sie die perfekte kleine Edelstahlsp\u00fcle f\u00fcr Ihre Bed\u00fcrfnisse ausw\u00e4hlen.<\/p>","protected":false},"excerpt":{"rendered":"<p>Gesamtgr\u00f6\u00dfe \uff1a 230*440*200 mm<\/p>\n<p>Sch\u00fcsselgr\u00f6\u00dfe \uff1a190*400 mm<\/p>\n<p>Ausschnittgr\u00f6\u00dfe \uff1a190*400 mm<\/p>\n<p>Radiante Ecke \uff1aR10<\/p>","protected":false},"featured_media":2343,"template":"","meta":[],"product_brand":[],"product_cat":[52],"product_tag":[],"class_list":{"0":"post-2342","1":"product","2":"type-product","3":"status-publish","4":"has-post-thumbnail","6":"product_cat-undermount-sink-1","8":"first","9":"instock","10":"shipping-taxable","11":"product-type-simple"},"_links":{"self":[{"href":"https:\/\/sinkwithfaucet.com\/de\/wp-json\/wp\/v2\/product\/2342","targetHints":{"allow":["GET"]}}],"collection":[{"href":"https:\/\/sinkwithfaucet.com\/de\/wp-json\/wp\/v2\/product"}],"about":[{"href":"https:\/\/sinkwithfaucet.com\/de\/wp-json\/wp\/v2\/types\/product"}],"wp:featuredmedia":[{"embeddable":true,"href":"https:\/\/sinkwithfaucet.com\/de\/wp-json\/wp\/v2\/media\/2343"}],"wp:attachment":[{"href":"https:\/\/sinkwithfaucet.com\/de\/wp-json\/wp\/v2\/media?parent=2342"}],"wp:term":[{"taxonomy":"product_brand","embeddable":true,"href":"https:\/\/sinkwithfaucet.com\/de\/wp-json\/wp\/v2\/product_brand?post=2342"},{"taxonomy":"product_cat","embeddable":true,"href":"https:\/\/sinkwithfaucet.com\/de\/wp-json\/wp\/v2\/product_cat?post=2342"},{"taxonomy":"product_tag","embeddable":true,"href":"https:\/\/sinkwithfaucet.com\/de\/wp-json\/wp\/v2\/product_tag?post=2342"}],"curies":[{"name":"wp","href":"https:\/\/api.w.org\/{rel}","templated":true}]}}