{"id":2050,"date":"2024-10-19T09:28:07","date_gmt":"2024-10-19T09:28:07","guid":{"rendered":"https:\/\/sinkwithfaucet.com\/?page_id=2050"},"modified":"2024-11-11T08:47:26","modified_gmt":"2024-11-11T08:47:26","slug":"faqs-about-kitchen-sink","status":"publish","type":"page","link":"https:\/\/sinkwithfaucet.com\/de\/faqs-about-kitchen-sink\/","title":{"rendered":"FAQs"},"content":{"rendered":"<div class=\"banner has-hover has-parallax\" id=\"banner-419028345\">\n          <div class=\"banner-inner fill\">\n        <div class=\"banner-bg fill\" data-parallax=\"-3\" data-parallax-container=\".banner\" data-parallax-background>\n            <div class=\"bg fill bg-fill\"><\/div>\n                                    \n                    <\/div>\n\t\t\n        <div class=\"banner-layers container\">\n            <div class=\"fill banner-link\"><\/div>            \n   <div id=\"text-box-611723402\" class=\"text-box banner-layer x50 md-x50 lg-x50 y50 md-y50 lg-y50 res-text\">\n                     <div data-animate=\"fadeInLeft\">           <div class=\"text-box-content text dark\">\n              \n              <div class=\"text-inner text-center\">\n                  \n<h1 style=\"text-align: center;\">FAQs<\/h1>\n              <\/div>\n           <\/div>\n       <\/div>                     \n<style>\n#text-box-611723402 {\n  width: 80%;\n}\n#text-box-611723402 .text-box-content {\n  font-size: 100%;\n}\n@media (min-width:550px) {\n  #text-box-611723402 {\n    width: 41%;\n  }\n}\n<\/style>\n    <\/div>\n \n        <\/div>\n      <\/div>\n\n            \n<style>\n#banner-419028345 {\n  padding-top: 145px;\n}\n#banner-419028345 .bg.bg-loaded {\n  background-image: 8950;\n}\n#banner-419028345 .overlay {\n  background-color: rgba(0, 0, 0, 0.3);\n}\n#banner-419028345 .bg {\n  background-position: 35% 23%;\n}\n<\/style>\n  <\/div>\n\n\n\t<section class=\"section\" id=\"section_1414894683\">\n\t\t<div class=\"bg section-bg fill bg-fill  bg-loaded\" >\n\n\t\t\t\n\t\t\t\n\t\t\t\n\n\t\t<\/div>\n\n\t\t\n\n\t\t<div class=\"section-content relative\">\n\t\t\t\n<div class=\"row\"  id=\"row-2007739887\">\n\n\t<div id=\"col-1203682043\" class=\"col small-12 large-12\"  >\n\t\t\t\t<div class=\"col-inner\"  >\n\t\t\t\n\t\t\t\n<h3 data-sourcepos=\"3:1-3:58\"><strong>1. Personalisieren Sie Ihre K\u00fcche mit individuellem Logodruck<\/strong><\/h3>\n<p data-sourcepos=\"5:1-5:170\">Veredeln Sie Ihre Marke mit unserem individuellen Logodruckservice. Wir k\u00f6nnen Ihr Logo direkt auf unsere Edelstahlsp\u00fclen und -armaturen lasern oder schwarz-silber bedrucken.<\/p>\n<p data-sourcepos=\"7:1-7:150\">Um loszulegen, senden Sie uns einfach ein Schreiben zur Genehmigung der Logonutzung. Wir werden mit Ihnen zusammenarbeiten, um ein einzigartiges Markenprodukt zu schaffen, das Sie von anderen unterscheidet.<\/p>\n<h3 data-sourcepos=\"9:1-9:50\"><strong>2. Ma\u00dfgeschneiderte K\u00fcchenl\u00f6sungen, nur f\u00fcr Sie<\/strong><\/h3>\n<p data-sourcepos=\"11:1-11:134\">Ben\u00f6tigen Sie eine K\u00fcchensp\u00fcle, die so einzigartig ist wie Ihr Raum? Unser erfahrenes Designteam kann individuelle Sp\u00fclen nach Ihren genauen Vorgaben entwerfen.<\/p>\n<p data-sourcepos=\"13:1-13:176\">Mit mehr als 5-10 Jahren Erfahrung in der Branche entwickeln wir st\u00e4ndig neue Produkte und f\u00fchren neue Produktlinien ein. Setzen Sie sich noch heute mit uns in Verbindung, um Ihren Bedarf an ma\u00dfgeschneiderten K\u00fcchensp\u00fclen oder Wasserh\u00e4hnen zu besprechen.<\/p>\n<h3 data-sourcepos=\"15:1-15:41\"><strong>3. Qualit\u00e4t und Effizienz, garantiert<\/strong><\/h3>\n<p data-sourcepos=\"17:1-17:173\">Wir bei Dexing sind bestrebt, au\u00dfergew\u00f6hnliche Qualit\u00e4t und Effizienz zu liefern. Unser ISO9001-zertifizierter Produktionsprozess gew\u00e4hrleistet, dass jedes Produkt den h\u00f6chsten Standards entspricht.<\/p>\n<p data-sourcepos=\"19:1-19:112\">Vom Materialeingang bis zur Endkontrolle \u00fcberwachen wir jeden Schritt sorgf\u00e4ltig, um ein einwandfreies Produkt zu gew\u00e4hrleisten.<\/p>\n<h3 data-sourcepos=\"21:1-21:45\"><strong>4. Komplette K\u00fcchenl\u00f6sungen, vereinfacht<\/strong><\/h3>\n<p data-sourcepos=\"23:1-23:190\">Neben unseren hochwertigen K\u00fcchensp\u00fclen bieten wir eine gro\u00dfe Auswahl an Zubeh\u00f6r, um Ihre K\u00fcche zu vervollst\u00e4ndigen. Von Wasserh\u00e4hnen und Abl\u00e4ufen bis hin zu Seifenspendern und Schneidebrettern haben wir alles, was Sie brauchen.<\/p>\n<p data-sourcepos=\"25:1-25:97\">Entscheiden Sie sich f\u00fcr Dexing, wenn Sie eine umfassende K\u00fcchenl\u00f6sung suchen, die Stil, Funktion und Langlebigkeit vereint.<\/p>\n<h3 data-sourcepos=\"27:1-27:40\"><strong>5. Die Kunst der handgefertigten K\u00fcchensp\u00fclen<\/strong><\/h3>\n<p data-sourcepos=\"29:1-29:150\">Erleben Sie die Sch\u00f6nheit und Handwerkskunst einer handgefertigten K\u00fcchensp\u00fcle. Jede Sp\u00fcle ist ein einzigartiges Kunstwerk, das mit viel Liebe zum Detail gefertigt wird.<\/p>\n<p data-sourcepos=\"31:1-31:31\"><strong>Warum ein handgefertigtes Waschbecken?<\/strong><\/p>\n<ul data-sourcepos=\"33:1-36:0\">\n<li data-sourcepos=\"33:1-33:65\"><strong>Unverwechselbarer Stil:<\/strong> Bringen Sie einen Hauch von Eleganz in Ihre K\u00fcche.<\/li>\n<li data-sourcepos=\"34:1-34:67\"><strong>Hervorragende Handwerkskunst:<\/strong> Langlebig und aus hochwertigen Materialien gefertigt.<\/li>\n<li data-sourcepos=\"35:1-36:0\"><strong>Personalisiertes Design:<\/strong> Entwerfen Sie ein Waschbecken, das nur Ihnen geh\u00f6rt.<\/li>\n<\/ul>\n<p data-sourcepos=\"37:1-37:66\">Investieren Sie in eine handgefertigte Sp\u00fcle und werten Sie Ihre K\u00fcche auf.<\/p>\n\t\t<\/div>\n\t\t\t\t\t<\/div>\n\n\t\n<\/div>\n\t\t<\/div>\n\n\t\t\n<style>\n#section_1414894683 {\n  padding-top: 30px;\n  padding-bottom: 30px;\n}\n<\/style>\n\t<\/section>\n\t\n\t<section class=\"section\" id=\"section_1945510230\">\n\t\t<div class=\"bg section-bg fill bg-fill  bg-loaded\" >\n\n\t\t\t\n\t\t\t\n\t\t\t\n\n\t\t<\/div>\n\n\t\t\n\n\t\t<div class=\"section-content relative\">\n\t\t\t\n<div class=\"row\"  id=\"row-510415617\">\n\n\t<div id=\"col-90434963\" class=\"col small-12 large-12\"  >\n\t\t\t\t<div class=\"col-inner\"  >\n\t\t\t\n\t\t\t\n<h2 style=\"text-align: center;\">Kontakt<\/h2>\n<p style=\"text-align: center;\">Erhalten Sie den neuesten Preis? Wir werden so schnell wie m\u00f6glich antworten (innerhalb von 12 Stunden)<\/p>\n\t\t<\/div>\n\t\t\t\t\t<\/div>\n\n\t\n<\/div>\n<div class=\"row\"  id=\"row-2072291376\">\n\n\t<div id=\"col-888237768\" class=\"col small-12 large-12\"  >\n\t\t\t\t<div class=\"col-inner\"  >\n\t\t\t\n\t\t\t\n\n<div class=\"wpcf7 no-js\" id=\"wpcf7-f280-o1\" lang=\"en-US\" dir=\"ltr\" data-wpcf7-id=\"280\">\n<div class=\"screen-reader-response\"><p role=\"status\" aria-live=\"polite\" aria-atomic=\"true\"><\/p> <ul><\/ul><\/div>\n<form action=\"\/de\/wp-json\/wp\/v2\/pages\/2050#wpcf7-f280-o1\" method=\"post\" class=\"wpcf7-form init\" aria-label=\"Kontaktformular\" novalidate=\"novalidate\" data-status=\"init\" data-trp-original-action=\"\/de\/wp-json\/wp\/v2\/pages\/2050#wpcf7-f280-o1\">\n<fieldset class=\"hidden-fields-container\"><input type=\"hidden\" name=\"_wpcf7\" value=\"280\" \/><input type=\"hidden\" name=\"_wpcf7_version\" value=\"6.1\" \/><input type=\"hidden\" name=\"_wpcf7_locale\" value=\"en_US\" \/><input type=\"hidden\" name=\"_wpcf7_unit_tag\" value=\"wpcf7-f280-o1\" \/><input type=\"hidden\" name=\"_wpcf7_container_post\" value=\"0\" \/><input type=\"hidden\" name=\"_wpcf7_posted_data_hash\" value=\"\" \/>\n<\/fieldset>\n<div class='custom_contact_style'>\n\t<div class=\"row row-small\">\n\t\t<div class=\"col medium-6 small-12 large-6\">\n\t\t\t<div class=\"col-inner\">\n\t\t\t\t<p><span class=\"wpcf7-form-control-wrap\" data-name=\"your-name\"><input size=\"40\" maxlength=\"400\" class=\"wpcf7-form-control wpcf7-text wpcf7-validates-as-required\" aria-required=\"true\" aria-invalid=\"false\" placeholder=\"Name*\" value=\"\" type=\"text\" name=\"your-name\" \/><\/span>\n\t\t\t\t<\/p>\n\t\t\t<\/div>\n\t\t<\/div>\n\t\t<div class=\"col medium-6 small-12 large-6\">\n\t\t\t<div class=\"col-inner\">\n\t\t\t\t<p><span class=\"wpcf7-form-control-wrap\" data-name=\"your-email\"><input size=\"40\" maxlength=\"400\" class=\"wpcf7-form-control wpcf7-email wpcf7-validates-as-required wpcf7-text wpcf7-validates-as-email\" aria-required=\"true\" aria-invalid=\"false\" placeholder=\"E-Mail*\" value=\"\" type=\"email\" name=\"your-email\" \/><\/span>\n\t\t\t\t<\/p>\n\t\t\t<\/div>\n\t\t<\/div>\n\t<\/div>\n\t<div class='cus_contact_form_bottom'>\n\t\t<p><span class=\"wpcf7-form-control-wrap\" data-name=\"your-phone\"><input size=\"40\" maxlength=\"400\" class=\"wpcf7-form-control wpcf7-text\" aria-invalid=\"false\" placeholder=\"Telefon\" value=\"\" type=\"text\" name=\"your-phone\" \/><\/span>\n\t\t<\/p>\n\t<\/div>\n\t<div class='cus_contact_form_bottom'>\n\t\t<p><span class=\"wpcf7-form-control-wrap\" data-name=\"your-country\"><input size=\"40\" maxlength=\"400\" class=\"wpcf7-form-control wpcf7-text\" aria-invalid=\"false\" placeholder=\"Land\" value=\"\" type=\"text\" name=\"your-country\" \/><\/span>\n\t\t<\/p>\n\t<\/div>\n\t<p><span class=\"wpcf7-form-control-wrap\" data-name=\"your-message\"><textarea cols=\"40\" rows=\"10\" maxlength=\"2000\" class=\"wpcf7-form-control wpcf7-textarea wpcf7-validates-as-required\" aria-required=\"true\" aria-invalid=\"false\" placeholder=\"Ihre Nachricht *\" name=\"your-message\"><\/textarea><\/span>\n\t<\/p>\n\t<div style=\"margin-bottom:10px;\">\n\t\t<p><span class=\"wpcf7-form-control-wrap kc_captcha cf7ic-toggle\" data-name=\"kc_captcha\"><span class=\"wpcf7-form-control wpcf7-radio\"><span class=\"captcha-image\" style=\"display: none;\"><span class=\"cf7ic_instructions\">Bitte beweise, dass du kein Spambot bist und w\u00e4hle das Symbol<span> LKW<\/span>.<\/span><label><input aria-label=\"1\" type=\"radio\" name=\"kc_captcha\" value=\"bot\" \/><svg aria-hidden=\"true\" role=\"img\" xmlns=\"http:\/\/www.w3.org\/2000\/svg\" viewbox=\"0 0 576 512\"><path fill=\"currentColor\" d=\"M415 24c-53 0-103 42-127 65-24-23-74-65-127-65C70 24 16 77 16 166c0 72 67 133 69 135l187 181c9 8 23 8 32 0l187-180c2-3 69-64 69-136 0-89-54-142-145-142z\"\/><\/svg><\/label><label><input aria-label=\"2\" type=\"radio\" name=\"kc_captcha\" value=\"bot\" \/><svg aria-hidden=\"true\" role=\"img\" xmlns=\"http:\/\/www.w3.org\/2000\/svg\" viewbox=\"0 0 512 512\"><path fill=\"currentColor\" d=\"M350 99c-54 0-98-35-166-35-25 0-47 4-68 12a56 56 0 004-24C118 24 95 1 66 0a56 56 0 00-34 102v386c0 13 11 24 24 24h16c13 0 24-11 24-24v-94c28-12 64-23 114-23 54 0 98 35 166 35 48 0 86-16 122-41 9-6 14-15 14-26V96c0-23-24-39-45-29-35 16-77 32-117 32z\"\/><\/svg><\/label><label><input aria-label=\"3\" type=\"radio\" name=\"kc_captcha\" value=\"kc_human\" \/><svg aria-hidden=\"true\" role=\"img\" xmlns=\"http:\/\/www.w3.org\/2000\/svg\" viewbox=\"0 0 640 512\"><path fill=\"currentColor\" d=\"M624 352h-16V244c0-13-5-25-14-34L494 110c-9-9-21-14-34-14h-44V48c0-26-21-48-48-48H48C22 0 0 22 0 48v320c0 27 22 48 48 48h16a96 96 0 00192 0h128a96 96 0 00192 0h48c9 0 16-7 16-16v-32c0-9-7-16-16-16zM160 464a48 48 0 110-96 48 48 0 010 96zm320 0a48 48 0 110-96 48 48 0 010 96zm80-208H416V144h44l100 100v12z\"\/><\/svg><\/label>\r\n    <\/span>\r\n    <span style=\"display:none\">\r\n        <input type=\"text\" name=\"kc_honeypot\">\r\n    <\/span><\/span><\/span>\n\t\t<\/p>\n\t<\/div>\n\t<p><input class=\"wpcf7-form-control wpcf7-submit has-spinner\" type=\"submit\" value=\"Nachricht senden\" \/>\n\t<\/p>\n<\/div><div class=\"wpcf7-response-output\" aria-hidden=\"true\"><\/div>\n<input type=\"hidden\" name=\"trp-form-language\" value=\"de\"\/><\/form>\n<\/div>\n\n\t\t<\/div>\n\t\t\t\t\t<\/div>\n\n\t\n<\/div>\n\t\t<\/div>\n\n\t\t\n<style>\n#section_1945510230 {\n  padding-top: 30px;\n  padding-bottom: 30px;\n  background-color: rgba(216, 247, 240, 0.39);\n}\n<\/style>\n\t<\/section>","protected":false},"excerpt":{"rendered":"","protected":false},"author":4,"featured_media":2076,"parent":0,"menu_order":0,"comment_status":"closed","ping_status":"closed","template":"page-blank.php","meta":{"footnotes":""},"class_list":["post-2050","page","type-page","status-publish","has-post-thumbnail","hentry"],"_links":{"self":[{"href":"https:\/\/sinkwithfaucet.com\/de\/wp-json\/wp\/v2\/pages\/2050","targetHints":{"allow":["GET"]}}],"collection":[{"href":"https:\/\/sinkwithfaucet.com\/de\/wp-json\/wp\/v2\/pages"}],"about":[{"href":"https:\/\/sinkwithfaucet.com\/de\/wp-json\/wp\/v2\/types\/page"}],"author":[{"embeddable":true,"href":"https:\/\/sinkwithfaucet.com\/de\/wp-json\/wp\/v2\/users\/4"}],"replies":[{"embeddable":true,"href":"https:\/\/sinkwithfaucet.com\/de\/wp-json\/wp\/v2\/comments?post=2050"}],"version-history":[{"count":11,"href":"https:\/\/sinkwithfaucet.com\/de\/wp-json\/wp\/v2\/pages\/2050\/revisions"}],"predecessor-version":[{"id":2632,"href":"https:\/\/sinkwithfaucet.com\/de\/wp-json\/wp\/v2\/pages\/2050\/revisions\/2632"}],"wp:featuredmedia":[{"embeddable":true,"href":"https:\/\/sinkwithfaucet.com\/de\/wp-json\/wp\/v2\/media\/2076"}],"wp:attachment":[{"href":"https:\/\/sinkwithfaucet.com\/de\/wp-json\/wp\/v2\/media?parent=2050"}],"curies":[{"name":"wp","href":"https:\/\/api.w.org\/{rel}","templated":true}]}}