{"id":2665,"date":"2024-11-11T10:29:22","date_gmt":"2024-11-11T10:29:22","guid":{"rendered":"https:\/\/sinkwithfaucet.com\/?post_type=product&#038;p=2665"},"modified":"2024-11-11T10:29:22","modified_gmt":"2024-11-11T10:29:22","slug":"modern-sink-faucet-1008","status":"publish","type":"product","link":"https:\/\/sinkwithfaucet.com\/da\/modern-sink-faucet-1008\/","title":{"rendered":"Moderne h\u00e5ndvaskarmatur 1008"},"content":{"rendered":"<h2 data-sourcepos=\"1:1-1:52\">Moderne h\u00e5ndvaskarmaturer: En blanding af form og funktion<\/h2>\n<p data-sourcepos=\"3:1-3:211\">En moderne h\u00e5ndvaskarmatur er mere end bare et funktionelt VVS-armatur. Det er et designstatement, der kan l\u00f8fte \u00e6stetikken i dit k\u00f8kken eller badev\u00e6relse. Her er nogle af de vigtigste egenskaber ved moderne h\u00e5ndvaskarmaturer:<\/p>\n<h3 data-sourcepos=\"5:1-5:40\">N\u00f8glefunktioner i moderne h\u00e5ndvaskarmaturer:<\/h3>\n<ul data-sourcepos=\"7:1-13:0\">\n<li data-sourcepos=\"7:1-7:87\"><strong>Minimalistisk design:<\/strong> Rene linjer, enkle former og fokus p\u00e5 v\u00e6sentlige elementer.<\/li>\n<li data-sourcepos=\"8:1-8:87\"><strong>Slanke overflader:<\/strong> Popul\u00e6re overflader er mat sort, b\u00f8rstet nikkel og krom.<\/li>\n<li data-sourcepos=\"9:1-9:65\"><strong>Tude med h\u00f8j lysbue:<\/strong> G\u00f8r det nemt at fylde h\u00f8je beholdere.<\/li>\n<li data-sourcepos=\"10:1-10:72\"><strong>Spr\u00f8jter, der kan tr\u00e6kkes ned eller ud:<\/strong> Tilbyder fleksibilitet og bekvemmelighed.<\/li>\n<li data-sourcepos=\"11:1-11:70\"><strong>Ber\u00f8ringsfri teknologi:<\/strong> H\u00e5ndfri betjening giver bedre hygiejne.<\/li>\n<li data-sourcepos=\"12:1-13:0\"><strong>Vandeffektivt design:<\/strong> Reducer vandforbruget uden at g\u00e5 p\u00e5 kompromis med ydeevnen.<\/li>\n<\/ul>\n<h3 data-sourcepos=\"14:1-14:33\">Typer af moderne h\u00e5ndvaskarmaturer:<\/h3>\n<ul data-sourcepos=\"16:1-20:0\">\n<li data-sourcepos=\"16:1-16:104\"><strong>Vandhaner med \u00e9t greb:<\/strong> Nem at bruge med et enkelt h\u00e5ndtag til at styre b\u00e5de vandtemperatur og -gennemstr\u00f8mning.<\/li>\n<li data-sourcepos=\"17:1-17:70\"><strong>Vandhaner med to greb:<\/strong> Giver pr\u00e6cis styring af varmt og koldt vand.<\/li>\n<li data-sourcepos=\"18:1-18:86\"><strong>Bridge vandhaner:<\/strong> En klassisk stil med to separate h\u00e5ndtag, der er forbundet med en bro.<\/li>\n<li data-sourcepos=\"19:1-20:0\"><strong>V\u00e6gmonterede vandhaner:<\/strong> Skab et minimalistisk og moderne look.<\/li>\n<\/ul>\n<h3 data-sourcepos=\"21:1-21:59\">Faktorer, du skal overveje, n\u00e5r du v\u00e6lger en moderne h\u00e5ndvaskarmatur:<\/h3>\n<ul data-sourcepos=\"23:1-29:0\">\n<li data-sourcepos=\"23:1-23:85\"><strong>Stil:<\/strong> V\u00e6lg en stil, der passer til dit overordnede k\u00f8kken- eller badev\u00e6relsesdesign.<\/li>\n<li data-sourcepos=\"24:1-24:72\"><strong>F\u00e6rdig:<\/strong> V\u00e6lg en finish, der er holdbar og passer til dit beslag.<\/li>\n<li data-sourcepos=\"25:1-25:88\"><strong>Funktionalitet:<\/strong> Overvej funktioner som en spr\u00f8jte, der kan tr\u00e6kkes ned, eller ber\u00f8ringsfri teknologi.<\/li>\n<li data-sourcepos=\"26:1-26:78\"><strong>Vandtryk:<\/strong> S\u00f8rg for, at vandhanen kan klare vandtrykket i dit hjem.<\/li>\n<li data-sourcepos=\"27:1-27:99\"><strong>Installation:<\/strong> V\u00e6lg en vandhane, der er nem at installere, eller r\u00e5df\u00f8r dig med en professionel blikkenslager.<\/li>\n<li data-sourcepos=\"28:1-29:0\"><strong>Budget:<\/strong> S\u00e6t et budget, og unders\u00f8g mulighederne inden for din prisklasse.<\/li>\n<\/ul>\n<p data-sourcepos=\"30:1-30:137\">Ved n\u00f8je at overveje disse faktorer kan du v\u00e6lge en moderne h\u00e5ndvaskarmatur, der forbedrer stilen og funktionaliteten i dit rum.<\/p>","protected":false},"excerpt":{"rendered":"<table style=\"height: 407px;\" width=\"704\">\n<tbody>\n<tr>\n<td width=\"808\">1 Armaturdimensioner samlet<\/td>\n<td width=\"1177\">300*225mm<\/td>\n<\/tr>\n<tr>\n<td width=\"808\">2 Vandhane Nettov\u00e6gt<\/td>\n<td width=\"1177\">2 kg<\/td>\n<\/tr>\n<tr>\n<td width=\"808\">3 Vandhane med kasse Bruttov\u00e6gt<\/td>\n<td width=\"1177\">2,5 kg<\/td>\n<\/tr>\n<tr>\n<td width=\"808\">4 Boksdimension<\/td>\n<td width=\"1177\">54*32*26mm<\/td>\n<\/tr>\n<tr>\n<td width=\"808\">5 Pakning<\/td>\n<td width=\"1177\">4STK\/CTN;10STK\/CTN;12STK\/CTN<\/td>\n<\/tr>\n<tr>\n<td width=\"808\">6 L\u00e6ngde p\u00e5 indl\u00f8bsslange<\/td>\n<td width=\"1177\">60 mm<\/td>\n<\/tr>\n<tr>\n<td width=\"808\">7 St\u00f8rrelse p\u00e5 vandlinjem\u00f8trik<\/td>\n<td width=\"1177\">3\/8\u2033eller 1\/2\u2033eller 9\/16\u2033<\/td>\n<\/tr>\n<tr>\n<td width=\"808\">8 Udsk\u00e5ret st\u00f8rrelse p\u00e5 monteringshul<\/td>\n<td width=\"1177\">35 mm<\/td>\n<\/tr>\n<tr>\n<td width=\"808\">9 Materialer til vandhaner<\/td>\n<td width=\"1177\">Blyfri Premium 304 America Standard Stainless<br \/>\nst\u00e5l<\/td>\n<\/tr>\n<\/tbody>\n<\/table>","protected":false},"featured_media":2666,"template":"","meta":[],"product_brand":[],"product_cat":[57],"product_tag":[],"class_list":{"0":"post-2665","1":"product","2":"type-product","3":"status-publish","4":"has-post-thumbnail","6":"product_cat-stainless-steel-faucet","8":"first","9":"instock","10":"shipping-taxable","11":"product-type-simple"},"_links":{"self":[{"href":"https:\/\/sinkwithfaucet.com\/da\/wp-json\/wp\/v2\/product\/2665","targetHints":{"allow":["GET"]}}],"collection":[{"href":"https:\/\/sinkwithfaucet.com\/da\/wp-json\/wp\/v2\/product"}],"about":[{"href":"https:\/\/sinkwithfaucet.com\/da\/wp-json\/wp\/v2\/types\/product"}],"wp:featuredmedia":[{"embeddable":true,"href":"https:\/\/sinkwithfaucet.com\/da\/wp-json\/wp\/v2\/media\/2666"}],"wp:attachment":[{"href":"https:\/\/sinkwithfaucet.com\/da\/wp-json\/wp\/v2\/media?parent=2665"}],"wp:term":[{"taxonomy":"product_brand","embeddable":true,"href":"https:\/\/sinkwithfaucet.com\/da\/wp-json\/wp\/v2\/product_brand?post=2665"},{"taxonomy":"product_cat","embeddable":true,"href":"https:\/\/sinkwithfaucet.com\/da\/wp-json\/wp\/v2\/product_cat?post=2665"},{"taxonomy":"product_tag","embeddable":true,"href":"https:\/\/sinkwithfaucet.com\/da\/wp-json\/wp\/v2\/product_tag?post=2665"}],"curies":[{"name":"wp","href":"https:\/\/api.w.org\/{rel}","templated":true}]}}