{"id":2660,"date":"2024-11-11T10:19:02","date_gmt":"2024-11-11T10:19:02","guid":{"rendered":"https:\/\/sinkwithfaucet.com\/?post_type=product&#038;p=2660"},"modified":"2024-12-27T03:10:06","modified_gmt":"2024-12-27T03:10:06","slug":"single-handle-pull-out-sprayer-kitchen-faucet","status":"publish","type":"product","link":"https:\/\/sinkwithfaucet.com\/da\/single-handle-pull-out-sprayer-kitchen-faucet\/","title":{"rendered":"Etgrebs k\u00f8kkenarmatur med udtr\u00e6ksspr\u00f8jte 1107"},"content":{"rendered":"<h2 class=\"a-size-base-plus a-text-bold\"><strong>Om k\u00f8kkenarmaturet med enkelt greb og udtr\u00e6ksspr\u00f8jte<\/strong><\/h2>\n<ul class=\"a-unordered-list a-vertical a-spacing-mini\">\n<li class=\"a-spacing-mini\"><span class=\"a-list-item\"><strong>LANGTIDSHOLDBAR OG HOLDBAR: <\/strong>Denne udtr\u00e6kkelige k\u00f8kkenhane er lavet af rustfrit st\u00e5l af h\u00f8j kvalitet med en solid struktur, og overfladen anvender h\u00f8jtemperaturbagemalingsteknologi, som er slidst\u00e6rk og holdbar, ikke let at ruste og falme og kan bruges i lang tid.<\/span><\/li>\n<li class=\"a-spacing-mini\"><span class=\"a-list-item\"><strong>TILSTAND MED DOBBELT TUD: <\/strong>K\u00f8kkenvaskarmaturet er ogs\u00e5 udstyret med en dobbelt tudfunktion, som let kan skiftes mellem normal vands\u00f8jle og kraftig bruser for at im\u00f8dekomme dine forskellige behov.<\/span><\/li>\n<li class=\"a-spacing-mini\"><span class=\"a-list-item\"><strong>JUSTERING AF TEMPERATUR: <\/strong>Den <a href=\"https:\/\/kitchensink.us\/stainless-steel-kitchen-faucet\/\" target=\"_blank\" rel=\"noopener\">H\u00e5ndvaskarmatur<\/a> er ogs\u00e5 udstyret med en temperaturjusteringsfunktion, s\u00e5 du kan justere den \u00f8nskede temperatur efter behag og slippe for at blande varmt og koldt vand manuelt.<\/span><\/li>\n<li class=\"a-spacing-mini\"><span class=\"a-list-item\"><strong>360 GRADERS ROTATION: <\/strong>Den 360-graders rotationsfunktion giver fuld bev\u00e6gelsesfrihed og fleksibilitet, s\u00e5 vandstr\u00f8mmen kan n\u00e5 alle hj\u00f8rner af vasken, hvilket giver rigelig plads til reng\u00f8ring af gryder og sk\u00e5le.<\/span><\/li>\n<li class=\"a-spacing-mini\"><span class=\"a-list-item\"><strong>DYSE AF H\u00d8J KVALITET: <\/strong>Den bl\u00f8de hudskummer kan ikke kun g\u00f8re vandstr\u00f8mmen rig p\u00e5 skum, bl\u00f8d og spr\u00f8jtefri, behagelig at r\u00f8re ved, men ogs\u00e5 filtrere urenheder og hj\u00e6lpe dig med at spare vand i dit daglige liv.<\/span><\/li>\n<\/ul>\n<p>&nbsp;<\/p>\n<h2><strong>Typer af k\u00f8kkenarmaturer, der kan tr\u00e6kkes ud<\/strong><\/h2>\n<ul>\n<li><strong>Enkelt greb:<\/strong><\/li>\n<\/ul>\n<p>Den mest almindelige type med et enkelt greb, der styrer b\u00e5de vandtemperatur og -gennemstr\u00f8mning.  Nem og intuitiv betjening.<\/p>\n<ul>\n<li><strong>Professionel stil:<\/strong><\/li>\n<\/ul>\n<p>Har ofte en h\u00f8j buet tud, s\u00e5 der er bedre plads under vandhanen.  Har typisk en kraftig str\u00e5le og en holdbar konstruktion, hvilket g\u00f8r dem popul\u00e6re blandt kokke og seri\u00f8se hjemmekokke.<\/p>\n<ul>\n<li><strong>V\u00e6gtet:<\/strong><\/li>\n<\/ul>\n<p>Indbyg en v\u00e6gt i bunden af spr\u00f8jtehovedet, s\u00e5 det tr\u00e6kker sig j\u00e6vnt tilbage og ikke h\u00e6nger og dingler, hvilket giver en mere elegant og brugervenlig oplevelse.<\/p>\n<ul>\n<li><strong>Fjederbelastet:<\/strong><\/li>\n<\/ul>\n<p>Brug en fjedermekanisme til at tr\u00e6kke spr\u00f8jtehovedet ind hurtigt og ubesv\u00e6ret.  Det kan spare tid og kr\u00e6fter under brug.<\/p>\n<p>&nbsp;<\/p>\n<h2 data-sourcepos=\"16:1-16:57\"><strong>Faktorer, du skal overveje, n\u00e5r du v\u00e6lger en k\u00f8kkenarmatur med et enkelt greb og udtr\u00e6ksspr\u00f8jte<\/strong><\/h2>\n<ul data-sourcepos=\"18:1-22:0\">\n<li data-sourcepos=\"18:1-18:114\"><strong>Tudh\u00f8jde:<\/strong>\u00a0S\u00f8rg for, at tudens h\u00f8jde passer til vaskens dybde og st\u00f8rrelsen p\u00e5 de gryder og pander, du bruger.<\/li>\n<li data-sourcepos=\"19:1-19:116\"><strong>F\u00e6rdig:<\/strong>\u00a0V\u00e6lg en finish, der passer til dit k\u00f8kkens stil, f.eks. krom, b\u00f8rstet nikkel eller mat sort.<\/li>\n<li data-sourcepos=\"20:1-20:91\"><strong>Installation:<\/strong>\u00a0Overvej installationsmetoden og de n\u00f8dvendige VVS-tilslutninger.<\/li>\n<li data-sourcepos=\"21:1-22:0\"><strong>Vandtryk:<\/strong>\u00a0S\u00f8rg for, at vandhanen kan klare vandtrykket i dit hjem.<\/li>\n<\/ul>\n<p>&nbsp;<\/p>\n<h2><strong>Funktioner og fordele ved k\u00f8kkenarmatur med udtr\u00e6k<\/strong><\/h2>\n<ul>\n<li>Installation med et enkelt hul - 1,75\" maksimal d\u00e6ktykkelse<\/li>\n<li>ADA-kompatibel - Enkelt greb g\u00f8r det nemt at styre<\/li>\n<li>Lodret h\u00e5ndtag p\u00e5 hoveddelen, der kan drejes 90\u00b0 fremad, s\u00e5 det kan bruges i sn\u00e6vre rum med bagplader<\/li>\n<li>Spr\u00f8jtehoved med dobbeltfunktion - vandgennemstr\u00f8mningen p\u00e5 1,8 GPM veksler mellem kraftig spr\u00f8jtning og luftig gennemstr\u00f8mning: Perfekt til kraftig skrubning, sk\u00e5nsom skylning og fyldning af gryder<\/li>\n<li>Blyfri CALGreen-konform californisk holdbar messingkonstruktion<\/li>\n<li>360\u00b0 drejelig tud s\u00f8rger for, at nedtr\u00e6kket fungerer problemfrit<\/li>\n<li>Designet med h\u00f8j buetud giver rigelig plads til at fylde gryder og reng\u00f8re st\u00f8rre k\u00f8kkengrej<\/li>\n<li>Keramisk patron - \"drypfri\" pr\u00e6cision af h\u00f8jeste kvalitet<\/li>\n<li>H\u00f8jeffektiv belufter, giver en blid, spr\u00f8jtefri str\u00f8m<\/li>\n<li>Udtr\u00e6kkeligt spr\u00f8jtehoved med 60\" nylonflettet slange giver dig mulighed for at skylle din vask i alle hj\u00f8rner<\/li>\n<li>Spr\u00f8jtehovedets dyser af gummi er nemme at reng\u00f8re for mineralaflejringer, s\u00e5 de holder l\u00e6nge<\/li>\n<li>Multibelagt, korrosionsbestandig finish, der ikke anl\u00f8ber og falmer med tiden<\/li>\n<li>Forudinstalleret monteringsudstyr og anti-burst varmt\/koldt vandledninger medf\u00f8lger<\/li>\n<\/ul>\n<p>&nbsp;<\/p>\n<p>Med sit klassiske design og enkle linjer vil denne elegante vandhane se godt ud i ethvert k\u00f8kken. Udtr\u00e6ksarmaturet f\u00e5s i to holdbare finishmuligheder, der passer til dit k\u00f8kkens farvepalet. Det dobbeltvirkende spr\u00f8jtehoved med udtr\u00e6kkelig slange g\u00f8r vask og skylning til en leg. Denne ekspertudformede vandhane er produceret af materialer af h\u00f8jeste kvalitet og vil give mange \u00e5rs plejefri brug.<\/p>\n<p>&nbsp;<\/p>\n<p>&nbsp;<\/p>\n<p>&nbsp;<\/p>\n<p>&nbsp;<\/p>\n<p>&nbsp;<\/p>\n<p>&nbsp;<\/p>","protected":false},"excerpt":{"rendered":"<table style=\"height: 407px;\" width=\"704\">\n<tbody>\n<tr>\n<td width=\"808\">1 Armaturdimensioner samlet<\/td>\n<td width=\"1177\">380*225mm<\/td>\n<\/tr>\n<tr>\n<td width=\"808\">2 Vandhane Nettov\u00e6gt<\/td>\n<td width=\"1177\">2,5 kg<\/td>\n<\/tr>\n<tr>\n<td width=\"808\">3 Vandhane med kasse Bruttov\u00e6gt<\/td>\n<td width=\"1177\">2,8 kg<\/td>\n<\/tr>\n<tr>\n<td width=\"808\">4 Boksdimension<\/td>\n<td width=\"1177\">54*32*26mm<\/td>\n<\/tr>\n<tr>\n<td width=\"808\">5 Pakning<\/td>\n<td width=\"1177\">4STK\/CTN;10STK\/CTN;12STK\/CTN<\/td>\n<\/tr>\n<tr>\n<td width=\"808\">6 L\u00e6ngde p\u00e5 indl\u00f8bsslange<\/td>\n<td width=\"1177\">60 mm<\/td>\n<\/tr>\n<tr>\n<td width=\"808\">7 St\u00f8rrelse p\u00e5 vandlinjem\u00f8trik<\/td>\n<td width=\"1177\">3\/8\u2033eller 1\/2\u2033eller 9\/16\u2033<\/td>\n<\/tr>\n<tr>\n<td width=\"808\">8 Udsk\u00e5ret st\u00f8rrelse p\u00e5 monteringshul<\/td>\n<td width=\"1177\">35 mm<\/td>\n<\/tr>\n<tr>\n<td width=\"808\">9 Materialer til vandhaner<\/td>\n<td width=\"1177\">Blyfri Premium 304 America Standard Stainless<br \/>\nst\u00e5l<\/td>\n<\/tr>\n<\/tbody>\n<\/table>","protected":false},"featured_media":2661,"template":"","meta":[],"product_brand":[],"product_cat":[57],"product_tag":[],"class_list":{"0":"post-2660","1":"product","2":"type-product","3":"status-publish","4":"has-post-thumbnail","6":"product_cat-stainless-steel-faucet","8":"first","9":"instock","10":"shipping-taxable","11":"product-type-simple"},"_links":{"self":[{"href":"https:\/\/sinkwithfaucet.com\/da\/wp-json\/wp\/v2\/product\/2660","targetHints":{"allow":["GET"]}}],"collection":[{"href":"https:\/\/sinkwithfaucet.com\/da\/wp-json\/wp\/v2\/product"}],"about":[{"href":"https:\/\/sinkwithfaucet.com\/da\/wp-json\/wp\/v2\/types\/product"}],"wp:featuredmedia":[{"embeddable":true,"href":"https:\/\/sinkwithfaucet.com\/da\/wp-json\/wp\/v2\/media\/2661"}],"wp:attachment":[{"href":"https:\/\/sinkwithfaucet.com\/da\/wp-json\/wp\/v2\/media?parent=2660"}],"wp:term":[{"taxonomy":"product_brand","embeddable":true,"href":"https:\/\/sinkwithfaucet.com\/da\/wp-json\/wp\/v2\/product_brand?post=2660"},{"taxonomy":"product_cat","embeddable":true,"href":"https:\/\/sinkwithfaucet.com\/da\/wp-json\/wp\/v2\/product_cat?post=2660"},{"taxonomy":"product_tag","embeddable":true,"href":"https:\/\/sinkwithfaucet.com\/da\/wp-json\/wp\/v2\/product_tag?post=2660"}],"curies":[{"name":"wp","href":"https:\/\/api.w.org\/{rel}","templated":true}]}}