{"id":2656,"date":"2024-11-11T10:04:28","date_gmt":"2024-11-11T10:04:28","guid":{"rendered":"https:\/\/sinkwithfaucet.com\/?post_type=product&#038;p=2656"},"modified":"2024-11-11T10:10:09","modified_gmt":"2024-11-11T10:10:09","slug":"single-lever-kitchen-faucet-1005","status":"publish","type":"product","link":"https:\/\/sinkwithfaucet.com\/da\/single-lever-kitchen-faucet-1005\/","title":{"rendered":"Et-grebs k\u00f8kkenarmatur 1005"},"content":{"rendered":"<h2 data-sourcepos=\"1:1-1:49\">K\u00f8kkenarmaturer med \u00e9t greb: En moderne klassiker<\/h2>\n<p data-sourcepos=\"3:1-3:124\">Etgrebs-k\u00f8kkenarmaturer er blevet et popul\u00e6rt valg p\u00e5 grund af deres slanke design, brugervenlighed og effektive vandstyring.<\/p>\n<p data-sourcepos=\"5:1-5:18\"><strong>Hvordan de virker:<\/strong><\/p>\n<p data-sourcepos=\"7:1-7:213\">En etgrebsarmatur bruger et enkelt h\u00e5ndtag til at styre b\u00e5de vandtemperatur og vandgennemstr\u00f8mning. Ved at bev\u00e6ge h\u00e5ndtaget op og ned justerer man vandtemperaturen, mens man ved at bev\u00e6ge det fra side til side styrer vandgennemstr\u00f8mningen.<\/p>\n<p data-sourcepos=\"9:1-9:49\"><strong>Vigtige fordele ved k\u00f8kkenarmaturer med enkelt greb:<\/strong><\/p>\n<ul data-sourcepos=\"11:1-16:0\">\n<li data-sourcepos=\"11:1-11:88\"><strong>Brugervenlighed:<\/strong> Et enkelt h\u00e5ndtag g\u00f8r det nemt at justere vandtemperatur og -gennemstr\u00f8mning.<\/li>\n<li data-sourcepos=\"12:1-12:80\"><strong>Elegant design:<\/strong> Det minimalistiske design supplerer moderne k\u00f8kken\u00e6stetik.<\/li>\n<li data-sourcepos=\"13:1-13:136\"><strong>Vandeffektivitet:<\/strong> Mange etgrebsarmaturer er WaterSense-certificerede, hvilket betyder, at de bruger mindre vand uden at g\u00e5 p\u00e5 kompromis med ydeevnen.<\/li>\n<li data-sourcepos=\"14:1-14:117\"><strong>Holdbarhed:<\/strong> Fremstillet af materialer af h\u00f8j kvalitet som messing og rustfrit st\u00e5l, hvilket sikrer lang levetid.<\/li>\n<li data-sourcepos=\"15:1-16:0\"><strong>Forskellige stilarter:<\/strong> F\u00e5s i forskellige overflader, fra krom til mat sort, s\u00e5 de passer til forskellige pr\u00e6ferencer.<\/li>\n<\/ul>\n<p data-sourcepos=\"17:1-17:60\"><strong>Faktorer, du skal overveje, n\u00e5r du v\u00e6lger en vandhane med et greb:<\/strong><\/p>\n<ul data-sourcepos=\"19:1-24:0\">\n<li data-sourcepos=\"19:1-19:102\"><strong>Tudh\u00f8jde:<\/strong> Overvej h\u00f8jden p\u00e5 din vask og den plads, der er n\u00f8dvendig til store gryder og pander.<\/li>\n<li data-sourcepos=\"20:1-20:88\"><strong>Spr\u00f8jtehoved:<\/strong> Et sprayhoved, der kan tr\u00e6kkes ned eller ud, giver fleksibilitet og bekvemmelighed.<\/li>\n<li data-sourcepos=\"21:1-21:83\"><strong>F\u00e6rdig:<\/strong> V\u00e6lg en finish, der er holdbar og passer til dit k\u00f8kkens stil.<\/li>\n<li data-sourcepos=\"22:1-22:78\"><strong>Vandtryk:<\/strong> S\u00f8rg for, at vandhanen kan klare vandtrykket i dit hjem.<\/li>\n<li data-sourcepos=\"23:1-24:0\"><strong>Installation:<\/strong> Overvej installationstypen, om det er en d\u00e6kmonteret eller v\u00e6gmonteret vandhane.<\/li>\n<\/ul>\n<p data-sourcepos=\"25:1-25:148\">Ved n\u00f8je at overveje disse faktorer kan du v\u00e6lge et etgrebs-k\u00f8kkenarmatur, der forbedrer b\u00e5de funktionaliteten og stilen i dit k\u00f8kken.<\/p>","protected":false},"excerpt":{"rendered":"<table style=\"height: 407px;\" width=\"704\">\n<tbody>\n<tr>\n<td width=\"808\">1 Armaturdimensioner samlet<\/td>\n<td width=\"1177\">380*225mm<\/td>\n<\/tr>\n<tr>\n<td width=\"808\">2 Vandhane Nettov\u00e6gt<\/td>\n<td width=\"1177\">2,5 kg<\/td>\n<\/tr>\n<tr>\n<td width=\"808\">3 Vandhane med kasse Bruttov\u00e6gt<\/td>\n<td width=\"1177\">2,8 kg<\/td>\n<\/tr>\n<tr>\n<td width=\"808\">4 Boksdimension<\/td>\n<td width=\"1177\">54*32*26mm<\/td>\n<\/tr>\n<tr>\n<td width=\"808\">5 Pakning<\/td>\n<td width=\"1177\">4STK\/CTN;10STK\/CTN;12STK\/CTN<\/td>\n<\/tr>\n<tr>\n<td width=\"808\">6 L\u00e6ngde p\u00e5 indl\u00f8bsslange<\/td>\n<td width=\"1177\">60 mm<\/td>\n<\/tr>\n<tr>\n<td width=\"808\">7 St\u00f8rrelse p\u00e5 vandlinjem\u00f8trik<\/td>\n<td width=\"1177\">3\/8\u2033eller 1\/2\u2033eller 9\/16\u2033<\/td>\n<\/tr>\n<tr>\n<td width=\"808\">8 Udsk\u00e5ret st\u00f8rrelse p\u00e5 monteringshul<\/td>\n<td width=\"1177\">35 mm<\/td>\n<\/tr>\n<tr>\n<td width=\"808\">9 Materialer til vandhaner<\/td>\n<td width=\"1177\">Blyfri Premium 304 America Standard Stainless<br \/>\nst\u00e5l<\/td>\n<\/tr>\n<\/tbody>\n<\/table>","protected":false},"featured_media":2657,"template":"","meta":[],"product_brand":[],"product_cat":[57],"product_tag":[],"class_list":{"0":"post-2656","1":"product","2":"type-product","3":"status-publish","4":"has-post-thumbnail","6":"product_cat-stainless-steel-faucet","8":"first","9":"instock","10":"shipping-taxable","11":"product-type-simple"},"_links":{"self":[{"href":"https:\/\/sinkwithfaucet.com\/da\/wp-json\/wp\/v2\/product\/2656","targetHints":{"allow":["GET"]}}],"collection":[{"href":"https:\/\/sinkwithfaucet.com\/da\/wp-json\/wp\/v2\/product"}],"about":[{"href":"https:\/\/sinkwithfaucet.com\/da\/wp-json\/wp\/v2\/types\/product"}],"wp:featuredmedia":[{"embeddable":true,"href":"https:\/\/sinkwithfaucet.com\/da\/wp-json\/wp\/v2\/media\/2657"}],"wp:attachment":[{"href":"https:\/\/sinkwithfaucet.com\/da\/wp-json\/wp\/v2\/media?parent=2656"}],"wp:term":[{"taxonomy":"product_brand","embeddable":true,"href":"https:\/\/sinkwithfaucet.com\/da\/wp-json\/wp\/v2\/product_brand?post=2656"},{"taxonomy":"product_cat","embeddable":true,"href":"https:\/\/sinkwithfaucet.com\/da\/wp-json\/wp\/v2\/product_cat?post=2656"},{"taxonomy":"product_tag","embeddable":true,"href":"https:\/\/sinkwithfaucet.com\/da\/wp-json\/wp\/v2\/product_tag?post=2656"}],"curies":[{"name":"wp","href":"https:\/\/api.w.org\/{rel}","templated":true}]}}