{"id":2650,"date":"2024-11-11T09:47:41","date_gmt":"2024-11-11T09:47:41","guid":{"rendered":"https:\/\/sinkwithfaucet.com\/?post_type=product&#038;p=2650"},"modified":"2024-11-11T09:50:38","modified_gmt":"2024-11-11T09:50:38","slug":"commercial-sink-faucet-1101","status":"publish","type":"product","link":"https:\/\/sinkwithfaucet.com\/da\/commercial-sink-faucet-1101\/","title":{"rendered":"Kommerciel h\u00e5ndvaskarmatur 1101"},"content":{"rendered":"<h2 data-sourcepos=\"1:1-1:61\">Kommercielle h\u00e5ndvaskarmaturer: En guide til at v\u00e6lge den rigtige<\/h2>\n<p data-sourcepos=\"3:1-3:194\">Kommercielle h\u00e5ndvaskarmaturer er designet til at modst\u00e5 kraftig brug, h\u00f8jtryksvand og skrappe reng\u00f8ringskemikalier. De er bygget til at holde og giver p\u00e5lidelig ydelse i kr\u00e6vende milj\u00f8er.<\/p>\n<h3 data-sourcepos=\"5:1-5:43\">N\u00f8glefunktioner i kommercielle h\u00e5ndvaskarmaturer<\/h3>\n<ul data-sourcepos=\"7:1-12:0\">\n<li data-sourcepos=\"7:1-7:88\"><strong>Holdbarhed:<\/strong> Konstrueret af materialer af h\u00f8j kvalitet som messing eller rustfrit st\u00e5l.<\/li>\n<li data-sourcepos=\"8:1-8:78\"><strong>H\u00f8j gennemstr\u00f8mningshastighed:<\/strong> Leverer en kraftig vandstr\u00f8m til effektiv reng\u00f8ring.<\/li>\n<li data-sourcepos=\"9:1-9:51\"><strong>Nem vedligeholdelse:<\/strong> Enkel at reng\u00f8re og reparere.<\/li>\n<li data-sourcepos=\"10:1-10:89\"><strong>Forskellige stilarter:<\/strong> F\u00e5s i forskellige stilarter, der passer til dit k\u00f8kkens \u00e6stetik.<\/li>\n<li data-sourcepos=\"11:1-12:0\"><strong>S\u00e6rlige egenskaber:<\/strong> Nogle vandhaner har ekstra funktioner som spr\u00f8jtehoveder, temperaturkontrol og ber\u00f8ringsfri betjening.<\/li>\n<\/ul>\n<h3 data-sourcepos=\"13:1-13:36\">Typer af kommercielle h\u00e5ndvaskarmaturer<\/h3>\n<ol data-sourcepos=\"15:1-34:0\">\n<li data-sourcepos=\"15:1-18:3\">\n<p data-sourcepos=\"15:4-15:28\"><strong>V\u00e6gmonterede vandhaner:<\/strong><\/p>\n<ul data-sourcepos=\"16:4-18:3\">\n<li data-sourcepos=\"16:4-16:45\">Ideel til nem reng\u00f8ring og vedligeholdelse.<\/li>\n<li data-sourcepos=\"17:4-18:3\">Giver fleksibilitet i placering og design.<\/li>\n<\/ul>\n<\/li>\n<li data-sourcepos=\"19:1-22:3\">\n<p data-sourcepos=\"19:4-19:28\"><strong>D\u00e6kmonterede vandhaner:<\/strong><\/p>\n<ul data-sourcepos=\"20:4-22:3\">\n<li data-sourcepos=\"20:4-20:42\">Monteres direkte p\u00e5 bordpladen.<\/li>\n<li data-sourcepos=\"21:4-22:3\">F\u00e5s i forskellige konfigurationer, herunder modeller med et enkelt greb og to greb.<\/li>\n<\/ul>\n<\/li>\n<li data-sourcepos=\"23:1-26:3\">\n<p data-sourcepos=\"23:4-23:25\"><strong>Vandhaner med svanehals:<\/strong><\/p>\n<ul data-sourcepos=\"24:4-26:3\">\n<li data-sourcepos=\"24:4-24:70\">Har en h\u00f8j tud, der giver nem adgang til store gryder og pander.<\/li>\n<li data-sourcepos=\"25:4-26:3\">Bruges ofte i stork\u00f8kkener p\u00e5 grund af deres alsidighed.<\/li>\n<\/ul>\n<\/li>\n<li data-sourcepos=\"27:1-30:3\">\n<p data-sourcepos=\"27:4-27:25\"><strong>Vandhaner med forudg\u00e5ende skylning:<\/strong><\/p>\n<ul data-sourcepos=\"28:4-30:3\">\n<li data-sourcepos=\"28:4-28:85\">Designet til kr\u00e6vende reng\u00f8ringsopgaver som f.eks. at skylle madrester af tallerkener.<\/li>\n<li data-sourcepos=\"29:4-30:3\">Har typisk et h\u00f8jtryksspr\u00f8jtehoved.<\/li>\n<\/ul>\n<\/li>\n<li data-sourcepos=\"31:1-34:0\">\n<p data-sourcepos=\"31:4-31:25\"><strong>Ber\u00f8ringsfri vandhaner:<\/strong><\/p>\n<ul data-sourcepos=\"32:4-34:0\">\n<li data-sourcepos=\"32:4-32:81\">Fremmer hygiejnen ved at eliminere behovet for manuel kontakt med vandhanen.<\/li>\n<li data-sourcepos=\"33:4-34:0\">Ideel til omr\u00e5der med meget trafik som stork\u00f8kkener og toiletter.<\/li>\n<\/ul>\n<\/li>\n<\/ol>\n<p data-sourcepos=\"44:1-44:135\">Ved n\u00f8je at overveje disse faktorer kan du v\u00e6lge den perfekte kommercielle h\u00e5ndvaskarmatur til at opfylde din virksomheds specifikke behov.<\/p>","protected":false},"excerpt":{"rendered":"<h3 data-sourcepos=\"35:1-35:62\">Faktorer, du skal overveje, n\u00e5r du v\u00e6lger en kommerciel h\u00e5ndvaskarmatur<\/h3>\n<ul data-sourcepos=\"37:1-43:0\">\n<li data-sourcepos=\"37:1-37:94\"><strong>Flowhastighed:<\/strong> S\u00f8rg for, at vandhanen kan h\u00e5ndtere den n\u00f8dvendige vandgennemstr\u00f8mning til dine specifikke behov.<\/li>\n<li data-sourcepos=\"38:1-38:96\"><strong>Holdbarhed:<\/strong> V\u00e6lg en vandhane i materialer af h\u00f8j kvalitet, som kan t\u00e5le at blive brugt meget.<\/li>\n<li data-sourcepos=\"39:1-39:79\"><strong>F\u00e6rdig:<\/strong> V\u00e6lg en finish, der er modstandsdygtig over for korrosion og nem at reng\u00f8re.<\/li>\n<li data-sourcepos=\"40:1-40:91\"><strong>Installation:<\/strong> Overvej installationsmetoden og de n\u00f8dvendige VVS-tilslutninger.<\/li>\n<li data-sourcepos=\"41:1-41:97\"><strong>Vedligeholdelse:<\/strong> Se efter vandhaner med dele, der er lette at udskifte, og enkle vedligeholdelsesprocedurer.<\/li>\n<li data-sourcepos=\"42:1-43:0\"><strong>Overholdelse af regler:<\/strong> S\u00f8rg for, at vandhanen er i overensstemmelse med lokale VVS-regler og -forskrifter.<\/li>\n<\/ul>","protected":false},"featured_media":2651,"template":"","meta":[],"product_brand":[],"product_cat":[57],"product_tag":[],"class_list":{"0":"post-2650","1":"product","2":"type-product","3":"status-publish","4":"has-post-thumbnail","6":"product_cat-stainless-steel-faucet","8":"first","9":"instock","10":"shipping-taxable","11":"product-type-simple"},"_links":{"self":[{"href":"https:\/\/sinkwithfaucet.com\/da\/wp-json\/wp\/v2\/product\/2650","targetHints":{"allow":["GET"]}}],"collection":[{"href":"https:\/\/sinkwithfaucet.com\/da\/wp-json\/wp\/v2\/product"}],"about":[{"href":"https:\/\/sinkwithfaucet.com\/da\/wp-json\/wp\/v2\/types\/product"}],"wp:featuredmedia":[{"embeddable":true,"href":"https:\/\/sinkwithfaucet.com\/da\/wp-json\/wp\/v2\/media\/2651"}],"wp:attachment":[{"href":"https:\/\/sinkwithfaucet.com\/da\/wp-json\/wp\/v2\/media?parent=2650"}],"wp:term":[{"taxonomy":"product_brand","embeddable":true,"href":"https:\/\/sinkwithfaucet.com\/da\/wp-json\/wp\/v2\/product_brand?post=2650"},{"taxonomy":"product_cat","embeddable":true,"href":"https:\/\/sinkwithfaucet.com\/da\/wp-json\/wp\/v2\/product_cat?post=2650"},{"taxonomy":"product_tag","embeddable":true,"href":"https:\/\/sinkwithfaucet.com\/da\/wp-json\/wp\/v2\/product_tag?post=2650"}],"curies":[{"name":"wp","href":"https:\/\/api.w.org\/{rel}","templated":true}]}}