{"id":2591,"date":"2024-11-09T06:48:13","date_gmt":"2024-11-09T06:48:13","guid":{"rendered":"https:\/\/sinkwithfaucet.com\/?post_type=product&#038;p=2591"},"modified":"2024-11-09T06:48:13","modified_gmt":"2024-11-09T06:48:13","slug":"single-kitchen-sink-8048l","status":"publish","type":"product","link":"https:\/\/sinkwithfaucet.com\/da\/single-kitchen-sink-8048l\/","title":{"rendered":"Enkelt k\u00f8kkenvask 8048L"},"content":{"rendered":"<h2 data-sourcepos=\"1:1-1:46\">Enkeltst\u00e5ende k\u00f8kkenvaske: Et klassisk valg<\/h2>\n<p data-sourcepos=\"3:1-3:228\"><strong>Enkelt k\u00f8kkenvask<\/strong> er et popul\u00e6rt valg for mange husejere p\u00e5 grund af deres enkelhed og effektivitet. De giver et rent, overskueligt look og er perfekte til mindre k\u00f8kkener eller til dem, der foretr\u00e6kker en minimalistisk \u00e6stetik.<\/p>\n<p data-sourcepos=\"5:1-5:46\"><strong>N\u00f8glefunktioner ved enkelte k\u00f8kkenvaske:<\/strong><\/p>\n<ul data-sourcepos=\"7:1-11:0\">\n<li data-sourcepos=\"7:1-7:83\"><strong>Enkelt og elegant:<\/strong> Et klassisk design, der passer til forskellige k\u00f8kkenstile.<\/li>\n<li data-sourcepos=\"8:1-8:70\"><strong>Pladsbesparende:<\/strong> Ideel til mindre k\u00f8kkener, hvor der er begr\u00e6nset plads.<\/li>\n<li data-sourcepos=\"9:1-9:91\"><strong>Alsidig:<\/strong> Kan bruges til mange forskellige opgaver, lige fra opvask til tilberedning af mad.<\/li>\n<li data-sourcepos=\"10:1-11:0\"><strong>Let at reng\u00f8re:<\/strong> Et enkelt, stort bassin er nemt at vedligeholde.<\/li>\n<\/ul>\n<p data-sourcepos=\"12:1-12:39\"><strong>Typer af k\u00f8kkenvaske med \u00e9n sk\u00e5l:<\/strong><\/p>\n<ul data-sourcepos=\"14:1-17:0\">\n<li data-sourcepos=\"14:1-14:85\"><strong>Underlimet vask:<\/strong> Installeret under bordpladen for et slankt og moderne look.<\/li>\n<li data-sourcepos=\"15:1-15:93\"><strong>Topmonterede vaske:<\/strong> Installeret oven p\u00e5 bordpladen, hvilket giver et traditionelt udseende.<\/li>\n<li data-sourcepos=\"16:1-17:0\"><strong>Farmhouse-vaske:<\/strong> Store, dybe vaske med en forkl\u00e6defront, der giver et rustikt og funktionelt design.<\/li>\n<\/ul>\n<p data-sourcepos=\"18:1-18:60\"><strong>Overvejelser, n\u00e5r du v\u00e6lger en k\u00f8kkenvask med \u00e9n sk\u00e5l:<\/strong><\/p>\n<ul data-sourcepos=\"20:1-24:0\">\n<li data-sourcepos=\"20:1-20:71\"><strong>St\u00f8rrelse:<\/strong> V\u00e6lg en st\u00f8rrelse, der passer til dit k\u00f8kkenlayout og dine behov.<\/li>\n<li data-sourcepos=\"21:1-21:109\"><strong>Materiale:<\/strong> V\u00e6lg et holdbart materiale, der er let at reng\u00f8re, f.eks. rustfrit st\u00e5l, komposit eller ildfast ler.<\/li>\n<li data-sourcepos=\"22:1-22:83\"><strong>Dybde:<\/strong> Overvej sk\u00e5lens dybde, s\u00e5 der er plads til st\u00f8rre gryder og pander.<\/li>\n<li data-sourcepos=\"23:1-24:0\"><strong>Installation:<\/strong> S\u00f8rg for korrekt installation, uanset om det er under- eller overmontering.<\/li>\n<\/ul>\n<p data-sourcepos=\"25:1-25:143\">Ved n\u00f8je at overveje disse faktorer kan du v\u00e6lge den perfekte k\u00f8kkenvask med \u00e9n sk\u00e5l, der forbedrer dit k\u00f8kkens funktionalitet og stil.<\/p>","protected":false},"excerpt":{"rendered":"<p>Samlet st\u00f8rrelse: 720*470*210 mm<\/p>\n<p>Udsk\u00e6ringsst\u00f8rrelse: 700*450 mm<\/p>\n<p>Materiale: Rustfrit st\u00e5l<\/p>","protected":false},"featured_media":2592,"template":"","meta":[],"product_brand":[],"product_cat":[56],"product_tag":[],"class_list":{"0":"post-2591","1":"product","2":"type-product","3":"status-publish","4":"has-post-thumbnail","6":"product_cat-pressing-kitchen-sink","8":"first","9":"instock","10":"shipping-taxable","11":"product-type-simple"},"_links":{"self":[{"href":"https:\/\/sinkwithfaucet.com\/da\/wp-json\/wp\/v2\/product\/2591","targetHints":{"allow":["GET"]}}],"collection":[{"href":"https:\/\/sinkwithfaucet.com\/da\/wp-json\/wp\/v2\/product"}],"about":[{"href":"https:\/\/sinkwithfaucet.com\/da\/wp-json\/wp\/v2\/types\/product"}],"wp:featuredmedia":[{"embeddable":true,"href":"https:\/\/sinkwithfaucet.com\/da\/wp-json\/wp\/v2\/media\/2592"}],"wp:attachment":[{"href":"https:\/\/sinkwithfaucet.com\/da\/wp-json\/wp\/v2\/media?parent=2591"}],"wp:term":[{"taxonomy":"product_brand","embeddable":true,"href":"https:\/\/sinkwithfaucet.com\/da\/wp-json\/wp\/v2\/product_brand?post=2591"},{"taxonomy":"product_cat","embeddable":true,"href":"https:\/\/sinkwithfaucet.com\/da\/wp-json\/wp\/v2\/product_cat?post=2591"},{"taxonomy":"product_tag","embeddable":true,"href":"https:\/\/sinkwithfaucet.com\/da\/wp-json\/wp\/v2\/product_tag?post=2591"}],"curies":[{"name":"wp","href":"https:\/\/api.w.org\/{rel}","templated":true}]}}