{"id":2570,"date":"2024-11-09T06:21:01","date_gmt":"2024-11-09T06:21:01","guid":{"rendered":"https:\/\/sinkwithfaucet.com\/?post_type=product&#038;p=2570"},"modified":"2024-11-09T06:21:01","modified_gmt":"2024-11-09T06:21:01","slug":"large-kitchen-sink-7548d","status":"publish","type":"product","link":"https:\/\/sinkwithfaucet.com\/da\/large-kitchen-sink-7548d\/","title":{"rendered":"stor k\u00f8kkenvask 7548D"},"content":{"rendered":"<h2 data-sourcepos=\"1:1-1:56\">Store k\u00f8kkenvaske: Et rummeligt og funktionelt valg<\/h2>\n<p data-sourcepos=\"3:1-3:253\">Store k\u00f8kkenvaske, der typisk m\u00e5ler 36 tommer eller mere, giver rigelig plads til forskellige opgaver, herunder opvask, tilberedning af mad og opbl\u00f8dning af store genstande. De er et popul\u00e6rt valg for husejere, der har brug for et rummeligt og funktionelt arbejdsomr\u00e5de.<\/p>\n<p data-sourcepos=\"5:1-5:36\"><strong>Fordele ved store k\u00f8kkenvaske:<\/strong><\/p>\n<ul data-sourcepos=\"7:1-10:0\">\n<li data-sourcepos=\"7:1-7:111\"><strong>\u00d8get funktionalitet:<\/strong> Store vaske giver rigelig plads til multitasking og til at rumme st\u00f8rre ting.<\/li>\n<li data-sourcepos=\"8:1-8:133\"><strong>Alsidighed:<\/strong> De kan bruges til mange forskellige opgaver, lige fra opvask til tilberedning af mad og reng\u00f8ring af frugt og gr\u00f8nt.<\/li>\n<li data-sourcepos=\"9:1-10:0\"><strong>Moderne \u00e6stetik:<\/strong> Store vaske kan give dit k\u00f8kken et elegant og moderne look.<\/li>\n<\/ul>\n<p data-sourcepos=\"11:1-11:33\"><strong>Typer af store k\u00f8kkenvaske:<\/strong><\/p>\n<ul data-sourcepos=\"13:1-17:0\">\n<li data-sourcepos=\"13:1-13:110\"><strong>Underlimet vask:<\/strong> Disse vaske installeres under bordpladen for at give et s\u00f8ml\u00f8st og moderne udseende.<\/li>\n<li data-sourcepos=\"14:1-14:104\"><strong>Topmonterede vaske:<\/strong> Disse vaske er installeret oven p\u00e5 bordpladen, hvilket giver et traditionelt udseende.<\/li>\n<li data-sourcepos=\"15:1-15:109\"><strong>Farmhouse-vaske:<\/strong> Store, dybe vaske med forkl\u00e6defronter, der giver en rustik og bondehusagtig \u00e6stetik.<\/li>\n<li data-sourcepos=\"16:1-17:0\"><strong>Kommercielle h\u00e5ndvaske:<\/strong> Vaske i industrikvalitet, der er designet til kraftig brug og ofte har flere bassiner og dybe sk\u00e5le.<\/li>\n<\/ul>\n<p data-sourcepos=\"18:1-18:54\"><strong>Overvejelser, n\u00e5r du v\u00e6lger en stor k\u00f8kkenvask:<\/strong><\/p>\n<ul data-sourcepos=\"20:1-24:0\">\n<li data-sourcepos=\"20:1-20:107\"><strong>St\u00f8rrelse:<\/strong> S\u00f8rg for, at vasken har den rigtige st\u00f8rrelse til dit k\u00f8kken og passer til dine andre apparater.<\/li>\n<li data-sourcepos=\"21:1-21:88\"><strong>Materiale:<\/strong> V\u00e6lg et holdbart materiale som rustfrit st\u00e5l, komposit eller st\u00f8bejern.<\/li>\n<li data-sourcepos=\"22:1-22:112\"><strong>Huller til vandhane:<\/strong> Overvej antallet og placeringen af vandhuller, s\u00e5 de passer til den \u00f8nskede konfiguration.<\/li>\n<li data-sourcepos=\"23:1-24:0\"><strong>Installation:<\/strong> Store h\u00e5ndvaske kan kr\u00e6ve professionel installation p\u00e5 grund af deres st\u00f8rrelse og v\u00e6gt.<\/li>\n<\/ul>\n<p data-sourcepos=\"25:1-25:202\"><strong>Store k\u00f8kkenvaske er et popul\u00e6rt valg for husejere, der \u00f8nsker en rummelig og funktionel arbejdsplads.<\/strong> De er alsidige og kan forbedre den overordnede effektivitet og \u00e6stetik i dit k\u00f8kken.<\/p>","protected":false},"excerpt":{"rendered":"<p>Samlet st\u00f8rrelse: 680*450*210 mm<\/p>\n<p>Udsk\u00e6ringsst\u00f8rrelse: 6600*430 mm<\/p>\n<p>Materiale: Rustfrit st\u00e5l<\/p>","protected":false},"featured_media":2573,"template":"","meta":[],"product_brand":[],"product_cat":[56],"product_tag":[],"class_list":{"0":"post-2570","1":"product","2":"type-product","3":"status-publish","4":"has-post-thumbnail","6":"product_cat-pressing-kitchen-sink","8":"first","9":"instock","10":"shipping-taxable","11":"product-type-simple"},"_links":{"self":[{"href":"https:\/\/sinkwithfaucet.com\/da\/wp-json\/wp\/v2\/product\/2570","targetHints":{"allow":["GET"]}}],"collection":[{"href":"https:\/\/sinkwithfaucet.com\/da\/wp-json\/wp\/v2\/product"}],"about":[{"href":"https:\/\/sinkwithfaucet.com\/da\/wp-json\/wp\/v2\/types\/product"}],"wp:featuredmedia":[{"embeddable":true,"href":"https:\/\/sinkwithfaucet.com\/da\/wp-json\/wp\/v2\/media\/2573"}],"wp:attachment":[{"href":"https:\/\/sinkwithfaucet.com\/da\/wp-json\/wp\/v2\/media?parent=2570"}],"wp:term":[{"taxonomy":"product_brand","embeddable":true,"href":"https:\/\/sinkwithfaucet.com\/da\/wp-json\/wp\/v2\/product_brand?post=2570"},{"taxonomy":"product_cat","embeddable":true,"href":"https:\/\/sinkwithfaucet.com\/da\/wp-json\/wp\/v2\/product_cat?post=2570"},{"taxonomy":"product_tag","embeddable":true,"href":"https:\/\/sinkwithfaucet.com\/da\/wp-json\/wp\/v2\/product_tag?post=2570"}],"curies":[{"name":"wp","href":"https:\/\/api.w.org\/{rel}","templated":true}]}}