{"id":2432,"date":"2024-11-04T06:50:40","date_gmt":"2024-11-04T06:50:40","guid":{"rendered":"https:\/\/sinkwithfaucet.com\/?post_type=product&#038;p=2432"},"modified":"2024-11-11T02:44:49","modified_gmt":"2024-11-11T02:44:49","slug":"30-inch-kitchen-sink-3022ssa","status":"publish","type":"product","link":"https:\/\/sinkwithfaucet.com\/da\/30-inch-kitchen-sink-3022ssa\/","title":{"rendered":"30 tommer k\u00f8kkenvask 3022SSA"},"content":{"rendered":"<p data-sourcepos=\"1:1-1:227\">30 tommer k\u00f8kkenvaske er et popul\u00e6rt valg for mange husejere, fordi de giver en god balance mellem st\u00f8rrelse og funktionalitet. De f\u00e5s i mange forskellige stilarter, materialer og konfigurationer, s\u00e5 de passer til forskellige k\u00f8kkendesigns og behov.<\/p>\n<h3 data-sourcepos=\"3:1-3:42\">N\u00f8glefunktioner i 30 tommer k\u00f8kkenvaske:<\/h3>\n<ul data-sourcepos=\"5:1-9:0\">\n<li data-sourcepos=\"5:1-5:107\"><strong>Rigeligt med plads:<\/strong> Giver tilstr\u00e6kkelig plads til at vaske op, tilberede mad og l\u00e6gge stort k\u00f8kkengrej i bl\u00f8d.<\/li>\n<li data-sourcepos=\"6:1-6:94\"><strong>Alsidigt design:<\/strong> F\u00e5s i enkeltsk\u00e5ls-, dobbeltsk\u00e5ls- og arbejdsstationskonfigurationer.<\/li>\n<li data-sourcepos=\"7:1-7:80\"><strong>Holdbare materialer:<\/strong> Ofte lavet af rustfrit st\u00e5l, komposit eller keramik.<\/li>\n<li data-sourcepos=\"8:1-9:0\"><strong>Stilfulde muligheder:<\/strong> F\u00e5s i forskellige overflader og stilarter, der passer til forskellige k\u00f8kken\u00e6stetikker.<\/li>\n<\/ul>\n<h3 data-sourcepos=\"10:1-10:35\">Typer af 30 tommer k\u00f8kkenvaske:<\/h3>\n<ul data-sourcepos=\"12:1-15:0\">\n<li data-sourcepos=\"12:1-12:85\"><strong><a href=\"https:\/\/sinkwithfaucet.com\/da\/undermount-sink-1\/\">Underlimet vask<\/a>:<\/strong> Installeret under bordpladen for et slankt og moderne look.<\/li>\n<li data-sourcepos=\"13:1-13:93\"><strong><a href=\"https:\/\/sinkwithfaucet.com\/da\/topmount-sink-1\/\">Topmonterede h\u00e5ndvaske<\/a>:<\/strong> Installeret oven p\u00e5 bordpladen, hvilket giver et traditionelt udseende.<\/li>\n<li data-sourcepos=\"14:1-15:0\"><strong><a href=\"https:\/\/sinkwithfaucet.com\/da\/apron-sink-1\/\">Bondeg\u00e5rdsvaske<\/a>:<\/strong> Store, dybe vaske med en forkl\u00e6defront, der giver et rustikt og funktionelt design.<\/li>\n<\/ul>\n<h3 data-sourcepos=\"16:1-16:56\">Overvejelser, n\u00e5r du v\u00e6lger en 30-tommer k\u00f8kkenvask:<\/h3>\n<ul data-sourcepos=\"18:1-23:0\">\n<li data-sourcepos=\"18:1-18:94\"><strong>Materiale:<\/strong> V\u00e6lg et holdbart og reng\u00f8ringsvenligt materiale som rustfrit st\u00e5l eller komposit.<\/li>\n<li data-sourcepos=\"19:1-19:91\"><strong>Sk\u00e5lens konfiguration:<\/strong> V\u00e6lg en enkelt- eller dobbeltsk\u00e5lskonfiguration baseret p\u00e5 dine behov.<\/li>\n<li data-sourcepos=\"20:1-20:78\"><strong>Dybde:<\/strong> Overvej sk\u00e5lens dybde, s\u00e5 der er plads til st\u00f8rre k\u00f8kkengrej.<\/li>\n<li data-sourcepos=\"21:1-21:105\"><strong>F\u00e6rdig:<\/strong> V\u00e6lg en finish, der passer til dit k\u00f8kkens stil, f.eks. b\u00f8rstet, poleret eller mat.<\/li>\n<li data-sourcepos=\"22:1-23:0\"><strong>Installation:<\/strong> S\u00f8rg for korrekt installation, uanset om det er under- eller overmontering.<\/li>\n<\/ul>\n<p data-sourcepos=\"24:1-24:139\">Ved n\u00f8je at overveje disse faktorer kan du v\u00e6lge den perfekte 30-tommers k\u00f8kkenvask til at forbedre dit k\u00f8kkens funktionalitet og stil.<\/p>","protected":false},"excerpt":{"rendered":"<p>Samlet st\u00f8rrelse: 30*22*10 tommer \/ 762*559*254 mm<\/p>\n<p>Sk\u00e5lst\u00f8rrelse: 712*451 mm<\/p>\n<p>Udsk\u00e6ringsst\u00f8rrelse: 763*503 mm<\/p>\n<p>Radian Corner : R10<\/p>","protected":false},"featured_media":2433,"template":"","meta":[],"product_brand":[],"product_cat":[54],"product_tag":[],"class_list":{"0":"post-2432","1":"product","2":"type-product","3":"status-publish","4":"has-post-thumbnail","6":"product_cat-apron-sink-1","8":"first","9":"instock","10":"shipping-taxable","11":"product-type-simple"},"_links":{"self":[{"href":"https:\/\/sinkwithfaucet.com\/da\/wp-json\/wp\/v2\/product\/2432","targetHints":{"allow":["GET"]}}],"collection":[{"href":"https:\/\/sinkwithfaucet.com\/da\/wp-json\/wp\/v2\/product"}],"about":[{"href":"https:\/\/sinkwithfaucet.com\/da\/wp-json\/wp\/v2\/types\/product"}],"wp:featuredmedia":[{"embeddable":true,"href":"https:\/\/sinkwithfaucet.com\/da\/wp-json\/wp\/v2\/media\/2433"}],"wp:attachment":[{"href":"https:\/\/sinkwithfaucet.com\/da\/wp-json\/wp\/v2\/media?parent=2432"}],"wp:term":[{"taxonomy":"product_brand","embeddable":true,"href":"https:\/\/sinkwithfaucet.com\/da\/wp-json\/wp\/v2\/product_brand?post=2432"},{"taxonomy":"product_cat","embeddable":true,"href":"https:\/\/sinkwithfaucet.com\/da\/wp-json\/wp\/v2\/product_cat?post=2432"},{"taxonomy":"product_tag","embeddable":true,"href":"https:\/\/sinkwithfaucet.com\/da\/wp-json\/wp\/v2\/product_tag?post=2432"}],"curies":[{"name":"wp","href":"https:\/\/api.w.org\/{rel}","templated":true}]}}