{"id":2429,"date":"2024-11-04T06:26:45","date_gmt":"2024-11-04T06:26:45","guid":{"rendered":"https:\/\/sinkwithfaucet.com\/?post_type=product&#038;p=2429"},"modified":"2024-11-04T06:27:51","modified_gmt":"2024-11-04T06:27:51","slug":"stainless-apron-sink-3322da","status":"publish","type":"product","link":"https:\/\/sinkwithfaucet.com\/da\/stainless-apron-sink-3322da\/","title":{"rendered":"Rustfri forkl\u00e6devask 3322DA"},"content":{"rendered":"<h2><strong><b>Rustfri forkl\u00e6devaske: En varig klassiker<\/b><\/strong><\/h2>\n<p>Rustfri forkl\u00e6devaske er meget attraktive for husejere, der \u00f8nsker et k\u00f8kken, der b\u00e5de er stilfuldt og yderst funktionelt. Disse store og dybe vaske, ofte kendt som 'bondehusvaske', har en unik forkl\u00e6defront, der rager ud over bordpladen.<\/p>\n<p>&nbsp;<\/p>\n<p><strong>N\u00f8glefunktioner ved forkl\u00e6devaske i rustfrit st\u00e5l:<\/strong><\/p>\n<ul>\n<li>Rummelig sk\u00e5l: Giver rigelig plads til at vaske store gryder og pander.<\/li>\n<li>Stilfuldt design: Forkl\u00e6det giver et klassisk og raffineret udseende til dit k\u00f8kken.<\/li>\n<li>Holdbarhed: Konstrueret af rustfrit st\u00e5l af h\u00f8j kvalitet, hvilket garanterer langvarig ydeevne.<\/li>\n<li>Let at reng\u00f8re: Den glatte overflade er nem at vedligeholde og desinficere.<\/li>\n<\/ul>\n<p><strong><b>Overvejelser, n\u00e5r du v\u00e6lger en forkl\u00e6devask i rustfrit st\u00e5l:<\/b><\/strong><\/p>\n<ul>\n<li>St\u00f8rrelse: V\u00e6lg en st\u00f8rrelse, der passer til dit k\u00f8kkens indretning og dine specifikke behov.<\/li>\n<li>Sk\u00e5lkonfiguration: V\u00e6lg mellem en enkelt eller dobbelt sk\u00e5l alt efter dine pr\u00e6ferencer.<\/li>\n<li>M\u00e5l: En tykkere tykkelse betyder en mere holdbar vask.<\/li>\n<li>Finish: V\u00e6lg en finish, der harmonerer med dit k\u00f8kkens stil, f.eks. b\u00f8rstet eller poleret rustfrit st\u00e5l.<\/li>\n<\/ul>\n<p><strong><b>Installation:<\/b><\/strong><\/p>\n<p>Ved omhyggeligt at afveje disse faktorer kan du v\u00e6lge den ideelle forkl\u00e6devask i rustfrit st\u00e5l til at l\u00f8fte dit k\u00f8kkens stil og funktionalitet.<\/p>","protected":false},"excerpt":{"rendered":"<p>Samlet st\u00f8rrelse: 33*22*10 tommer \/ 838*559*254 mm<\/p>\n<p>Sk\u00e5lst\u00f8rrelse: 788*420\/330*452 mm<\/p>\n<p>Udsk\u00e6ringsst\u00f8rrelse: 839*503 mm<\/p>\n<p>Radian Corner : R10<\/p>","protected":false},"featured_media":2430,"template":"","meta":[],"product_brand":[],"product_cat":[54],"product_tag":[],"class_list":{"0":"post-2429","1":"product","2":"type-product","3":"status-publish","4":"has-post-thumbnail","6":"product_cat-apron-sink-1","8":"first","9":"instock","10":"shipping-taxable","11":"product-type-simple"},"_links":{"self":[{"href":"https:\/\/sinkwithfaucet.com\/da\/wp-json\/wp\/v2\/product\/2429","targetHints":{"allow":["GET"]}}],"collection":[{"href":"https:\/\/sinkwithfaucet.com\/da\/wp-json\/wp\/v2\/product"}],"about":[{"href":"https:\/\/sinkwithfaucet.com\/da\/wp-json\/wp\/v2\/types\/product"}],"wp:featuredmedia":[{"embeddable":true,"href":"https:\/\/sinkwithfaucet.com\/da\/wp-json\/wp\/v2\/media\/2430"}],"wp:attachment":[{"href":"https:\/\/sinkwithfaucet.com\/da\/wp-json\/wp\/v2\/media?parent=2429"}],"wp:term":[{"taxonomy":"product_brand","embeddable":true,"href":"https:\/\/sinkwithfaucet.com\/da\/wp-json\/wp\/v2\/product_brand?post=2429"},{"taxonomy":"product_cat","embeddable":true,"href":"https:\/\/sinkwithfaucet.com\/da\/wp-json\/wp\/v2\/product_cat?post=2429"},{"taxonomy":"product_tag","embeddable":true,"href":"https:\/\/sinkwithfaucet.com\/da\/wp-json\/wp\/v2\/product_tag?post=2429"}],"curies":[{"name":"wp","href":"https:\/\/api.w.org\/{rel}","templated":true}]}}