{"id":2427,"date":"2024-11-04T06:16:23","date_gmt":"2024-11-04T06:16:23","guid":{"rendered":"https:\/\/sinkwithfaucet.com\/?post_type=product&#038;p=2427"},"modified":"2024-11-04T06:16:23","modified_gmt":"2024-11-04T06:16:23","slug":"stainless-steel-apron-sink-3022sa","status":"publish","type":"product","link":"https:\/\/sinkwithfaucet.com\/da\/stainless-steel-apron-sink-3022sa\/","title":{"rendered":"Forkl\u00e6devask i rustfrit st\u00e5l 3022SA"},"content":{"rendered":"<h2 data-sourcepos=\"1:1-1:56\">Forkl\u00e6devaske i rustfrit st\u00e5l: En tidl\u00f8s klassiker<\/h2>\n<p data-sourcepos=\"3:1-3:252\">Forkl\u00e6devaske i rustfrit st\u00e5l er et popul\u00e6rt valg for husejere, der vil have et stilfuldt og funktionelt k\u00f8kken. Disse store, dybe vaske, der ofte kaldes \"bondehusvaske\", har en karakteristisk forkl\u00e6defront, der str\u00e6kker sig ud over bordpladen.<\/p>\n<p data-sourcepos=\"5:1-5:54\"><strong>N\u00f8glefunktioner ved forkl\u00e6devaske i rustfrit st\u00e5l:<\/strong><\/p>\n<ul data-sourcepos=\"7:1-11:0\">\n<li data-sourcepos=\"7:1-7:64\"><strong>Rummelig sk\u00e5l:<\/strong> Rigelig plads til at vaske store gryder og pander.<\/li>\n<li data-sourcepos=\"8:1-8:86\"><strong>Stilfuldt design:<\/strong> Forkl\u00e6det giver et klassisk og elegant look til dit k\u00f8kken.<\/li>\n<li data-sourcepos=\"9:1-9:92\"><strong>Holdbarhed:<\/strong> Fremstillet af rustfrit st\u00e5l af h\u00f8j kvalitet, hvilket sikrer en lang levetid.<\/li>\n<li data-sourcepos=\"10:1-11:0\"><strong>Let at reng\u00f8re:<\/strong> Den glatte overflade er nem at vedligeholde og desinficere.<\/li>\n<\/ul>\n<p data-sourcepos=\"12:1-12:68\"><strong>Overvejelser, n\u00e5r du v\u00e6lger en forkl\u00e6devask i rustfrit st\u00e5l:<\/strong><\/p>\n<ul data-sourcepos=\"14:1-19:0\">\n<li data-sourcepos=\"14:1-14:73\"><strong>St\u00f8rrelse:<\/strong> V\u00e6lg en st\u00f8rrelse, der passer til dit k\u00f8kkens indretning og dine behov.<\/li>\n<li data-sourcepos=\"15:1-15:97\"><strong>Sk\u00e5lens konfiguration:<\/strong> V\u00e6lg en enkelt eller dobbelt sk\u00e5lkonfiguration baseret p\u00e5 dine pr\u00e6ferencer.<\/li>\n<li data-sourcepos=\"16:1-16:59\"><strong>M\u00e5ler:<\/strong> En tykkere tykkelse indikerer en mere holdbar vask.<\/li>\n<li data-sourcepos=\"17:1-17:113\"><strong>F\u00e6rdig:<\/strong> V\u00e6lg en finish, der passer til dit k\u00f8kkens stil, f.eks. b\u00f8rstet eller poleret rustfrit st\u00e5l.<\/li>\n<li data-sourcepos=\"18:1-19:0\"><strong>Installation:<\/strong> Overvej under- eller overmontering.<\/li>\n<\/ul>\n<p data-sourcepos=\"20:1-20:150\">Ved n\u00f8je at overveje disse faktorer kan du v\u00e6lge den perfekte forkl\u00e6devask i rustfrit st\u00e5l til at forbedre dit k\u00f8kkens stil og funktionalitet.<\/p>","protected":false},"excerpt":{"rendered":"<p>Samlet st\u00f8rrelse: 30*22*10 tommer \/ 762*559*254 mm<\/p>\n<p>Sk\u00e5lst\u00f8rrelse: 712*451 mm<\/p>\n<p>Udsk\u00e6ringsst\u00f8rrelse: 763*503 mm<\/p>\n<p>Radian Corner : R10<\/p>","protected":false},"featured_media":2428,"template":"","meta":[],"product_brand":[],"product_cat":[54],"product_tag":[],"class_list":{"0":"post-2427","1":"product","2":"type-product","3":"status-publish","4":"has-post-thumbnail","6":"product_cat-apron-sink-1","8":"first","9":"instock","10":"shipping-taxable","11":"product-type-simple"},"_links":{"self":[{"href":"https:\/\/sinkwithfaucet.com\/da\/wp-json\/wp\/v2\/product\/2427","targetHints":{"allow":["GET"]}}],"collection":[{"href":"https:\/\/sinkwithfaucet.com\/da\/wp-json\/wp\/v2\/product"}],"about":[{"href":"https:\/\/sinkwithfaucet.com\/da\/wp-json\/wp\/v2\/types\/product"}],"wp:featuredmedia":[{"embeddable":true,"href":"https:\/\/sinkwithfaucet.com\/da\/wp-json\/wp\/v2\/media\/2428"}],"wp:attachment":[{"href":"https:\/\/sinkwithfaucet.com\/da\/wp-json\/wp\/v2\/media?parent=2427"}],"wp:term":[{"taxonomy":"product_brand","embeddable":true,"href":"https:\/\/sinkwithfaucet.com\/da\/wp-json\/wp\/v2\/product_brand?post=2427"},{"taxonomy":"product_cat","embeddable":true,"href":"https:\/\/sinkwithfaucet.com\/da\/wp-json\/wp\/v2\/product_cat?post=2427"},{"taxonomy":"product_tag","embeddable":true,"href":"https:\/\/sinkwithfaucet.com\/da\/wp-json\/wp\/v2\/product_tag?post=2427"}],"curies":[{"name":"wp","href":"https:\/\/api.w.org\/{rel}","templated":true}]}}