{"id":2421,"date":"2024-11-04T03:43:55","date_gmt":"2024-11-04T03:43:55","guid":{"rendered":"https:\/\/sinkwithfaucet.com\/?post_type=product&#038;p=2421"},"modified":"2024-11-04T03:43:55","modified_gmt":"2024-11-04T03:43:55","slug":"30-inch-sink-7046-a","status":"publish","type":"product","link":"https:\/\/sinkwithfaucet.com\/da\/30-inch-sink-7046-a\/","title":{"rendered":"30 tommer vask 7046-A"},"content":{"rendered":"<h2 data-sourcepos=\"1:1-1:45\">30 tommer h\u00e5ndvaske: Et alsidigt valg<\/h2>\n<p data-sourcepos=\"3:1-3:203\">En 30 tommer vask er en popul\u00e6r st\u00f8rrelse, der giver en balance mellem plads og funktionalitet. De f\u00e5s i forskellige stilarter, materialer og konfigurationer, der passer til forskellige k\u00f8kkendesigns og -behov.<\/p>\n<p data-sourcepos=\"5:1-5:42\"><strong>N\u00f8glefunktioner i 30 tommer h\u00e5ndvaske:<\/strong><\/p>\n<ul data-sourcepos=\"7:1-11:0\">\n<li data-sourcepos=\"7:1-7:107\"><strong>Rigeligt med plads:<\/strong> Giver tilstr\u00e6kkelig plads til at vaske op, tilberede mad og l\u00e6gge stort k\u00f8kkengrej i bl\u00f8d.<\/li>\n<li data-sourcepos=\"8:1-8:94\"><strong>Alsidigt design:<\/strong> F\u00e5s i enkeltsk\u00e5ls-, dobbeltsk\u00e5ls- og arbejdsstationskonfigurationer.<\/li>\n<li data-sourcepos=\"9:1-9:92\"><strong>Holdbare materialer:<\/strong> Ofte lavet af rustfrit st\u00e5l, st\u00f8bejern eller kompositmaterialer.<\/li>\n<li data-sourcepos=\"10:1-11:0\"><strong>Moderne \u00e6stetik:<\/strong> Slanke og moderne designs, der passer til forskellige k\u00f8kkenstile.<\/li>\n<\/ul>\n<p data-sourcepos=\"12:1-12:35\"><strong>Typer af 30-tommer k\u00f8kkenvaske:<\/strong><\/p>\n<ul data-sourcepos=\"14:1-17:0\">\n<li data-sourcepos=\"14:1-14:77\"><strong>Underlimet vask:<\/strong> Installeret under bordpladen for et s\u00f8ml\u00f8st look.<\/li>\n<li data-sourcepos=\"15:1-15:93\"><strong>Topmonterede vaske:<\/strong> Installeret oven p\u00e5 bordpladen, hvilket giver et traditionelt udseende.<\/li>\n<li data-sourcepos=\"16:1-17:0\"><strong>Farmhouse-vaske:<\/strong> Store, dybe vaske med en forkl\u00e6defront, der giver et rustikt og funktionelt design.<\/li>\n<\/ul>\n<p data-sourcepos=\"18:1-18:73\"><strong>N\u00e5r du v\u00e6lger en 30-tommers k\u00f8kkenvask, skal du overveje f\u00f8lgende faktorer:<\/strong><\/p>\n<ul data-sourcepos=\"20:1-25:0\">\n<li data-sourcepos=\"20:1-20:94\"><strong>Materiale:<\/strong> V\u00e6lg et holdbart og reng\u00f8ringsvenligt materiale som rustfrit st\u00e5l eller komposit.<\/li>\n<li data-sourcepos=\"21:1-21:100\"><strong>Sk\u00e5lens konfiguration:<\/strong> V\u00e6lg en enkelt, dobbelt eller tredobbelt sk\u00e5lkonfiguration baseret p\u00e5 dine behov.<\/li>\n<li data-sourcepos=\"22:1-22:64\"><strong>Dybde:<\/strong> En dybere sk\u00e5l kan rumme st\u00f8rre gryder og pander.<\/li>\n<li data-sourcepos=\"23:1-23:105\"><strong>F\u00e6rdig:<\/strong> V\u00e6lg en finish, der passer til dit k\u00f8kkens stil, f.eks. b\u00f8rstet, poleret eller satin.<\/li>\n<li data-sourcepos=\"24:1-25:0\"><strong>Installation:<\/strong> Overvej installationsmetoden, om det er under- eller overmontering.<\/li>\n<\/ul>\n<p data-sourcepos=\"26:1-26:138\">Ved n\u00f8je at overveje disse faktorer kan du v\u00e6lge den perfekte 30-tommers k\u00f8kkenvask<\/p>","protected":false},"excerpt":{"rendered":"<p>Samlet st\u00f8rrelse: 700*460*230 mm<\/p>\n<p>Sk\u00e5lst\u00f8rrelse: 660*363 mm<\/p>\n<p>Udsk\u00e6ringsst\u00f8rrelse: 676*436 mm<\/p>\n<p>Radian Corner : R10<\/p>","protected":false},"featured_media":2422,"template":"","meta":[],"product_brand":[],"product_cat":[53],"product_tag":[],"class_list":{"0":"post-2421","1":"product","2":"type-product","3":"status-publish","4":"has-post-thumbnail","6":"product_cat-topmount-sink-1","8":"first","9":"instock","10":"shipping-taxable","11":"product-type-simple"},"_links":{"self":[{"href":"https:\/\/sinkwithfaucet.com\/da\/wp-json\/wp\/v2\/product\/2421","targetHints":{"allow":["GET"]}}],"collection":[{"href":"https:\/\/sinkwithfaucet.com\/da\/wp-json\/wp\/v2\/product"}],"about":[{"href":"https:\/\/sinkwithfaucet.com\/da\/wp-json\/wp\/v2\/types\/product"}],"wp:featuredmedia":[{"embeddable":true,"href":"https:\/\/sinkwithfaucet.com\/da\/wp-json\/wp\/v2\/media\/2422"}],"wp:attachment":[{"href":"https:\/\/sinkwithfaucet.com\/da\/wp-json\/wp\/v2\/media?parent=2421"}],"wp:term":[{"taxonomy":"product_brand","embeddable":true,"href":"https:\/\/sinkwithfaucet.com\/da\/wp-json\/wp\/v2\/product_brand?post=2421"},{"taxonomy":"product_cat","embeddable":true,"href":"https:\/\/sinkwithfaucet.com\/da\/wp-json\/wp\/v2\/product_cat?post=2421"},{"taxonomy":"product_tag","embeddable":true,"href":"https:\/\/sinkwithfaucet.com\/da\/wp-json\/wp\/v2\/product_tag?post=2421"}],"curies":[{"name":"wp","href":"https:\/\/api.w.org\/{rel}","templated":true}]}}