{"id":2418,"date":"2024-11-04T03:36:44","date_gmt":"2024-11-04T03:36:44","guid":{"rendered":"https:\/\/sinkwithfaucet.com\/?post_type=product&#038;p=2418"},"modified":"2024-11-04T03:36:44","modified_gmt":"2024-11-04T03:36:44","slug":"black-kitchen-sink-7647b","status":"publish","type":"product","link":"https:\/\/sinkwithfaucet.com\/da\/black-kitchen-sink-7647b\/","title":{"rendered":"Sort k\u00f8kkenvask 7647B"},"content":{"rendered":"<h2 data-sourcepos=\"1:1-1:215\">Sorte k\u00f8kkenvaske:<\/h2>\n<p data-sourcepos=\"1:1-1:215\">Sorte k\u00f8kkenvaske er blevet mere og mere popul\u00e6re i de senere \u00e5r og giver et moderne og sofistikeret look, der kan l\u00f8fte ethvert k\u00f8kkendesign. De f\u00e5s i mange forskellige materialer og stilarter.<\/p>\n<ul data-sourcepos=\"5:1-8:0\">\n<li data-sourcepos=\"5:1-5:89\"><strong>Slank og moderne:<\/strong> Den m\u00f8rke, matte finish giver dit k\u00f8kken et moderne pr\u00e6g.<\/li>\n<li data-sourcepos=\"6:1-6:84\"><strong>Holdbar og hygiejnisk:<\/strong> Rustfrit st\u00e5l er et holdbart og reng\u00f8ringsvenligt materiale.<\/li>\n<li data-sourcepos=\"7:1-8:0\"><strong>Modstandsdygtig over for fingeraftryk:<\/strong> S\u00e6rlige bel\u00e6gninger hj\u00e6lper med at minimere fingeraftryk og pletter.<\/li>\n<\/ul>\n<p data-sourcepos=\"21:1-21:71\"><strong>N\u00e5r du v\u00e6lger en sort k\u00f8kkenvask, skal du overveje f\u00f8lgende faktorer:<\/strong><\/p>\n<ul data-sourcepos=\"23:1-28:0\">\n<li data-sourcepos=\"23:1-23:67\"><strong>Materiale:<\/strong> V\u00e6lg et materiale, der passer til din stil og dit budget.<\/li>\n<li data-sourcepos=\"24:1-24:76\"><strong>St\u00f8rrelse og form:<\/strong> V\u00e6lg en st\u00f8rrelse og form, der passer til dit k\u00f8kkenlayout.<\/li>\n<li data-sourcepos=\"25:1-25:72\"><strong>Installation:<\/strong> V\u00e6lg mellem under- eller overmontering.<\/li>\n<li data-sourcepos=\"26:1-26:74\"><strong>F\u00e6rdig:<\/strong> Overvej den specifikke sorte nuance og niveauet af glans.<\/li>\n<li data-sourcepos=\"27:1-28:0\"><strong>Vedligeholdelse:<\/strong> F\u00f8lg producentens plejeanvisninger for at holde din vask i topform.<\/li>\n<\/ul>\n<p data-sourcepos=\"29:1-29:142\">Ved n\u00f8je at overveje disse faktorer kan du v\u00e6lge den perfekte sorte vask til at forbedre stilen og funktionaliteten i dit k\u00f8kken.<\/p>","protected":false},"excerpt":{"rendered":"<p>Samlet st\u00f8rrelse: 760*470*230 mm<\/p>\n<p>Sk\u00e5lst\u00f8rrelse: 720*363 mm<\/p>\n<p>Udsk\u00e6ringsst\u00f8rrelse: 736*446 mm<\/p>\n<p>Radian Corner : R10<\/p>","protected":false},"featured_media":2419,"template":"","meta":[],"product_brand":[],"product_cat":[53],"product_tag":[],"class_list":{"0":"post-2418","1":"product","2":"type-product","3":"status-publish","4":"has-post-thumbnail","6":"product_cat-topmount-sink-1","8":"first","9":"instock","10":"shipping-taxable","11":"product-type-simple"},"_links":{"self":[{"href":"https:\/\/sinkwithfaucet.com\/da\/wp-json\/wp\/v2\/product\/2418","targetHints":{"allow":["GET"]}}],"collection":[{"href":"https:\/\/sinkwithfaucet.com\/da\/wp-json\/wp\/v2\/product"}],"about":[{"href":"https:\/\/sinkwithfaucet.com\/da\/wp-json\/wp\/v2\/types\/product"}],"wp:featuredmedia":[{"embeddable":true,"href":"https:\/\/sinkwithfaucet.com\/da\/wp-json\/wp\/v2\/media\/2419"}],"wp:attachment":[{"href":"https:\/\/sinkwithfaucet.com\/da\/wp-json\/wp\/v2\/media?parent=2418"}],"wp:term":[{"taxonomy":"product_brand","embeddable":true,"href":"https:\/\/sinkwithfaucet.com\/da\/wp-json\/wp\/v2\/product_brand?post=2418"},{"taxonomy":"product_cat","embeddable":true,"href":"https:\/\/sinkwithfaucet.com\/da\/wp-json\/wp\/v2\/product_cat?post=2418"},{"taxonomy":"product_tag","embeddable":true,"href":"https:\/\/sinkwithfaucet.com\/da\/wp-json\/wp\/v2\/product_tag?post=2418"}],"curies":[{"name":"wp","href":"https:\/\/api.w.org\/{rel}","templated":true}]}}