{"id":2411,"date":"2024-11-04T03:09:36","date_gmt":"2024-11-04T03:09:36","guid":{"rendered":"https:\/\/sinkwithfaucet.com\/?post_type=product&#038;p=2411"},"modified":"2024-11-04T03:09:36","modified_gmt":"2024-11-04T03:09:36","slug":"deep-sink-3120do","status":"publish","type":"product","link":"https:\/\/sinkwithfaucet.com\/da\/deep-sink-3120do\/","title":{"rendered":"Dyb vask 3120DO"},"content":{"rendered":"<h2 data-sourcepos=\"1:1-1:53\">Dybe h\u00e5ndvaske: Et praktisk og stilfuldt valg<\/h2>\n<p data-sourcepos=\"3:1-3:266\">Dybe vaske giver en r\u00e6kke fordele, herunder \u00f8get funktionalitet, forbedret \u00e6stetik og forbedrede reng\u00f8ringsmuligheder. De er is\u00e6r nyttige til at rumme store gryder og pander, l\u00e6gge store ting i bl\u00f8d og udf\u00f8re andre k\u00f8kkenopgaver.<\/p>\n<p data-sourcepos=\"5:1-5:39\"><strong>N\u00f8glefunktioner ved dybe k\u00f8kkenvaske:<\/strong><\/p>\n<ul data-sourcepos=\"7:1-11:0\">\n<li data-sourcepos=\"7:1-7:87\"><strong>Rigelig dybde:<\/strong> Giver masser af plads til at vaske stort k\u00f8kkengrej og uh\u00e5ndterlige ting.<\/li>\n<li data-sourcepos=\"8:1-8:97\"><strong>Reduceret spr\u00f8jt:<\/strong> Det dybere design hj\u00e6lper med at minimere vandst\u00e6nk p\u00e5 bordpladen.<\/li>\n<li data-sourcepos=\"9:1-9:112\"><strong>Forbedret funktionalitet:<\/strong> Kan klare en r\u00e6kke forskellige k\u00f8kkenopgaver, fra opvask til tilberedning af mad.<\/li>\n<li data-sourcepos=\"10:1-11:0\"><strong>Stilfuldt design:<\/strong> F\u00e5s i forskellige stilarter og overflader, der passer til enhver k\u00f8kkenindretning.<\/li>\n<\/ul>\n<p data-sourcepos=\"12:1-12:32\"><strong>Typer af dybe k\u00f8kkenvaske:<\/strong><\/p>\n<ul data-sourcepos=\"14:1-17:0\">\n<li data-sourcepos=\"14:1-14:85\"><strong>Underlimet vask:<\/strong> Installeret under bordpladen for et slankt og moderne look.<\/li>\n<li data-sourcepos=\"15:1-15:105\"><strong>Topmonterede vaske:<\/strong> Installeret oven p\u00e5 bordpladen, hvilket giver et klassisk og traditionelt udseende.<\/li>\n<li data-sourcepos=\"16:1-17:0\"><strong>Farmhouse-vaske:<\/strong> Store, dybe vaske med en forkl\u00e6defront, der giver et rustikt og funktionelt design.<\/li>\n<\/ul>\n<p data-sourcepos=\"18:1-18:53\"><strong>Overvejelser, n\u00e5r du v\u00e6lger en dyb k\u00f8kkenvask:<\/strong><\/p>\n<ul data-sourcepos=\"20:1-24:0\">\n<li data-sourcepos=\"20:1-20:94\"><strong>Dybde:<\/strong> V\u00e6lg en dybde, der passer til dine behov, og tag h\u00f8jde for st\u00f8rrelsen p\u00e5 dine gryder og pander.<\/li>\n<li data-sourcepos=\"21:1-21:89\"><strong>Materiale:<\/strong> Rustfrit st\u00e5l er et popul\u00e6rt valg, fordi det er holdbart og nemt at reng\u00f8re.<\/li>\n<li data-sourcepos=\"22:1-22:78\"><strong>St\u00f8rrelse:<\/strong> V\u00e6lg en st\u00f8rrelse, der passer til dit k\u00f8kkens indretning og den plads, du har til r\u00e5dighed.<\/li>\n<li data-sourcepos=\"23:1-24:0\"><strong>Stil:<\/strong> V\u00e6lg en stil, der passer til dit k\u00f8kkens overordnede design.<\/li>\n<\/ul>\n<p data-sourcepos=\"25:1-25:136\">Ved n\u00f8je at overveje disse faktorer kan du v\u00e6lge den perfekte dybe k\u00f8kkenvask til at h\u00f8jne dit k\u00f8kkens funktionalitet og stil.<\/p>","protected":false},"excerpt":{"rendered":"<p>Samlet st\u00f8rrelse: 31*20*9 tommer\/810*510*220 mm<\/p>\n<p>Sk\u00e5lst\u00f8rrelse: 350*398\/350*398 mm<\/p>\n<p>Udsk\u00e6ringsst\u00f8rrelse: 767*488 mm<\/p>\n<p>Radian Corner : R10<\/p>","protected":false},"featured_media":2412,"template":"","meta":[],"product_brand":[],"product_cat":[53],"product_tag":[],"class_list":{"0":"post-2411","1":"product","2":"type-product","3":"status-publish","4":"has-post-thumbnail","6":"product_cat-topmount-sink-1","8":"first","9":"instock","10":"shipping-taxable","11":"product-type-simple"},"_links":{"self":[{"href":"https:\/\/sinkwithfaucet.com\/da\/wp-json\/wp\/v2\/product\/2411","targetHints":{"allow":["GET"]}}],"collection":[{"href":"https:\/\/sinkwithfaucet.com\/da\/wp-json\/wp\/v2\/product"}],"about":[{"href":"https:\/\/sinkwithfaucet.com\/da\/wp-json\/wp\/v2\/types\/product"}],"wp:featuredmedia":[{"embeddable":true,"href":"https:\/\/sinkwithfaucet.com\/da\/wp-json\/wp\/v2\/media\/2412"}],"wp:attachment":[{"href":"https:\/\/sinkwithfaucet.com\/da\/wp-json\/wp\/v2\/media?parent=2411"}],"wp:term":[{"taxonomy":"product_brand","embeddable":true,"href":"https:\/\/sinkwithfaucet.com\/da\/wp-json\/wp\/v2\/product_brand?post=2411"},{"taxonomy":"product_cat","embeddable":true,"href":"https:\/\/sinkwithfaucet.com\/da\/wp-json\/wp\/v2\/product_cat?post=2411"},{"taxonomy":"product_tag","embeddable":true,"href":"https:\/\/sinkwithfaucet.com\/da\/wp-json\/wp\/v2\/product_tag?post=2411"}],"curies":[{"name":"wp","href":"https:\/\/api.w.org\/{rel}","templated":true}]}}