{"id":2407,"date":"2024-11-04T02:52:17","date_gmt":"2024-11-04T02:52:17","guid":{"rendered":"https:\/\/sinkwithfaucet.com\/?post_type=product&#038;p=2407"},"modified":"2024-11-04T02:52:17","modified_gmt":"2024-11-04T02:52:17","slug":"top-mount-kitchen-sink-1200sdo","status":"publish","type":"product","link":"https:\/\/sinkwithfaucet.com\/da\/top-mount-kitchen-sink-1200sdo\/","title":{"rendered":"Topmonteret k\u00f8kkenvask 1200SDO"},"content":{"rendered":"<h2 data-sourcepos=\"1:1-1:44\">Topmonterede k\u00f8kkenvaske: Et klassisk valg<\/h2>\n<p data-sourcepos=\"3:1-3:206\">Topmonterede k\u00f8kkenvaske, ogs\u00e5 kendt som drop-in-vaske, er en klassisk og alsidig l\u00f8sning til mange k\u00f8kkener. De installeres oven p\u00e5 bordpladen, hvilket giver et traditionelt look, der er nemt at installere.<\/p>\n<p data-sourcepos=\"5:1-5:44\"><strong>Vigtige funktioner:<\/strong><\/p>\n<ul data-sourcepos=\"7:1-11:0\">\n<li data-sourcepos=\"7:1-7:70\"><strong>Nem installation:<\/strong> Enkel at installere p\u00e5 ethvert bordplademateriale.<\/li>\n<li data-sourcepos=\"8:1-8:112\"><strong>Bredt udvalg af stilarter:<\/strong> F\u00e5s i forskellige former, st\u00f8rrelser og materialer, der passer til forskellige k\u00f8kkendesigns.<\/li>\n<li data-sourcepos=\"9:1-9:127\"><strong>Holdbar og hygiejnisk:<\/strong> Fremstillet af materialer som rustfrit st\u00e5l, keramik eller komposit, hvilket sikrer en lang levetid.<\/li>\n<li data-sourcepos=\"10:1-11:0\"><strong>Omkostningseffektivt:<\/strong> Ofte billigere end underlimet vask.<\/li>\n<\/ul>\n<p data-sourcepos=\"12:1-12:37\"><strong>Typer af topmonterede k\u00f8kkenvaske:<\/strong><\/p>\n<ul data-sourcepos=\"14:1-18:0\">\n<li data-sourcepos=\"14:1-14:57\"><strong>Enkelt sk\u00e5l:<\/strong> Et enkelt, stort bassin til almindelig brug.<\/li>\n<li data-sourcepos=\"15:1-15:56\"><strong>Dobbelt sk\u00e5l:<\/strong> To separate h\u00e5ndvaske til multitasking.<\/li>\n<li data-sourcepos=\"16:1-16:92\"><strong>Triple Bowl:<\/strong> Tre h\u00e5ndvaske for ekstra funktionalitet, som man ofte finder i stork\u00f8kkener.<\/li>\n<li data-sourcepos=\"17:1-18:0\"><strong>Bondeg\u00e5rdsvask:<\/strong> En stor, dyb vask med forkl\u00e6defront, som giver et rustikt og traditionelt look.<\/li>\n<\/ul>\n<p data-sourcepos=\"19:1-19:75\"><strong>N\u00e5r du v\u00e6lger en topmonteret k\u00f8kkenvask, skal du overveje f\u00f8lgende faktorer:<\/strong><\/p>\n<ul data-sourcepos=\"21:1-25:0\">\n<li data-sourcepos=\"21:1-21:70\"><strong>St\u00f8rrelse:<\/strong> S\u00f8rg for, at vasken passer til din bordplade og opfylder dine behov.<\/li>\n<li data-sourcepos=\"22:1-22:98\"><strong>Materiale:<\/strong> V\u00e6lg et holdbart materiale, der er let at reng\u00f8re, f.eks. rustfrit st\u00e5l eller komposit.<\/li>\n<li data-sourcepos=\"23:1-23:75\"><strong>Stil:<\/strong> V\u00e6lg en stil, der passer til dit k\u00f8kkens overordnede design.<\/li>\n<li data-sourcepos=\"24:1-25:0\"><strong>Installation:<\/strong> S\u00f8rg for korrekt installation for at forhindre l\u00e6kager og skader.<\/li>\n<\/ul>\n<p data-sourcepos=\"26:1-26:141\">Ved n\u00f8je at overveje disse faktorer kan du v\u00e6lge den perfekte topmonterede k\u00f8kkenvask til at forbedre dit k\u00f8kkens funktionalitet og stil.<\/p>","protected":false},"excerpt":{"rendered":"<p>Samlet st\u00f8rrelse: 1200*510*220 mm<\/p>\n<p>Sk\u00e5lst\u00f8rrelse: 440*400 mm<\/p>\n<p>Udsk\u00e6ringsst\u00f8rrelse: 1175*485 mm<\/p>\n<p>Radian Corner : R10<\/p>","protected":false},"featured_media":2408,"template":"","meta":[],"product_brand":[],"product_cat":[53],"product_tag":[],"class_list":{"0":"post-2407","1":"product","2":"type-product","3":"status-publish","4":"has-post-thumbnail","6":"product_cat-topmount-sink-1","8":"first","9":"instock","10":"shipping-taxable","11":"product-type-simple"},"_links":{"self":[{"href":"https:\/\/sinkwithfaucet.com\/da\/wp-json\/wp\/v2\/product\/2407","targetHints":{"allow":["GET"]}}],"collection":[{"href":"https:\/\/sinkwithfaucet.com\/da\/wp-json\/wp\/v2\/product"}],"about":[{"href":"https:\/\/sinkwithfaucet.com\/da\/wp-json\/wp\/v2\/types\/product"}],"wp:featuredmedia":[{"embeddable":true,"href":"https:\/\/sinkwithfaucet.com\/da\/wp-json\/wp\/v2\/media\/2408"}],"wp:attachment":[{"href":"https:\/\/sinkwithfaucet.com\/da\/wp-json\/wp\/v2\/media?parent=2407"}],"wp:term":[{"taxonomy":"product_brand","embeddable":true,"href":"https:\/\/sinkwithfaucet.com\/da\/wp-json\/wp\/v2\/product_brand?post=2407"},{"taxonomy":"product_cat","embeddable":true,"href":"https:\/\/sinkwithfaucet.com\/da\/wp-json\/wp\/v2\/product_cat?post=2407"},{"taxonomy":"product_tag","embeddable":true,"href":"https:\/\/sinkwithfaucet.com\/da\/wp-json\/wp\/v2\/product_tag?post=2407"}],"curies":[{"name":"wp","href":"https:\/\/api.w.org\/{rel}","templated":true}]}}