{"id":2405,"date":"2024-11-04T02:44:36","date_gmt":"2024-11-04T02:44:36","guid":{"rendered":"https:\/\/sinkwithfaucet.com\/?post_type=product&#038;p=2405"},"modified":"2024-11-04T02:45:56","modified_gmt":"2024-11-04T02:45:56","slug":"above-counter-sink-8151sdo","status":"publish","type":"product","link":"https:\/\/sinkwithfaucet.com\/da\/above-counter-sink-8151sdo\/","title":{"rendered":"H\u00e5ndvask over k\u00f8kkenbordet 8151SDO"},"content":{"rendered":"<h2 data-sourcepos=\"1:1-1:51\">H\u00e5ndvaske over k\u00f8kkenbordet: Et stilfuldt og moderne valg<\/h2>\n<p data-sourcepos=\"3:1-3:194\"><strong>H\u00e5ndvaske over disken<\/strong>Vaskesk\u00e5le, ogs\u00e5 kendt som karvaske, er et popul\u00e6rt valg til b\u00e5de badev\u00e6relses- og k\u00f8kkendesign. De sidder oven p\u00e5 bordpladen og skaber et unikt og i\u00f8jnefaldende fokuspunkt.<\/p>\n<p data-sourcepos=\"5:1-5:40\"><strong>N\u00f8glefunktioner ved vaske over bord:<\/strong><\/p>\n<ul data-sourcepos=\"7:1-11:0\">\n<li data-sourcepos=\"7:1-7:88\"><strong>Stilfuldt design:<\/strong> F\u00e5s i en bred vifte af stilarter, fra klassisk til moderne.<\/li>\n<li data-sourcepos=\"8:1-8:78\"><strong>Nem installation:<\/strong> Nem at installere oven p\u00e5 din eksisterende bordplade.<\/li>\n<li data-sourcepos=\"9:1-9:72\"><strong>Forskellige materialer:<\/strong> V\u00e6lg mellem keramik, glas, sten eller metal.<\/li>\n<li data-sourcepos=\"10:1-11:0\"><strong>Tilpasning:<\/strong> Kan tilpasses, s\u00e5 den passer til dine specifikke behov og pr\u00e6ferencer.<\/li>\n<\/ul>\n<p data-sourcepos=\"12:1-12:55\"><strong>Overvejelser, n\u00e5r du v\u00e6lger en vask over k\u00f8kkenbordet:<\/strong><\/p>\n<ul data-sourcepos=\"14:1-18:0\">\n<li data-sourcepos=\"14:1-14:144\"><strong>St\u00f8rrelse og form:<\/strong> Overvej vaskens st\u00f8rrelse og form for at sikre, at den passer til din bordplade og komplementerer dit badev\u00e6relses- eller k\u00f8kkendesign.<\/li>\n<li data-sourcepos=\"15:1-15:82\"><strong>Materiale:<\/strong> V\u00e6lg et slidst\u00e6rkt og reng\u00f8ringsvenligt materiale, der passer til din stil.<\/li>\n<li data-sourcepos=\"16:1-16:87\"><strong>Vandhane:<\/strong> V\u00e6lg en vandhane, der passer til vaskens h\u00f8jde og stil.<\/li>\n<li data-sourcepos=\"17:1-18:0\"><strong>Installation:<\/strong> S\u00f8rg for korrekt installation for at forhindre vandskader og sikre optimal funktionalitet.<\/li>\n<\/ul>\n<p data-sourcepos=\"19:1-19:143\"><strong>Ved n\u00f8je at overveje disse faktorer kan du v\u00e6lge den perfekte vask over bordpladen til at h\u00f8jne stilen og funktionaliteten i dit rum.<\/strong><\/p>","protected":false},"excerpt":{"rendered":"<p>Samlet st\u00f8rrelse: 810*510*220 mm<\/p>\n<p>Sk\u00e5lst\u00f8rrelse: 400*400 mm<\/p>\n<p>Udsk\u00e6ringsst\u00f8rrelse: 785*485 mm<\/p>\n<p>Radian Corner : R10<\/p>","protected":false},"featured_media":2406,"template":"","meta":[],"product_brand":[],"product_cat":[53],"product_tag":[],"class_list":{"0":"post-2405","1":"product","2":"type-product","3":"status-publish","4":"has-post-thumbnail","6":"product_cat-topmount-sink-1","8":"first","9":"instock","10":"shipping-taxable","11":"product-type-simple"},"_links":{"self":[{"href":"https:\/\/sinkwithfaucet.com\/da\/wp-json\/wp\/v2\/product\/2405","targetHints":{"allow":["GET"]}}],"collection":[{"href":"https:\/\/sinkwithfaucet.com\/da\/wp-json\/wp\/v2\/product"}],"about":[{"href":"https:\/\/sinkwithfaucet.com\/da\/wp-json\/wp\/v2\/types\/product"}],"wp:featuredmedia":[{"embeddable":true,"href":"https:\/\/sinkwithfaucet.com\/da\/wp-json\/wp\/v2\/media\/2406"}],"wp:attachment":[{"href":"https:\/\/sinkwithfaucet.com\/da\/wp-json\/wp\/v2\/media?parent=2405"}],"wp:term":[{"taxonomy":"product_brand","embeddable":true,"href":"https:\/\/sinkwithfaucet.com\/da\/wp-json\/wp\/v2\/product_brand?post=2405"},{"taxonomy":"product_cat","embeddable":true,"href":"https:\/\/sinkwithfaucet.com\/da\/wp-json\/wp\/v2\/product_cat?post=2405"},{"taxonomy":"product_tag","embeddable":true,"href":"https:\/\/sinkwithfaucet.com\/da\/wp-json\/wp\/v2\/product_tag?post=2405"}],"curies":[{"name":"wp","href":"https:\/\/api.w.org\/{rel}","templated":true}]}}