{"id":2403,"date":"2024-11-04T02:39:18","date_gmt":"2024-11-04T02:39:18","guid":{"rendered":"https:\/\/sinkwithfaucet.com\/?post_type=product&#038;p=2403"},"modified":"2024-11-04T02:39:18","modified_gmt":"2024-11-04T02:39:18","slug":"black-stainless-steel-kitchen-sink-7843","status":"publish","type":"product","link":"https:\/\/sinkwithfaucet.com\/da\/black-stainless-steel-kitchen-sink-7843\/","title":{"rendered":"Sort k\u00f8kkenvask i rustfrit st\u00e5l 7843"},"content":{"rendered":"<h2 data-sourcepos=\"1:1-1:57\">Sorte k\u00f8kkenvaske i rustfrit st\u00e5l: Et moderne og elegant valg<\/h2>\n<p data-sourcepos=\"3:1-3:231\">K\u00f8kkenvaske i sort rustfrit st\u00e5l er blevet mere og mere popul\u00e6re i de senere \u00e5r og tilbyder et stilfuldt og moderne alternativ til traditionelt rustfrit st\u00e5l. Denne unikke finish tilf\u00f8jer et strejf af raffinement og elegance til ethvert k\u00f8kken.<\/p>\n<p data-sourcepos=\"5:1-5:48\"><strong>N\u00f8glefunktioner ved sorte h\u00e5ndvaske i rustfrit st\u00e5l:<\/strong><\/p>\n<ul data-sourcepos=\"7:1-11:0\">\n<li data-sourcepos=\"7:1-7:93\"><strong>Moderne \u00e6stetik:<\/strong> Den m\u00f8rke, slanke finish skaber et moderne og sofistikeret look.<\/li>\n<li data-sourcepos=\"8:1-8:92\"><strong>Holdbarhed:<\/strong> Fremstillet af rustfrit st\u00e5l af h\u00f8j kvalitet, hvilket sikrer en lang levetid.<\/li>\n<li data-sourcepos=\"9:1-9:113\"><strong>Modstandsdygtig over for fingeraftryk:<\/strong> S\u00e6rlige bel\u00e6gninger hj\u00e6lper med at minimere fingeraftryk og pletter, hvilket g\u00f8r reng\u00f8ringen lettere.<\/li>\n<li data-sourcepos=\"10:1-11:0\"><strong>Forskellige stilarter:<\/strong> F\u00e5s i forskellige stilarter, herunder undermonterede, topmonterede og bondehusvaske.<\/li>\n<\/ul>\n<p data-sourcepos=\"12:1-12:62\"><strong>Overvejelser, n\u00e5r du v\u00e6lger en sort vask i rustfrit st\u00e5l:<\/strong><\/p>\n<ul data-sourcepos=\"14:1-18:0\">\n<li data-sourcepos=\"14:1-14:120\"><strong>F\u00e6rdig:<\/strong> V\u00e6lg en finish, der passer til dit k\u00f8kkens overordnede stil, f.eks. matsort eller b\u00f8rstet sort st\u00e5l.<\/li>\n<li data-sourcepos=\"15:1-15:75\"><strong>St\u00f8rrelse:<\/strong> V\u00e6lg en st\u00f8rrelse, der passer til dine specifikke behov og k\u00f8kkenets indretning.<\/li>\n<li data-sourcepos=\"16:1-16:91\"><strong>Installation:<\/strong> Overvej installationsmetoden, om det er under- eller overmontering.<\/li>\n<li data-sourcepos=\"17:1-18:0\"><strong>Vedligeholdelse:<\/strong> Sort rustfrit st\u00e5l er holdbart, men det er vigtigt med regelm\u00e6ssig reng\u00f8ring for at bevare udseendet.<\/li>\n<\/ul>\n<p data-sourcepos=\"19:1-19:149\">Ved n\u00f8je at overveje disse faktorer kan du v\u00e6lge den perfekte sorte vask i rustfrit st\u00e5l til at l\u00f8fte stilen og funktionaliteten i dit k\u00f8kken.<\/p>","protected":false},"excerpt":{"rendered":"<p>Samlet st\u00f8rrelse: 780*430*220 mm<\/p>\n<p>Sk\u00e5lst\u00f8rrelse: 740*381 mm<\/p>\n<p>Udsk\u00e6ringsst\u00f8rrelse: 740*381 mm<\/p>\n<p>Radian Corner : R10<\/p>","protected":false},"featured_media":2404,"template":"","meta":[],"product_brand":[],"product_cat":[52],"product_tag":[],"class_list":{"0":"post-2403","1":"product","2":"type-product","3":"status-publish","4":"has-post-thumbnail","6":"product_cat-undermount-sink-1","8":"first","9":"instock","10":"shipping-taxable","11":"product-type-simple"},"_links":{"self":[{"href":"https:\/\/sinkwithfaucet.com\/da\/wp-json\/wp\/v2\/product\/2403","targetHints":{"allow":["GET"]}}],"collection":[{"href":"https:\/\/sinkwithfaucet.com\/da\/wp-json\/wp\/v2\/product"}],"about":[{"href":"https:\/\/sinkwithfaucet.com\/da\/wp-json\/wp\/v2\/types\/product"}],"wp:featuredmedia":[{"embeddable":true,"href":"https:\/\/sinkwithfaucet.com\/da\/wp-json\/wp\/v2\/media\/2404"}],"wp:attachment":[{"href":"https:\/\/sinkwithfaucet.com\/da\/wp-json\/wp\/v2\/media?parent=2403"}],"wp:term":[{"taxonomy":"product_brand","embeddable":true,"href":"https:\/\/sinkwithfaucet.com\/da\/wp-json\/wp\/v2\/product_brand?post=2403"},{"taxonomy":"product_cat","embeddable":true,"href":"https:\/\/sinkwithfaucet.com\/da\/wp-json\/wp\/v2\/product_cat?post=2403"},{"taxonomy":"product_tag","embeddable":true,"href":"https:\/\/sinkwithfaucet.com\/da\/wp-json\/wp\/v2\/product_tag?post=2403"}],"curies":[{"name":"wp","href":"https:\/\/api.w.org\/{rel}","templated":true}]}}