{"id":2401,"date":"2024-11-04T02:18:10","date_gmt":"2024-11-04T02:18:10","guid":{"rendered":"https:\/\/sinkwithfaucet.com\/?post_type=product&#038;p=2401"},"modified":"2024-11-04T02:18:10","modified_gmt":"2024-11-04T02:18:10","slug":"flat-sink-8348dr","status":"publish","type":"product","link":"https:\/\/sinkwithfaucet.com\/da\/flat-sink-8348dr\/","title":{"rendered":"Flad h\u00e5ndvask 8348DR"},"content":{"rendered":"<h2 data-sourcepos=\"1:1-1:45\">Flade h\u00e5ndvaske: Et minimalistisk og moderne valg<\/h2>\n<p data-sourcepos=\"3:1-3:191\">Flade h\u00e5ndvaske er et minimalistisk og moderne designvalg til k\u00f8kkener og badev\u00e6relser. De har et fladt, uhindret bassin, der ofte er lavet af materialer som rustfrit st\u00e5l eller keramik.<\/p>\n<p data-sourcepos=\"5:1-5:31\"><strong>Vigtige funktioner:<\/strong><\/p>\n<ul data-sourcepos=\"7:1-11:0\">\n<li data-sourcepos=\"7:1-7:83\"><strong>Minimalistisk \u00e6stetik:<\/strong> Det rene, flade design skaber et slankt og moderne look.<\/li>\n<li data-sourcepos=\"8:1-8:96\"><strong>Let at reng\u00f8re:<\/strong> Den glatte overflade er nem at t\u00f8rre af og reducerer ophobningen af bakterier.<\/li>\n<li data-sourcepos=\"9:1-9:61\"><strong>Pladsbesparende:<\/strong> Kompakt design kan optimere sm\u00e5 rum.<\/li>\n<li data-sourcepos=\"10:1-11:0\"><strong>Unik stil:<\/strong> Tilf\u00f8jer et karakteristisk pr\u00e6g til dit badev\u00e6relse eller k\u00f8kken.<\/li>\n<\/ul>\n<p data-sourcepos=\"12:1-12:45\"><strong>Overvejelser, n\u00e5r du v\u00e6lger en flad vask:<\/strong><\/p>\n<ul data-sourcepos=\"14:1-18:0\">\n<li data-sourcepos=\"14:1-14:79\"><strong>Dr\u00e6ning:<\/strong> S\u00f8rg for, at vasken har tilstr\u00e6kkeligt afl\u00f8b til at forhindre ophobning af vand.<\/li>\n<li data-sourcepos=\"15:1-15:92\"><strong>Materiale:<\/strong> V\u00e6lg et holdbart og reng\u00f8ringsvenligt materiale som rustfrit st\u00e5l eller keramik.<\/li>\n<li data-sourcepos=\"16:1-16:89\"><strong>Installation:<\/strong> Overvej installationsmetoden, om det er undermontering eller drop-in.<\/li>\n<li data-sourcepos=\"17:1-18:0\"><strong>Vandhane:<\/strong> V\u00e6lg en vandhane, der passer til vaskens minimalistiske design.<\/li>\n<\/ul>","protected":false},"excerpt":{"rendered":"<p>Samlet st\u00f8rrelse: 33*19*10\/838*483*254 mm<\/p>\n<p>Sk\u00e5lst\u00f8rrelse: 381*397\/381*397 mm<\/p>\n<p>Udsk\u00e6ringsst\u00f8rrelse: 788*433 mm<\/p>\n<p>Radian Corner : R10<\/p>","protected":false},"featured_media":2402,"template":"","meta":[],"product_brand":[],"product_cat":[52],"product_tag":[],"class_list":{"0":"post-2401","1":"product","2":"type-product","3":"status-publish","4":"has-post-thumbnail","6":"product_cat-undermount-sink-1","8":"first","9":"instock","10":"shipping-taxable","11":"product-type-simple"},"_links":{"self":[{"href":"https:\/\/sinkwithfaucet.com\/da\/wp-json\/wp\/v2\/product\/2401","targetHints":{"allow":["GET"]}}],"collection":[{"href":"https:\/\/sinkwithfaucet.com\/da\/wp-json\/wp\/v2\/product"}],"about":[{"href":"https:\/\/sinkwithfaucet.com\/da\/wp-json\/wp\/v2\/types\/product"}],"wp:featuredmedia":[{"embeddable":true,"href":"https:\/\/sinkwithfaucet.com\/da\/wp-json\/wp\/v2\/media\/2402"}],"wp:attachment":[{"href":"https:\/\/sinkwithfaucet.com\/da\/wp-json\/wp\/v2\/media?parent=2401"}],"wp:term":[{"taxonomy":"product_brand","embeddable":true,"href":"https:\/\/sinkwithfaucet.com\/da\/wp-json\/wp\/v2\/product_brand?post=2401"},{"taxonomy":"product_cat","embeddable":true,"href":"https:\/\/sinkwithfaucet.com\/da\/wp-json\/wp\/v2\/product_cat?post=2401"},{"taxonomy":"product_tag","embeddable":true,"href":"https:\/\/sinkwithfaucet.com\/da\/wp-json\/wp\/v2\/product_tag?post=2401"}],"curies":[{"name":"wp","href":"https:\/\/api.w.org\/{rel}","templated":true}]}}